{"id":1047,"date":"2025-06-02T19:08:18","date_gmt":"2025-06-02T17:08:18","guid":{"rendered":"https:\/\/euqini-mod.com\/?page_id=1047"},"modified":"2025-10-05T00:05:53","modified_gmt":"2025-10-04T22:05:53","slug":"nos-evenements","status":"publish","type":"page","link":"https:\/\/euqini-mod.com\/index.php\/nos-evenements\/","title":{"rendered":"NOS EVENEMENTS"},"content":{"rendered":"\n<p class=\"has-large-font-size\">Retrouvez nos prochaines dates et salons pour l&rsquo;ann\u00e9e 2025 o\u00f9 nous serons ravis de vous revoir !<\/p>\n\n\n\n<div style=\"height:100px\" aria-hidden=\"true\" class=\"wp-block-spacer\"><\/div>\n\n\n\n<script src=\"https:\/\/cdn.logwork.com\/widget\/countdown.js\"><\/script>\n<a href=\"https:\/\/logwork.com\/countdown-timer\" class=\"countdown-timer\" data-timezone=\"Europe\/Paris\" data-language=\"fr\" data-date=\"2025-07-20 10:00\">SALON DE NIEDERBRONN LES BAINS DANS: <\/a>\n\n\n\n<ul class=\"wp-block-list\">\n<li>Le dimanche 20 Juillet 2025 \u00e0 NIEDERBRONN LES BAINS pour le festival de l&rsquo;artisanat \u00e0 partir de 10h00, cliquer sur la photo ci-dessous pour en conna\u00eetre d&rsquo;avantage !<\/li>\n<\/ul>\n\n\n<div class=\"wp-block-image\">\n<figure class=\"aligncenter size-large\"><a href=\"https:\/\/www.visit.alsace\/219001841-grand-festival-de-lartisanat\/\"><img loading=\"lazy\" decoding=\"async\" width=\"1024\" height=\"1024\" src=\"https:\/\/euqini-mod.com\/wp-content\/uploads\/2025\/07\/Visuel-retrouvez-moi-au-festival-de-lartisanat-Facebook-et-Instagram1-1024x1024.png\" alt=\"\" class=\"wp-image-1293\" srcset=\"https:\/\/euqini-mod.com\/wp-content\/uploads\/2025\/07\/Visuel-retrouvez-moi-au-festival-de-lartisanat-Facebook-et-Instagram1-1024x1024.png 1024w, https:\/\/euqini-mod.com\/wp-content\/uploads\/2025\/07\/Visuel-retrouvez-moi-au-festival-de-lartisanat-Facebook-et-Instagram1-300x300.png 300w, https:\/\/euqini-mod.com\/wp-content\/uploads\/2025\/07\/Visuel-retrouvez-moi-au-festival-de-lartisanat-Facebook-et-Instagram1-150x150.png 150w, https:\/\/euqini-mod.com\/wp-content\/uploads\/2025\/07\/Visuel-retrouvez-moi-au-festival-de-lartisanat-Facebook-et-Instagram1-768x768.png 768w, https:\/\/euqini-mod.com\/wp-content\/uploads\/2025\/07\/Visuel-retrouvez-moi-au-festival-de-lartisanat-Facebook-et-Instagram1-600x600.png 600w, https:\/\/euqini-mod.com\/wp-content\/uploads\/2025\/07\/Visuel-retrouvez-moi-au-festival-de-lartisanat-Facebook-et-Instagram1-100x100.png 100w, https:\/\/euqini-mod.com\/wp-content\/uploads\/2025\/07\/Visuel-retrouvez-moi-au-festival-de-lartisanat-Facebook-et-Instagram1.png 1080w\" sizes=\"auto, (max-width: 1024px) 100vw, 1024px\" \/><\/a><\/figure><\/div>\n\n\n<div style=\"height:100px\" aria-hidden=\"true\" class=\"wp-block-spacer\"><\/div>\n\n\n\n<script src=\"https:\/\/cdn.logwork.com\/widget\/countdown.js\"><\/script>\n<a href=\"https:\/\/logwork.com\/countdown-timer\" class=\"countdown-timer\" data-timezone=\"Europe\/Paris\" data-language=\"fr\" data-date=\"2025-09-18 09:00\">SALON DE SAINTE MARIE AUX MINES DANS: <\/a>\n\n\n\n<ul class=\"wp-block-list\">\n<li>Du 18 au 21 Septembre 2025 au SPL Ev\u00e9nementiel en Val d\u2019Argent \u00e0 Sainte-Marie-aux-Mines pour le salon du Carrefour Europ\u00e9en du Patchwork  \u00e0 partir de 9h00, cliquer sur la photo ci-dessous pour en conna\u00eetre d&rsquo;avantage !<\/li>\n<\/ul>\n\n\n<div class=\"wp-block-image\">\n<figure class=\"aligncenter size-full\"><a href=\"https:\/\/www.patchwork-europe.eu\/infos-pratiques\/\"><img loading=\"lazy\" decoding=\"async\" width=\"474\" height=\"147\" src=\"https:\/\/euqini-mod.com\/wp-content\/uploads\/2025\/06\/Carrefour-europeen.jpeg\" alt=\"\" class=\"wp-image-1199\" srcset=\"https:\/\/euqini-mod.com\/wp-content\/uploads\/2025\/06\/Carrefour-europeen.jpeg 474w, https:\/\/euqini-mod.com\/wp-content\/uploads\/2025\/06\/Carrefour-europeen-300x93.jpeg 300w\" sizes=\"auto, (max-width: 474px) 100vw, 474px\" \/><\/a><\/figure><\/div>\n\n\n<div style=\"height:100px\" aria-hidden=\"true\" class=\"wp-block-spacer\"><\/div>\n\n\n\n<script src=\"https:\/\/cdn.logwork.com\/widget\/countdown.js\"><\/script>\n<a href=\"https:\/\/logwork.com\/countdown-timer\" class=\"countdown-timer\" data-timezone=\"Europe\/Paris\" data-language=\"fr\" data-date=\"2025-10-02 10:00\">SALON DE GEN\u00c8VE (SUISSE) DANS: <\/a>\n\n\n\n<ul class=\"wp-block-list\">\n<li>Du 2 au 5 Octobre 2025 au Chateau de Coppet \u00e0 GEN\u00c8VE en Suisse pour le salon Mode Art D\u00e9co cliquer sur la photo ci-dessous pour en conna\u00eetre d&rsquo;avantage sur les horaires !<\/li>\n<\/ul>\n\n\n<div class=\"wp-block-image\">\n<figure class=\"aligncenter size-large\"><a href=\"https:\/\/unicrea.ch\/visiteurs\/\"><img loading=\"lazy\" decoding=\"async\" width=\"722\" height=\"1024\" src=\"https:\/\/euqini-mod.com\/wp-content\/uploads\/2025\/07\/thumbnail_thumbnail_Salon-UNIcrea-37e-Octobre-2025-722x1024.jpg\" alt=\"\" class=\"wp-image-1296\" srcset=\"https:\/\/euqini-mod.com\/wp-content\/uploads\/2025\/07\/thumbnail_thumbnail_Salon-UNIcrea-37e-Octobre-2025-722x1024.jpg 722w, https:\/\/euqini-mod.com\/wp-content\/uploads\/2025\/07\/thumbnail_thumbnail_Salon-UNIcrea-37e-Octobre-2025-211x300.jpg 211w, https:\/\/euqini-mod.com\/wp-content\/uploads\/2025\/07\/thumbnail_thumbnail_Salon-UNIcrea-37e-Octobre-2025-768x1090.jpg 768w, https:\/\/euqini-mod.com\/wp-content\/uploads\/2025\/07\/thumbnail_thumbnail_Salon-UNIcrea-37e-Octobre-2025-600x851.jpg 600w, https:\/\/euqini-mod.com\/wp-content\/uploads\/2025\/07\/thumbnail_thumbnail_Salon-UNIcrea-37e-Octobre-2025.jpg 874w\" sizes=\"auto, (max-width: 722px) 100vw, 722px\" \/><\/a><\/figure><\/div>\n\n\n<div style=\"height:100px\" aria-hidden=\"true\" class=\"wp-block-spacer\"><\/div>\n\n\n\n<script src=\"https:\/\/cdn.logwork.com\/widget\/countdown.js\"><\/script>\n<a href=\"https:\/\/logwork.com\/countdown-timer\" class=\"countdown-timer\" data-timezone=\"Europe\/Paris\" data-language=\"fr\" data-date=\"2025-10-19 09:00\">SALON DE MULHOUSE DANS: <\/a>\n\n\n\n<ul class=\"wp-block-list\">\n<li>Le 19 Octobre 2025 au parc de exposition de Mulhouse pour le salon des collectionneurs \u00e0 partir de 9h00, cliquer sur la photo ci-dessous pour en conna\u00eetre d&rsquo;avantage !<\/li>\n<\/ul>\n\n\n<div class=\"wp-block-image\">\n<figure class=\"aligncenter size-full\"><a href=\"https:\/\/www.parcexpo.fr\/pe_page.php?pg=_PAGE_AGENDA_EVENT&amp;id=68\"><img loading=\"lazy\" decoding=\"async\" width=\"320\" height=\"224\" src=\"https:\/\/euqini-mod.com\/wp-content\/uploads\/2025\/06\/Collectionneurs-oct25-bd.jpg\" alt=\"\" class=\"wp-image-1150\" srcset=\"https:\/\/euqini-mod.com\/wp-content\/uploads\/2025\/06\/Collectionneurs-oct25-bd.jpg 320w, https:\/\/euqini-mod.com\/wp-content\/uploads\/2025\/06\/Collectionneurs-oct25-bd-300x210.jpg 300w\" sizes=\"auto, (max-width: 320px) 100vw, 320px\" \/><\/a><\/figure><\/div>\n\n\n<div style=\"height:100px\" aria-hidden=\"true\" class=\"wp-block-spacer\"><\/div>\n\n\n\n<script src=\"https:\/\/cdn.logwork.com\/widget\/countdown.js\"><\/script>\n<a href=\"https:\/\/logwork.com\/countdown-timer\" class=\"countdown-timer\" data-timezone=\"Europe\/Paris\" data-language=\"fr\" data-date=\"2025-11-06 09:00\">SALON DE CHICOUTIMI (CANADA) DANS: <\/a>\n\n\n\n<ul class=\"wp-block-list\">\n<li>Du 06 au 09 Novembre 2025 \u00e0 l&rsquo;h\u00f4tel de la Saguen\u00e9enne \u00e0 Chicoutimi pour le salon des m\u00e9tiers d&rsquo;arts du Saguenay-Lac-Saint-Jean \u00e0 partir de 9h00, cliquer sur la photo ci-dessous pour en conna\u00eetre d&rsquo;avantage !<\/li>\n<\/ul>\n\n\n\n<figure class=\"wp-block-image size-full\"><a href=\"https:\/\/metiersdartsaglac.com\/\"><img loading=\"lazy\" decoding=\"async\" width=\"1397\" height=\"2000\" src=\"https:\/\/euqini-mod.com\/wp-content\/uploads\/2025\/10\/Affiche-Salon-2025-12.75-x-18.25-po.jpeg\" alt=\"\" class=\"wp-image-1772\" srcset=\"https:\/\/euqini-mod.com\/wp-content\/uploads\/2025\/10\/Affiche-Salon-2025-12.75-x-18.25-po.jpeg 1397w, https:\/\/euqini-mod.com\/wp-content\/uploads\/2025\/10\/Affiche-Salon-2025-12.75-x-18.25-po-210x300.jpeg 210w, https:\/\/euqini-mod.com\/wp-content\/uploads\/2025\/10\/Affiche-Salon-2025-12.75-x-18.25-po-715x1024.jpeg 715w, https:\/\/euqini-mod.com\/wp-content\/uploads\/2025\/10\/Affiche-Salon-2025-12.75-x-18.25-po-768x1099.jpeg 768w, https:\/\/euqini-mod.com\/wp-content\/uploads\/2025\/10\/Affiche-Salon-2025-12.75-x-18.25-po-1073x1536.jpeg 1073w, https:\/\/euqini-mod.com\/wp-content\/uploads\/2025\/10\/Affiche-Salon-2025-12.75-x-18.25-po-600x859.jpeg 600w\" sizes=\"auto, (max-width: 1397px) 100vw, 1397px\" \/><\/a><\/figure>\n\n\n\n<div style=\"height:100px\" aria-hidden=\"true\" class=\"wp-block-spacer\"><\/div>\n\n\n<div class=\"wp-block-image\">\n<figure class=\"aligncenter size-large\"><img loading=\"lazy\" decoding=\"async\" width=\"1024\" height=\"237\" src=\"http:\/\/euqini-mod.com\/wp-content\/uploads\/2025\/03\/61958ded-9722-4c25-aa0f-32d6e3822a34-edited-1024x237.jpg\" alt=\"\" class=\"wp-image-394\" srcset=\"https:\/\/euqini-mod.com\/wp-content\/uploads\/2025\/03\/61958ded-9722-4c25-aa0f-32d6e3822a34-edited-1024x237.jpg 1024w, https:\/\/euqini-mod.com\/wp-content\/uploads\/2025\/03\/61958ded-9722-4c25-aa0f-32d6e3822a34-edited-600x139.jpg 600w, https:\/\/euqini-mod.com\/wp-content\/uploads\/2025\/03\/61958ded-9722-4c25-aa0f-32d6e3822a34-edited-300x70.jpg 300w, https:\/\/euqini-mod.com\/wp-content\/uploads\/2025\/03\/61958ded-9722-4c25-aa0f-32d6e3822a34-edited-768x178.jpg 768w, https:\/\/euqini-mod.com\/wp-content\/uploads\/2025\/03\/61958ded-9722-4c25-aa0f-32d6e3822a34-edited-1536x356.jpg 1536w, https:\/\/euqini-mod.com\/wp-content\/uploads\/2025\/03\/61958ded-9722-4c25-aa0f-32d6e3822a34-edited.jpg 1889w\" sizes=\"auto, (max-width: 1024px) 100vw, 1024px\" \/><\/figure><\/div>\n\n<div class=\"wp-block-image\">\n<figure class=\"aligncenter size-large\"><img loading=\"lazy\" decoding=\"async\" width=\"969\" height=\"1024\" src=\"http:\/\/euqini-mod.com\/wp-content\/uploads\/2025\/03\/LOGO-L-OURSERIE-1-969x1024.png\" alt=\"\" class=\"wp-image-323\" srcset=\"https:\/\/euqini-mod.com\/wp-content\/uploads\/2025\/03\/LOGO-L-OURSERIE-1-969x1024.png 969w, https:\/\/euqini-mod.com\/wp-content\/uploads\/2025\/03\/LOGO-L-OURSERIE-1-600x634.png 600w, https:\/\/euqini-mod.com\/wp-content\/uploads\/2025\/03\/LOGO-L-OURSERIE-1-284x300.png 284w, https:\/\/euqini-mod.com\/wp-content\/uploads\/2025\/03\/LOGO-L-OURSERIE-1-768x812.png 768w, https:\/\/euqini-mod.com\/wp-content\/uploads\/2025\/03\/LOGO-L-OURSERIE-1.png 1174w\" sizes=\"auto, (max-width: 969px) 100vw, 969px\" \/><\/figure><\/div>","protected":false},"excerpt":{"rendered":"<p>Retrouvez nos prochaines dates et salons pour l&rsquo;ann\u00e9e 2025 o\u00f9 nous serons ravis [&hellip;]<\/p>\n","protected":false},"author":1,"featured_media":0,"parent":0,"menu_order":0,"comment_status":"closed","ping_status":"closed","template":"","meta":{"footnotes":""},"class_list":["post-1047","page","type-page","status-publish","hentry"],"jetpack_sharing_enabled":true,"_links":{"self":[{"href":"https:\/\/euqini-mod.com\/index.php\/wp-json\/wp\/v2\/pages\/1047","targetHints":{"allow":["GET"]}}],"collection":[{"href":"https:\/\/euqini-mod.com\/index.php\/wp-json\/wp\/v2\/pages"}],"about":[{"href":"https:\/\/euqini-mod.com\/index.php\/wp-json\/wp\/v2\/types\/page"}],"author":[{"embeddable":true,"href":"https:\/\/euqini-mod.com\/index.php\/wp-json\/wp\/v2\/users\/1"}],"replies":[{"embeddable":true,"href":"https:\/\/euqini-mod.com\/index.php\/wp-json\/wp\/v2\/comments?post=1047"}],"version-history":[{"count":21,"href":"https:\/\/euqini-mod.com\/index.php\/wp-json\/wp\/v2\/pages\/1047\/revisions"}],"predecessor-version":[{"id":1774,"href":"https:\/\/euqini-mod.com\/index.php\/wp-json\/wp\/v2\/pages\/1047\/revisions\/1774"}],"wp:attachment":[{"href":"https:\/\/euqini-mod.com\/index.php\/wp-json\/wp\/v2\/media?parent=1047"}],"curies":[{"name":"wp","href":"https:\/\/api.w.org\/{rel}","templated":true}]}}