{"id":276,"date":"2025-03-15T20:48:20","date_gmt":"2025-03-15T19:48:20","guid":{"rendered":"https:\/\/euqini-mod.com\/?page_id=276"},"modified":"2025-07-13T16:39:23","modified_gmt":"2025-07-13T14:39:23","slug":"qui-sommes-nous","status":"publish","type":"page","link":"https:\/\/euqini-mod.com\/index.php\/qui-sommes-nous\/","title":{"rendered":"QUI SOMMES-NOUS !"},"content":{"rendered":"\n<div style=\"height:100px\" aria-hidden=\"true\" class=\"wp-block-spacer\"><\/div>\n\n\n<div class=\"wp-block-image is-style-rounded\">\n<figure class=\"aligncenter size-large is-resized\"><img loading=\"lazy\" decoding=\"async\" width=\"768\" height=\"1024\" src=\"https:\/\/euqini-mod.com\/wp-content\/uploads\/2025\/07\/d3bcedfb-0421-4315-b0f9-c8bad77981a1-768x1024.jpg\" alt=\"\" class=\"wp-image-1310\" style=\"width:567px;height:auto\" srcset=\"https:\/\/euqini-mod.com\/wp-content\/uploads\/2025\/07\/d3bcedfb-0421-4315-b0f9-c8bad77981a1-768x1024.jpg 768w, https:\/\/euqini-mod.com\/wp-content\/uploads\/2025\/07\/d3bcedfb-0421-4315-b0f9-c8bad77981a1-225x300.jpg 225w, https:\/\/euqini-mod.com\/wp-content\/uploads\/2025\/07\/d3bcedfb-0421-4315-b0f9-c8bad77981a1-1152x1536.jpg 1152w, https:\/\/euqini-mod.com\/wp-content\/uploads\/2025\/07\/d3bcedfb-0421-4315-b0f9-c8bad77981a1-600x800.jpg 600w, https:\/\/euqini-mod.com\/wp-content\/uploads\/2025\/07\/d3bcedfb-0421-4315-b0f9-c8bad77981a1.jpg 1530w\" sizes=\"auto, (max-width: 768px) 100vw, 768px\" \/><\/figure><\/div>\n\n\n<p class=\"has-colibri-color-6-color has-text-color has-link-color wp-elements-c9821c6d3830399f91164758b32d48c3\">Je m\u2019appelle Dominique et je suis passionn\u00e9e de couture depuis toujours, j&rsquo;aime donner vie \u00e0 mes id\u00e9es \u00e0 travers le tissu. Je cr\u00e9e des sacs uniques, des accessoires et bien d&rsquo;autres merveilles en m\u00ealant cr\u00e9ativit\u00e9 et savoir-faire. Inspir\u00e9e par la mode et la d\u00e9coration, je prends plaisir \u00e0 imaginer des pi\u00e8ces originales qui allient esth\u00e9tique et praticit\u00e9.<\/p>\n\n\n\n<p class=\"has-colibri-color-6-color has-text-color has-link-color wp-elements-a5951eed72d5526673e6bb9368ef84a4\">Et parce que j&rsquo;ai aussi un amour particulier pour les objets doux et r\u00e9confortants, je fabrique artisanalement de v\u00e9ritables nounours en peluche comme autrefois, con\u00e7us avec soin et d\u00e9licatesse. Chaque cr\u00e9ation est une pi\u00e8ce unique, faite avec passion !<\/p>\n\n\n\n<p class=\"has-colibri-color-6-color has-text-color has-link-color wp-elements-fc4a96e7fb88f49424e7f025c9952699\">Depuis quelques ann\u00e9es on estime un nombre important dans le monde entier de collectionneurs de nounours, il y a un vrai march\u00e9 pour les nounours artisanaux, surtout aupr\u00e8s des amateurs de belles pi\u00e8ces, de collectionneurs et des parents cherchant des jouets authentiques et durables<\/p>\n\n\n\n<p class=\"has-colibri-color-6-color has-text-color has-link-color wp-elements-2a3be37ff5ae851665ee2d240e2d2f03\">Dans un monde o\u00f9 la modernit\u00e9 prend souvent le pas sur la tradition, je m\u2019inspire des mod\u00e8les d\u2019autrefois et me consacre \u00e0 la fabrication de nounours comme on les faisait jadis. Chaque cr\u00e9ation est un hommage \u00e0 l\u2019artisanat d\u2019antan, o\u00f9 la patience et le savoir-faire \u00e9taient au c\u0153ur de chaque r\u00e9alisation.<\/p>\n\n\n\n<p class=\"has-colibri-color-6-color has-text-color has-link-color wp-elements-f9f2534530543892c9358684e68e585a\">Pour mes nounours, je propose \u00e9galement des options de personnalisation, permettant \u00e0 chacun de cr\u00e9er un nounours qui lui ressemble ou qui repr\u00e9sente un moment sp\u00e9cial de sa vie. Que ce soit pour un cadeau de naissance personnalis\u00e9 avec le pr\u00e9nom brod\u00e9, une collection ou un souvenir personnel, chaque nounours est con\u00e7u pour \u00eatre ch\u00e9ri et transmis de g\u00e9n\u00e9rations en g\u00e9n\u00e9ration. Je souhaite pr\u00e9server l\u2019h\u00e9ritage de l\u2019artisanat et offrir des cr\u00e9ations qui apportent chaleur et r\u00e9confort.<\/p>\n\n\n\n<p class=\"has-colibri-color-6-color has-text-color has-link-color wp-elements-ec5e87fef0f085027a71bcf6dd560bec\">Je personnalise \u00e9galement mes sacs, pochettes, tabliers, coussin etc.. Je vous propose un vaste de choix de tissu et de forme, vous demandez je le fais.<\/p>\n\n\n\n<p class=\"has-colibri-color-6-color has-text-color has-link-color wp-elements-165cdbf95b5af29e95d553d4bab01b65\">Enfin, je m\u2019engage \u00e0 respecter l\u2019environnement en utilisant des pratiques durables dans ma fabrication.<\/p>\n\n\n\n<p class=\"has-colibri-color-6-color has-text-color has-link-color wp-elements-3aa3c90fd979ae4596a11a19591146bb\">Rejoignez-moi dans cette aventure douce et cr\u00e9ative.<\/p>\n\n\n\n<figure class=\"wp-block-embed aligncenter is-type-video is-provider-youtube wp-block-embed-youtube wp-embed-aspect-16-9 wp-has-aspect-ratio\"><div class=\"wp-block-embed__wrapper\">\n<iframe loading=\"lazy\" title=\"Pr\u00e9sentation de l&#039;Ourserie by Euqinimod\" width=\"500\" height=\"281\" src=\"https:\/\/www.youtube.com\/embed\/b3Hdx2e4HI4?feature=oembed\" frameborder=\"0\" allow=\"accelerometer; autoplay; clipboard-write; encrypted-media; gyroscope; picture-in-picture; web-share\" referrerpolicy=\"strict-origin-when-cross-origin\" allowfullscreen><\/iframe>\n<\/div><\/figure>\n","protected":false},"excerpt":{"rendered":"<p>Je m\u2019appelle Dominique et je suis passionn\u00e9e de couture depuis toujours, j&rsquo;aime donner [&hellip;]<\/p>\n","protected":false},"author":1,"featured_media":0,"parent":0,"menu_order":0,"comment_status":"closed","ping_status":"closed","template":"","meta":{"footnotes":""},"class_list":["post-276","page","type-page","status-publish","hentry"],"jetpack_sharing_enabled":true,"_links":{"self":[{"href":"https:\/\/euqini-mod.com\/index.php\/wp-json\/wp\/v2\/pages\/276","targetHints":{"allow":["GET"]}}],"collection":[{"href":"https:\/\/euqini-mod.com\/index.php\/wp-json\/wp\/v2\/pages"}],"about":[{"href":"https:\/\/euqini-mod.com\/index.php\/wp-json\/wp\/v2\/types\/page"}],"author":[{"embeddable":true,"href":"https:\/\/euqini-mod.com\/index.php\/wp-json\/wp\/v2\/users\/1"}],"replies":[{"embeddable":true,"href":"https:\/\/euqini-mod.com\/index.php\/wp-json\/wp\/v2\/comments?post=276"}],"version-history":[{"count":8,"href":"https:\/\/euqini-mod.com\/index.php\/wp-json\/wp\/v2\/pages\/276\/revisions"}],"predecessor-version":[{"id":1311,"href":"https:\/\/euqini-mod.com\/index.php\/wp-json\/wp\/v2\/pages\/276\/revisions\/1311"}],"wp:attachment":[{"href":"https:\/\/euqini-mod.com\/index.php\/wp-json\/wp\/v2\/media?parent=276"}],"curies":[{"name":"wp","href":"https:\/\/api.w.org\/{rel}","templated":true}]}}