{"id":375,"date":"2025-03-16T14:21:00","date_gmt":"2025-03-16T13:21:00","guid":{"rendered":"https:\/\/euqini-mod.com\/?page_id=375"},"modified":"2025-06-02T17:27:59","modified_gmt":"2025-06-02T15:27:59","slug":"expedition","status":"publish","type":"page","link":"https:\/\/euqini-mod.com\/index.php\/expedition\/","title":{"rendered":"EXPEDITIONS"},"content":{"rendered":"<div class=\"wp-block-image\">\n<figure class=\"aligncenter size-large\"><a href=\"https:\/\/www.dhl.com\/ca-fr\/home\/suivi.html\"><img loading=\"lazy\" decoding=\"async\" width=\"1024\" height=\"317\" src=\"https:\/\/euqini-mod.com\/wp-content\/uploads\/2025\/03\/DHL_Express_logo.svg_-1024x317.png\" alt=\"\" class=\"wp-image-376\" srcset=\"https:\/\/euqini-mod.com\/wp-content\/uploads\/2025\/03\/DHL_Express_logo.svg_-1024x317.png 1024w, https:\/\/euqini-mod.com\/wp-content\/uploads\/2025\/03\/DHL_Express_logo.svg_-600x186.png 600w, https:\/\/euqini-mod.com\/wp-content\/uploads\/2025\/03\/DHL_Express_logo.svg_-300x93.png 300w, https:\/\/euqini-mod.com\/wp-content\/uploads\/2025\/03\/DHL_Express_logo.svg_-768x238.png 768w, https:\/\/euqini-mod.com\/wp-content\/uploads\/2025\/03\/DHL_Express_logo.svg_-1536x475.png 1536w, https:\/\/euqini-mod.com\/wp-content\/uploads\/2025\/03\/DHL_Express_logo.svg_-2048x634.png 2048w\" sizes=\"auto, (max-width: 1024px) 100vw, 1024px\" \/><\/a><\/figure><\/div>\n\n\n<p><\/p>\n\n\n\n<p class=\"has-colibri-color-6-color has-text-color has-link-color wp-elements-1f19ba3e0cfb3f4045475815e27ed340\">Toutes nos commandes sont trait\u00e9es pas le transporteur DHL pour une r\u00e9activit\u00e9 et un suivi de livraison garanti.<\/p>\n\n\n\n<p class=\"has-colibri-color-6-color has-text-color has-link-color wp-elements-44a6650ac67030ad84281d2d014da85e\">Les frais seront calcul\u00e9s automatiquement lors de l&rsquo;inscription de votre lieu, gratuit d\u00e8s 800 \u20ac d\u2019achat en une seule commande !<\/p>\n\n\n\n<p class=\"has-colibri-color-6-color has-text-color has-link-color wp-elements-7406cff3c7d4c9aa26b810f443eb86c9\">Pour acc\u00e9der au suivi de votre colis cliquez sur le logo DHL ci-dessus.<\/p>\n\n\n\n<p class=\"has-colibri-color-6-color has-text-color has-link-color wp-elements-23c5f4e7a052ef2304db8adc5d6c8fbf\">Merci pour votre commande.<\/p>\n\n\n\n<p class=\"has-colibri-color-6-color has-text-color has-link-color wp-elements-2b0f57794139bf29139101bb32154d41\">Si vous rencontrez des probl\u00e8mes allez sur la page CONTACT, nous reviendrons vers vous dans les plus brefs d\u00e9lais.<\/p>\n\n\n\n<p><\/p>\n","protected":false},"excerpt":{"rendered":"<p>Toutes nos commandes sont trait\u00e9es pas le transporteur DHL pour une r\u00e9activit\u00e9 et [&hellip;]<\/p>\n","protected":false},"author":1,"featured_media":0,"parent":0,"menu_order":0,"comment_status":"closed","ping_status":"closed","template":"","meta":{"footnotes":""},"class_list":["post-375","page","type-page","status-publish","hentry"],"jetpack_sharing_enabled":true,"_links":{"self":[{"href":"https:\/\/euqini-mod.com\/index.php\/wp-json\/wp\/v2\/pages\/375","targetHints":{"allow":["GET"]}}],"collection":[{"href":"https:\/\/euqini-mod.com\/index.php\/wp-json\/wp\/v2\/pages"}],"about":[{"href":"https:\/\/euqini-mod.com\/index.php\/wp-json\/wp\/v2\/types\/page"}],"author":[{"embeddable":true,"href":"https:\/\/euqini-mod.com\/index.php\/wp-json\/wp\/v2\/users\/1"}],"replies":[{"embeddable":true,"href":"https:\/\/euqini-mod.com\/index.php\/wp-json\/wp\/v2\/comments?post=375"}],"version-history":[{"count":10,"href":"https:\/\/euqini-mod.com\/index.php\/wp-json\/wp\/v2\/pages\/375\/revisions"}],"predecessor-version":[{"id":1016,"href":"https:\/\/euqini-mod.com\/index.php\/wp-json\/wp\/v2\/pages\/375\/revisions\/1016"}],"wp:attachment":[{"href":"https:\/\/euqini-mod.com\/index.php\/wp-json\/wp\/v2\/media?parent=375"}],"curies":[{"name":"wp","href":"https:\/\/api.w.org\/{rel}","templated":true}]}}