{"id":469,"date":"2025-03-22T17:19:26","date_gmt":"2025-03-22T16:19:26","guid":{"rendered":"https:\/\/euqini-mod.com\/?page_id=469"},"modified":"2025-12-09T04:41:08","modified_gmt":"2025-12-09T03:41:08","slug":"nos-references","status":"publish","type":"page","link":"https:\/\/euqini-mod.com\/index.php\/nos-references\/","title":{"rendered":"NOS PARTENAIRES"},"content":{"rendered":"\n<p class=\"has-text-align-center has-colibri-color-6-color has-text-color has-background has-link-color has-large-font-size wp-elements-a717769c50e52adaaeb81e22a02cfe7b\" style=\"background:linear-gradient(135deg,rgb(238,238,238) 0%,rgb(169,184,195) 97%)\">Boutique PAIN D\u2019\u00c9PICES \u00e0 Paris<\/p>\n\n\n<div class=\"wp-block-image is-style-default\">\n<figure class=\"aligncenter size-full is-resized\"><a href=\"https:\/\/www.paindepices.fr\/\"><img loading=\"lazy\" decoding=\"async\" width=\"188\" height=\"230\" src=\"http:\/\/euqini-mod.com\/wp-content\/uploads\/2025\/03\/LOGO_PETIT_COULEUR.png\" alt=\"\" class=\"wp-image-455\" style=\"width:376px;height:auto\"\/><\/a><\/figure><\/div>\n\n\n<div style=\"height:100px\" aria-hidden=\"true\" class=\"wp-block-spacer\"><\/div>\n\n\n\n<div class=\"wp-block-group is-content-justification-center is-nowrap is-layout-flex wp-container-core-group-is-layout-94bc23d7 wp-block-group-is-layout-flex\">\n<p class=\"has-text-align-center has-colibri-color-1-color has-very-light-gray-to-cyan-bluish-gray-gradient-background has-text-color has-background has-link-color has-large-font-size wp-elements-cf184931524c8cbb72e250712c2c6c98\">Restaurant L&rsquo;AUBERGE DE L&rsquo;ILL \u00e0 IIlhaeusern \/ Alsace<\/p>\n<\/div>\n\n\n\n<div style=\"height:100px\" aria-hidden=\"true\" class=\"wp-block-spacer\"><\/div>\n\n\n<div class=\"wp-block-image is-style-rounded\">\n<figure class=\"aligncenter size-full is-resized\"><a href=\"https:\/\/www.auberge-de-l-ill.com\/fr\/\"><img loading=\"lazy\" decoding=\"async\" width=\"318\" height=\"159\" src=\"https:\/\/euqini-mod.com\/wp-content\/uploads\/2025\/03\/auberge-de-l-ill.jpg\" alt=\"\" class=\"wp-image-470\" style=\"width:416px;height:auto\" srcset=\"https:\/\/euqini-mod.com\/wp-content\/uploads\/2025\/03\/auberge-de-l-ill.jpg 318w, https:\/\/euqini-mod.com\/wp-content\/uploads\/2025\/03\/auberge-de-l-ill-300x150.jpg 300w\" sizes=\"auto, (max-width: 318px) 100vw, 318px\" \/><\/a><\/figure><\/div>\n\n\n<div style=\"height:100px\" aria-hidden=\"true\" class=\"wp-block-spacer\"><\/div>\n\n\n\n<p class=\"has-text-align-center has-colibri-color-1-color has-very-light-gray-to-cyan-bluish-gray-gradient-background has-text-color has-background has-link-color has-x-large-font-size wp-elements-ca2ed9fbe740807c2884fcdb2312a2cb\">Magasin TIEKIDS &amp; B\u00e4renst\u00fcbchen Bl\u00fcmmel \/ Allemagne<\/p>\n\n\n\n<div style=\"height:100px\" aria-hidden=\"true\" class=\"wp-block-spacer\"><\/div>\n\n\n<div class=\"wp-block-image\">\n<figure class=\"aligncenter size-full is-resized\"><a href=\"https:\/\/tiekids.shop\/\"><img loading=\"lazy\" decoding=\"async\" width=\"161\" height=\"90\" src=\"https:\/\/euqini-mod.com\/wp-content\/uploads\/2025\/06\/Sans-titre.png\" alt=\"\" class=\"wp-image-1021\" style=\"width:423px;height:auto\"\/><\/a><\/figure><\/div>\n\n\n<figure class=\"wp-block-embed aligncenter is-type-video is-provider-youtube wp-block-embed-youtube wp-embed-aspect-16-9 wp-has-aspect-ratio\"><div class=\"wp-block-embed__wrapper\">\n<iframe loading=\"lazy\" title=\"Visite chez notre fournisseur TIEKIDS\" width=\"500\" height=\"281\" src=\"https:\/\/www.youtube.com\/embed\/6AgHnm0aYrs?feature=oembed\" frameborder=\"0\" allow=\"accelerometer; autoplay; clipboard-write; encrypted-media; gyroscope; picture-in-picture; web-share\" referrerpolicy=\"strict-origin-when-cross-origin\" allowfullscreen><\/iframe>\n<\/div><\/figure>\n\n\n\n<div style=\"height:100px\" aria-hidden=\"true\" class=\"wp-block-spacer\"><\/div>\n\n\n\n<p class=\"has-text-align-center has-colibri-color-1-color has-very-light-gray-to-cyan-bluish-gray-gradient-background has-text-color has-background has-link-color has-x-large-font-size wp-elements-e91e628df3290ebd83ccd8fc37530ef1\">Magasin L&rsquo;Orignal Fringant \/ Canada<\/p>\n\n\n\n<div style=\"height:100px\" aria-hidden=\"true\" class=\"wp-block-spacer\"><\/div>\n\n\n<div class=\"wp-block-image\">\n<figure class=\"aligncenter size-full\"><a href=\"https:\/\/orignalfringant.ca\/\"><img loading=\"lazy\" decoding=\"async\" width=\"466\" height=\"108\" src=\"http:\/\/euqini-mod.com\/wp-content\/uploads\/2025\/05\/lorignal.jpg\" alt=\"\" class=\"wp-image-782\" srcset=\"https:\/\/euqini-mod.com\/wp-content\/uploads\/2025\/05\/lorignal.jpg 466w, https:\/\/euqini-mod.com\/wp-content\/uploads\/2025\/05\/lorignal-300x70.jpg 300w\" sizes=\"auto, (max-width: 466px) 100vw, 466px\" \/><\/a><\/figure><\/div>\n\n\n<div style=\"height:100px\" aria-hidden=\"true\" class=\"wp-block-spacer\"><\/div>\n\n\n\n<p class=\"has-text-align-center has-very-light-gray-to-cyan-bluish-gray-gradient-background has-background has-x-large-font-size\">Boutique LAMBERT &amp; CO<\/p>\n\n\n\n<div style=\"height:100px\" aria-hidden=\"true\" class=\"wp-block-spacer\"><\/div>\n\n\n<div class=\"wp-block-image\">\n<figure class=\"aligncenter size-full is-resized\"><a href=\"https:\/\/lambertco.ca\/?srsltid=AfmBOopEqSCeKIBghW03QBDmZIfLXSrtNYtD6L8vl1PPdVlzE6VAQ5IS\"><img loading=\"lazy\" decoding=\"async\" width=\"311\" height=\"162\" src=\"https:\/\/euqini-mod.com\/wp-content\/uploads\/2025\/12\/telechargement.jpg\" alt=\"\" class=\"wp-image-1821\" style=\"width:311px;height:auto\" srcset=\"https:\/\/euqini-mod.com\/wp-content\/uploads\/2025\/12\/telechargement.jpg 311w, https:\/\/euqini-mod.com\/wp-content\/uploads\/2025\/12\/telechargement-300x156.jpg 300w\" sizes=\"auto, (max-width: 311px) 100vw, 311px\" \/><\/a><\/figure><\/div>\n\n\n<p><\/p>\n","protected":false},"excerpt":{"rendered":"<p>Boutique PAIN D\u2019\u00c9PICES \u00e0 Paris Restaurant L&rsquo;AUBERGE DE L&rsquo;ILL \u00e0 IIlhaeusern \/ Alsace [&hellip;]<\/p>\n","protected":false},"author":1,"featured_media":0,"parent":0,"menu_order":0,"comment_status":"closed","ping_status":"closed","template":"","meta":{"footnotes":""},"class_list":["post-469","page","type-page","status-publish","hentry"],"jetpack_sharing_enabled":true,"_links":{"self":[{"href":"https:\/\/euqini-mod.com\/index.php\/wp-json\/wp\/v2\/pages\/469","targetHints":{"allow":["GET"]}}],"collection":[{"href":"https:\/\/euqini-mod.com\/index.php\/wp-json\/wp\/v2\/pages"}],"about":[{"href":"https:\/\/euqini-mod.com\/index.php\/wp-json\/wp\/v2\/types\/page"}],"author":[{"embeddable":true,"href":"https:\/\/euqini-mod.com\/index.php\/wp-json\/wp\/v2\/users\/1"}],"replies":[{"embeddable":true,"href":"https:\/\/euqini-mod.com\/index.php\/wp-json\/wp\/v2\/comments?post=469"}],"version-history":[{"count":18,"href":"https:\/\/euqini-mod.com\/index.php\/wp-json\/wp\/v2\/pages\/469\/revisions"}],"predecessor-version":[{"id":1822,"href":"https:\/\/euqini-mod.com\/index.php\/wp-json\/wp\/v2\/pages\/469\/revisions\/1822"}],"wp:attachment":[{"href":"https:\/\/euqini-mod.com\/index.php\/wp-json\/wp\/v2\/media?parent=469"}],"curies":[{"name":"wp","href":"https:\/\/api.w.org\/{rel}","templated":true}]}}