{"id":526,"date":"2025-04-07T17:40:20","date_gmt":"2025-04-07T15:40:20","guid":{"rendered":"https:\/\/euqini-mod.com\/?page_id=526"},"modified":"2025-05-16T17:24:43","modified_gmt":"2025-05-16T15:24:43","slug":"renseignements-entreprise","status":"publish","type":"page","link":"https:\/\/euqini-mod.com\/index.php\/renseignements-entreprise\/","title":{"rendered":"RENSEIGNEMENTS ENTREPRISE"},"content":{"rendered":"\n<p>L&rsquo;entreprise est bas\u00e9e \u00e0 NIEDERMORSCHWIHR<\/p>\n\n\n\n<p><\/p>\n\n\n\n<figure class=\"wp-block-image size-full\"><a href=\"https:\/\/www.google.com\/maps\/place\/68230+Niedermorschwihr,+France\/@48.1015167,7.2582442,14z\/data=!3m1!4b1!4m6!3m5!1s0x47916168cf81ec49:0x40a5fb99a3932a0!8m2!3d48.099556!4d7.273601!16s%2Fm%2F03m491d?entry=ttu&amp;g_ep=EgoyMDI1MDUxMy4xIKXMDSoASAFQAw%3D%3D\"><img loading=\"lazy\" decoding=\"async\" width=\"1024\" height=\"768\" src=\"https:\/\/euqini-mod.com\/wp-content\/uploads\/2025\/04\/NIEDERMORSCHWIHR.jpg\" alt=\"\" class=\"wp-image-527\" srcset=\"https:\/\/euqini-mod.com\/wp-content\/uploads\/2025\/04\/NIEDERMORSCHWIHR.jpg 1024w, https:\/\/euqini-mod.com\/wp-content\/uploads\/2025\/04\/NIEDERMORSCHWIHR-600x450.jpg 600w, https:\/\/euqini-mod.com\/wp-content\/uploads\/2025\/04\/NIEDERMORSCHWIHR-300x225.jpg 300w, https:\/\/euqini-mod.com\/wp-content\/uploads\/2025\/04\/NIEDERMORSCHWIHR-768x576.jpg 768w\" sizes=\"auto, (max-width: 1024px) 100vw, 1024px\" \/><\/a><\/figure>\n\n\n\n<p><strong><em>Statut:<\/em><\/strong> Auto Entreprise<\/p>\n\n\n\n<p><strong><em>Num\u00e9ro de TVA: <\/em><\/strong>Non assujetti \u00e0 la TVA<\/p>\n\n\n\n<p><strong><em>Num\u00e9ro de SIRET:<\/em><\/strong> 449&nbsp;961&nbsp;788&nbsp;00030<\/p>\n\n\n\n<p><strong><em>Num\u00e9ro de RCS:<\/em><\/strong> Colmar&nbsp;A&nbsp;449&nbsp;961&nbsp;788<\/p>\n\n\n\n<p><strong><em>Code APE:<\/em><\/strong> 4789Z<\/p>\n\n\n\n<p><strong><em>Nom du dirigeant:<\/em><\/strong> OLLAND Dominique<\/p>\n\n\n\n<p><strong><em>T\u00e9l\u00e9phone:<\/em><\/strong> 06 21 07 20 36<\/p>\n\n\n\n<p><strong><em>E-mail:<\/em><\/strong> d.olland@euqini-mod.com<\/p>\n\n\n\n<p><strong><em>Google<\/em><\/strong> <strong><em>Map:<\/em><\/strong> <a href=\"https:\/\/www.google.com\/maps\/place\/68230+Niedermorschwihr,+France\/@48.1015167,7.2582442,14z\/data=!3m1!4b1!4m6!3m5!1s0x47916168cf81ec49:0x40a5fb99a3932a0!8m2!3d48.099556!4d7.273601!16s%2Fm%2F03m491d?entry=ttu&amp;g_ep=EgoyMDI1MDUxMy4xIKXMDSoASAFQAw%3D%3D\">https:\/\/www.google.com\/maps\/place\/68230+Niedermorschwihr,+France\/@48.1015167,7.2582442,14z\/data=!3m1!4b1!4m6!3m5!1s0x47916168cf81ec49:0x40a5fb99a3932a0!8m2!3d48.099556!4d7.273601!16s%2Fm%2F03m491d?entry=ttu&amp;g_ep=EgoyMDI1MDUxMy4xIKXMDSoASAFQAw%3D%3D<\/a><\/p>\n","protected":false},"excerpt":{"rendered":"<p>L&rsquo;entreprise est bas\u00e9e \u00e0 NIEDERMORSCHWIHR Statut: Auto Entreprise Num\u00e9ro de TVA: Non assujetti [&hellip;]<\/p>\n","protected":false},"author":1,"featured_media":0,"parent":0,"menu_order":0,"comment_status":"closed","ping_status":"closed","template":"","meta":{"footnotes":""},"class_list":["post-526","page","type-page","status-publish","hentry"],"jetpack_sharing_enabled":true,"_links":{"self":[{"href":"https:\/\/euqini-mod.com\/index.php\/wp-json\/wp\/v2\/pages\/526","targetHints":{"allow":["GET"]}}],"collection":[{"href":"https:\/\/euqini-mod.com\/index.php\/wp-json\/wp\/v2\/pages"}],"about":[{"href":"https:\/\/euqini-mod.com\/index.php\/wp-json\/wp\/v2\/types\/page"}],"author":[{"embeddable":true,"href":"https:\/\/euqini-mod.com\/index.php\/wp-json\/wp\/v2\/users\/1"}],"replies":[{"embeddable":true,"href":"https:\/\/euqini-mod.com\/index.php\/wp-json\/wp\/v2\/comments?post=526"}],"version-history":[{"count":7,"href":"https:\/\/euqini-mod.com\/index.php\/wp-json\/wp\/v2\/pages\/526\/revisions"}],"predecessor-version":[{"id":795,"href":"https:\/\/euqini-mod.com\/index.php\/wp-json\/wp\/v2\/pages\/526\/revisions\/795"}],"wp:attachment":[{"href":"https:\/\/euqini-mod.com\/index.php\/wp-json\/wp\/v2\/media?parent=526"}],"curies":[{"name":"wp","href":"https:\/\/api.w.org\/{rel}","templated":true}]}}