{"id":1002,"date":"2025-06-02T15:19:01","date_gmt":"2025-06-02T13:19:01","guid":{"rendered":"https:\/\/euqini-mod.com\/?post_type=product&#038;p=1002"},"modified":"2025-06-04T16:29:33","modified_gmt":"2025-06-04T14:29:33","slug":"le-cabas-leger","status":"publish","type":"product","link":"https:\/\/euqini-mod.com\/index.php\/produit\/le-cabas-leger\/","title":{"rendered":"LE CABAS L\u00c9GER"},"content":{"rendered":"<p>Un petit cabas \u00e0 rouler et facilement transportable dans un sac \u00e0 mains, toujours pratique, toujours utile, toujours avec vous. Un ind\u00e9modable motif \u00e0 petits noirs sur fond blanc. Il est doubl\u00e9 d\u2019une cotonnade noire. Tout coton<\/p>\n<p>Dimension : Largeur 36 cm \/ Hauteur 37 cm \/ Anse 65 cm<\/p>\n","protected":false},"excerpt":{"rendered":"<p>Un petit cabas \u00e0 rouler et facilement transportable dans un sac \u00e0 mains, [&hellip;]<\/p>\n","protected":false},"featured_media":1192,"comment_status":"open","ping_status":"closed","template":"","meta":[],"product_brand":[],"product_cat":[37],"product_tag":[43,38,39],"class_list":{"0":"post-1002","1":"product","2":"type-product","3":"status-publish","4":"has-post-thumbnail","6":"product_cat-sac-tissus","7":"product_tag-cabas","8":"product_tag-sac","9":"product_tag-tissus","10":"product_shipping_class-transport-simple","12":"first","13":"outofstock","14":"sold-individually","15":"purchasable","16":"product-type-simple"},"jetpack_sharing_enabled":true,"_links":{"self":[{"href":"https:\/\/euqini-mod.com\/index.php\/wp-json\/wp\/v2\/product\/1002","targetHints":{"allow":["GET"]}}],"collection":[{"href":"https:\/\/euqini-mod.com\/index.php\/wp-json\/wp\/v2\/product"}],"about":[{"href":"https:\/\/euqini-mod.com\/index.php\/wp-json\/wp\/v2\/types\/product"}],"replies":[{"embeddable":true,"href":"https:\/\/euqini-mod.com\/index.php\/wp-json\/wp\/v2\/comments?post=1002"}],"wp:featuredmedia":[{"embeddable":true,"href":"https:\/\/euqini-mod.com\/index.php\/wp-json\/wp\/v2\/media\/1192"}],"wp:attachment":[{"href":"https:\/\/euqini-mod.com\/index.php\/wp-json\/wp\/v2\/media?parent=1002"}],"wp:term":[{"taxonomy":"product_brand","embeddable":true,"href":"https:\/\/euqini-mod.com\/index.php\/wp-json\/wp\/v2\/product_brand?post=1002"},{"taxonomy":"product_cat","embeddable":true,"href":"https:\/\/euqini-mod.com\/index.php\/wp-json\/wp\/v2\/product_cat?post=1002"},{"taxonomy":"product_tag","embeddable":true,"href":"https:\/\/euqini-mod.com\/index.php\/wp-json\/wp\/v2\/product_tag?post=1002"}],"curies":[{"name":"wp","href":"https:\/\/api.w.org\/{rel}","templated":true}]}}