{"id":1004,"date":"2025-06-02T15:23:17","date_gmt":"2025-06-02T13:23:17","guid":{"rendered":"https:\/\/euqini-mod.com\/?post_type=product&#038;p=1004"},"modified":"2025-06-04T15:40:16","modified_gmt":"2025-06-04T13:40:16","slug":"lindispensable-dans-le-sac","status":"publish","type":"product","link":"https:\/\/euqini-mod.com\/index.php\/produit\/lindispensable-dans-le-sac\/","title":{"rendered":"L\u2019INDISPENSABLE DANS LE SAC"},"content":{"rendered":"<p>Cette pochette en coton est pratique \u00e0 glisser dans votre sac pour y d\u00e9poser des papiers, votre t\u00e9l\u00e9phone, vos objets pr\u00e9cieux etc.. Elle vous suivra partout. Elle peut \u00e9galement servir de pochette pour livre. Color\u00e9e aux motifs abstraits elle est doubl\u00e9e d\u2019une satinette orange. Fermeture par un bouton pression plastique.<\/p>\n<p>Dimension : Largeur 22 cm \/ Hauteur 29 cm<\/p>\n","protected":false},"excerpt":{"rendered":"<p>Cette pochette en coton est pratique \u00e0 glisser dans votre sac pour y [&hellip;]<\/p>\n","protected":false},"featured_media":1191,"comment_status":"open","ping_status":"closed","template":"","meta":[],"product_brand":[],"product_cat":[37],"product_tag":[40,38,39],"class_list":{"0":"post-1004","1":"product","2":"type-product","3":"status-publish","4":"has-post-thumbnail","6":"product_cat-sac-tissus","7":"product_tag-pochette","8":"product_tag-sac","9":"product_tag-tissus","10":"product_shipping_class-transport-simple","12":"first","13":"outofstock","14":"sold-individually","15":"purchasable","16":"product-type-simple"},"jetpack_sharing_enabled":true,"_links":{"self":[{"href":"https:\/\/euqini-mod.com\/index.php\/wp-json\/wp\/v2\/product\/1004","targetHints":{"allow":["GET"]}}],"collection":[{"href":"https:\/\/euqini-mod.com\/index.php\/wp-json\/wp\/v2\/product"}],"about":[{"href":"https:\/\/euqini-mod.com\/index.php\/wp-json\/wp\/v2\/types\/product"}],"replies":[{"embeddable":true,"href":"https:\/\/euqini-mod.com\/index.php\/wp-json\/wp\/v2\/comments?post=1004"}],"wp:featuredmedia":[{"embeddable":true,"href":"https:\/\/euqini-mod.com\/index.php\/wp-json\/wp\/v2\/media\/1191"}],"wp:attachment":[{"href":"https:\/\/euqini-mod.com\/index.php\/wp-json\/wp\/v2\/media?parent=1004"}],"wp:term":[{"taxonomy":"product_brand","embeddable":true,"href":"https:\/\/euqini-mod.com\/index.php\/wp-json\/wp\/v2\/product_brand?post=1004"},{"taxonomy":"product_cat","embeddable":true,"href":"https:\/\/euqini-mod.com\/index.php\/wp-json\/wp\/v2\/product_cat?post=1004"},{"taxonomy":"product_tag","embeddable":true,"href":"https:\/\/euqini-mod.com\/index.php\/wp-json\/wp\/v2\/product_tag?post=1004"}],"curies":[{"name":"wp","href":"https:\/\/api.w.org\/{rel}","templated":true}]}}