{"id":1011,"date":"2025-06-02T17:07:57","date_gmt":"2025-06-02T15:07:57","guid":{"rendered":"https:\/\/euqini-mod.com\/?post_type=product&#038;p=1011"},"modified":"2025-08-23T00:08:54","modified_gmt":"2025-08-22T22:08:54","slug":"gerard-au-doux-regard","status":"publish","type":"product","link":"https:\/\/euqini-mod.com\/index.php\/produit\/gerard-au-doux-regard\/","title":{"rendered":"G\u00c9RARD AU DOUX REGARD"},"content":{"rendered":"\r\n<p>Je m\u2019appelle GERARD ! Je suis confectionn\u00e9 dans une fourrure mohair Steiff Schulte beige clair. Aujourd\u2019hui il fait tr\u00e8s beau et je profite pour aller faire une petite promenade. Pour cela j\u2019ai mis casquette assortie \u00e0 mon pantalon. Je suis un nounours tr\u00e8s gentil qui aime la vie. Mes<\/p>\r\n\r\n\r\n\r\n<p>yeux en verre noirs , ronds et brillants, me donnent une expression douce et pleine d\u2019empathie. Mes bras, jambes et t\u00eate articul\u00e9s, m\u2019offrent la possibilit\u00e9 de me mettre dans diff\u00e9rentes positions.<\/p>\r\n\r\n\r\n\r\n<p>Je mesure 50 cm<\/p>\r\n\r\n\r\n\r\n<p>Mat\u00e9riaux :<\/p>\r\n\r\n\r\n\r\n<p>\u00b7 Mohair allemand Steiff schulte couleur beige clair<\/p>\r\n\r\n\r\n\r\n<p>\u00b7 Yeux en verre : noir<\/p>\r\n\r\n\r\n\r\n<p>\u00b7 Coussinets, oreilles en mohair clair tout doux<\/p>\r\n\r\n\r\n\r\n<p>\u00b7 V\u00eatement : pantalon velours vert fonc\u00e9, casquette vert fonc\u00e9 et chemise \u00e0 carreaux<\/p>\r\n\r\n\r\n\r\n<p>\u00b7 Articulations traditionnelles \u00e0 goupilles fendues dans les bras, les jambes et la t\u00eate<\/p>\r\n\r\n\r\n\r\n<p>\u00b7 Remplissage : laine de mouton<\/p>\r\n\r\n\r\n\r\n<p>\u00b7 Museau fil de coton noir<\/p>\r\n\r\n\r\n\r\n<p>\u00b7<strong> Mis en garde : Contient des \u00e9l\u00e9ments amovibles susceptibles d\u2019\u00eatre ing\u00e9r\u00e9s. Ne convient pas \u00e0 un enfant de moins de 14 ans pour les cadeaux de naissance il sera mis en d\u00e9coration. Il convient pour les collectionneurs et amateurs de peluches d\u00e9coratives<\/strong><\/p>\r\n<p>&nbsp;<\/p>\r\n<p><a href=\"https:\/\/euqini-mod.com\/index.php\/ours-en-mohair\/\"><img loading=\"lazy\" decoding=\"async\" class=\"alignnone wp-image-639 size-full\" src=\"http:\/\/euqini-mod.com\/wp-content\/uploads\/2025\/04\/LOGO-RETOUR-OURS.jpg\" alt=\"\" width=\"158\" height=\"151\" \/><\/a><\/p>\r\n","protected":false},"excerpt":{"rendered":"<p>Je m\u2019appelle GERARD ! Je suis confectionn\u00e9 dans une fourrure mohair Steiff Schulte [&hellip;]<\/p>\n","protected":false},"featured_media":1608,"comment_status":"open","ping_status":"closed","template":"","meta":[],"product_brand":[],"product_cat":[25],"product_tag":[29,44],"class_list":{"0":"post-1011","1":"product","2":"type-product","3":"status-publish","4":"has-post-thumbnail","6":"product_cat-ours-en-mohair","7":"product_tag-mohair","8":"product_tag-ours","10":"first","11":"instock","12":"sold-individually","13":"purchasable","14":"product-type-simple"},"jetpack_sharing_enabled":true,"_links":{"self":[{"href":"https:\/\/euqini-mod.com\/index.php\/wp-json\/wp\/v2\/product\/1011","targetHints":{"allow":["GET"]}}],"collection":[{"href":"https:\/\/euqini-mod.com\/index.php\/wp-json\/wp\/v2\/product"}],"about":[{"href":"https:\/\/euqini-mod.com\/index.php\/wp-json\/wp\/v2\/types\/product"}],"replies":[{"embeddable":true,"href":"https:\/\/euqini-mod.com\/index.php\/wp-json\/wp\/v2\/comments?post=1011"}],"wp:featuredmedia":[{"embeddable":true,"href":"https:\/\/euqini-mod.com\/index.php\/wp-json\/wp\/v2\/media\/1608"}],"wp:attachment":[{"href":"https:\/\/euqini-mod.com\/index.php\/wp-json\/wp\/v2\/media?parent=1011"}],"wp:term":[{"taxonomy":"product_brand","embeddable":true,"href":"https:\/\/euqini-mod.com\/index.php\/wp-json\/wp\/v2\/product_brand?post=1011"},{"taxonomy":"product_cat","embeddable":true,"href":"https:\/\/euqini-mod.com\/index.php\/wp-json\/wp\/v2\/product_cat?post=1011"},{"taxonomy":"product_tag","embeddable":true,"href":"https:\/\/euqini-mod.com\/index.php\/wp-json\/wp\/v2\/product_tag?post=1011"}],"curies":[{"name":"wp","href":"https:\/\/api.w.org\/{rel}","templated":true}]}}