{"id":1064,"date":"2025-06-02T20:11:00","date_gmt":"2025-06-02T18:11:00","guid":{"rendered":"https:\/\/euqini-mod.com\/?post_type=product&#038;p=1064"},"modified":"2025-08-23T00:08:00","modified_gmt":"2025-08-22T22:08:00","slug":"jimmy-de-chicoutimi","status":"publish","type":"product","link":"https:\/\/euqini-mod.com\/index.php\/produit\/jimmy-de-chicoutimi\/","title":{"rendered":"JIMMY DE CHICOUTIMI"},"content":{"rendered":"<p>Je m\u2019appelle JIMMY. Je suis confectionn\u00e9 dans une fourrure mohair douce Steiff Schulte couleur marron fonc\u00e9.\u00a0 J\u2019ai de jolis yeux en verre noirs et une petite bouille rigolote. Je suis un cow boy de la r\u00e9gion de Qu\u00e9bec et je pars dans mon ranche m\u2019occuper de mes chevaux.\u00a0\u00a0 Mes bras, jambes et t\u00eate articul\u00e9s, m\u2019offrent la possibilit\u00e9 de me mettre dans diff\u00e9rentes positions.<\/p>\n<p>Je mesure 33 cm<\/p>\n<p>&nbsp;<\/p>\n<p><strong><u>Mat\u00e9riaux<\/u><\/strong><strong>\u00a0:<\/strong><\/p>\n<ul>\n<li>Mohair allemand Steiff schulte couleur marron fonc\u00e9<\/li>\n<li>Yeux en verre\u00a0: noir<\/li>\n<li>Coussinets en cuir marron couleur Camel<\/li>\n<li>Articulations traditionnelles \u00e0 goupilles fendues dans les bras, les jambes et la t\u00eate<\/li>\n<li>Remplissage : fibre de textiles<\/li>\n<li>Museau fil coton noir<\/li>\n<li>Accessoire\u00a0: chapeau, jeans, ceinture, chemise et bandana<\/li>\n<\/ul>\n<p><strong>\u00a0<\/strong><\/p>\n<ul>\n<li><strong><u>Mis en garde<\/u><\/strong><strong> : <\/strong><strong>Contient des \u00e9l\u00e9ments amovibles susceptibles d&rsquo;\u00eatre ing\u00e9r\u00e9s. Ne convient pas \u00e0 un enfant de moins de 14 ans pour les cadeaux de naissance il sera mis en d\u00e9coration. Il convient pour les collectionneurs et amateurs de peluches d\u00e9coratives<\/strong><\/li>\n<\/ul>\n<p><a href=\"https:\/\/euqini-mod.com\/index.php\/ours-en-mohair\/\"><img loading=\"lazy\" decoding=\"async\" class=\"alignnone wp-image-639 size-full\" src=\"http:\/\/euqini-mod.com\/wp-content\/uploads\/2025\/04\/LOGO-RETOUR-OURS.jpg\" alt=\"\" width=\"158\" height=\"151\" \/><\/a><\/p>\n","protected":false},"excerpt":{"rendered":"<p>Je m\u2019appelle JIMMY. Je suis confectionn\u00e9 dans une fourrure mohair douce Steiff Schulte [&hellip;]<\/p>\n","protected":false},"featured_media":1588,"comment_status":"open","ping_status":"closed","template":"","meta":[],"product_brand":[],"product_cat":[25],"product_tag":[46,29,44],"class_list":{"0":"post-1064","1":"product","2":"type-product","3":"status-publish","4":"has-post-thumbnail","6":"product_cat-ours-en-mohair","7":"product_tag-jimmy","8":"product_tag-mohair","9":"product_tag-ours","11":"first","12":"instock","13":"sold-individually","14":"purchasable","15":"product-type-simple"},"jetpack_sharing_enabled":true,"_links":{"self":[{"href":"https:\/\/euqini-mod.com\/index.php\/wp-json\/wp\/v2\/product\/1064","targetHints":{"allow":["GET"]}}],"collection":[{"href":"https:\/\/euqini-mod.com\/index.php\/wp-json\/wp\/v2\/product"}],"about":[{"href":"https:\/\/euqini-mod.com\/index.php\/wp-json\/wp\/v2\/types\/product"}],"replies":[{"embeddable":true,"href":"https:\/\/euqini-mod.com\/index.php\/wp-json\/wp\/v2\/comments?post=1064"}],"wp:featuredmedia":[{"embeddable":true,"href":"https:\/\/euqini-mod.com\/index.php\/wp-json\/wp\/v2\/media\/1588"}],"wp:attachment":[{"href":"https:\/\/euqini-mod.com\/index.php\/wp-json\/wp\/v2\/media?parent=1064"}],"wp:term":[{"taxonomy":"product_brand","embeddable":true,"href":"https:\/\/euqini-mod.com\/index.php\/wp-json\/wp\/v2\/product_brand?post=1064"},{"taxonomy":"product_cat","embeddable":true,"href":"https:\/\/euqini-mod.com\/index.php\/wp-json\/wp\/v2\/product_cat?post=1064"},{"taxonomy":"product_tag","embeddable":true,"href":"https:\/\/euqini-mod.com\/index.php\/wp-json\/wp\/v2\/product_tag?post=1064"}],"curies":[{"name":"wp","href":"https:\/\/api.w.org\/{rel}","templated":true}]}}