{"id":1222,"date":"2025-06-07T01:19:42","date_gmt":"2025-06-06T23:19:42","guid":{"rendered":"https:\/\/euqini-mod.com\/?post_type=product&#038;p=1222"},"modified":"2025-12-09T04:49:25","modified_gmt":"2025-12-09T03:49:25","slug":"orlaff-le-photographe","status":"publish","type":"product","link":"https:\/\/euqini-mod.com\/index.php\/produit\/orlaff-le-photographe\/","title":{"rendered":"ORLAFF LE PHOTOGRAPHE"},"content":{"rendered":"<p><span class=\"s3\">J<\/span><span class=\"s3\">e m\u2019appelle <\/span><span class=\"s3\">ORLAFF<\/span><span class=\"s3\">.<\/span> <span class=\"s4\">Je suis confectionn\u00e9<\/span> <span class=\"s4\">dans une fourrure mohair douce <\/span><span class=\"s4\">Steiff<\/span> <span class=\"s4\">Schulte<\/span><span class=\"s4\">couleur<\/span><span class=\"s4\"> blanc \u00e9cru clair<\/span><span class=\"s4\">.<\/span><span class=\"s4\"> \u00a0J\u2019ai de jolis yeux en verre <\/span><span class=\"s4\">bleus <\/span><span class=\"s4\">et un petit sourire<\/span><span class=\"s4\"> sympa<\/span><span class=\"s4\">. Je suis<\/span><span class=\"s4\"> un <\/span><span class=\"s4\">fan de photographie et d\u00e8s que le temps me le permet je prends mon appareil photo et parcours la montagne pour immortaliser la nature<\/span><span class=\"s4\">. <\/span><span class=\"s5\">Mes bras, jambes et t\u00eate articul\u00e9s, m\u2019offrent la possibilit\u00e9 de me mettre dans diff\u00e9rentes positions.<\/span><\/p>\n<p><span class=\"s5\">Je mesure <\/span><span class=\"s5\">33<\/span><span class=\"s5\"> cm<\/span><\/p>\n<p>&nbsp;<\/p>\n<p class=\"s8\"><span class=\"s6\">Mat\u00e9riaux<\/span><span class=\"s7\">\u00a0:<\/span><\/p>\n<div class=\"s10\"><span class=\"s9\">\u25aa <\/span><span class=\"s5\">Mohair allemand <\/span><span class=\"s5\">Steiff<\/span> <span class=\"s5\">schulte<\/span><span class=\"s5\"> couleur<\/span><span class=\"s5\"> blanc \u00e9cru clair<\/span><\/div>\n<div class=\"s10\"><span class=\"s9\">\u25aa <\/span><span class=\"s5\">Yeux <\/span><span class=\"s5\">en <\/span><span class=\"s5\">verre<\/span><span class=\"s5\">\u00a0: \u00a0<\/span><span class=\"s5\">bleu<\/span><\/div>\n<div class=\"s10\"><span class=\"s9\">\u25aa <\/span><span class=\"s5\">Coussinets<\/span> <span class=\"s5\">et <\/span><span class=\"s5\">oreilles \u00a0en<\/span><span class=\"s5\"> mohair<\/span><\/div>\n<div class=\"s10\"><span class=\"s9\">\u25aa <\/span><span class=\"s5\">V\u00eatement\u00a0: <\/span><span class=\"s5\">pantalon blanc rayures bleues en coton, pull laine bleu<\/span><\/div>\n<div class=\"s10\"><span class=\"s9\">\u25aa <\/span><span class=\"s5\">Articulations traditionnelles \u00e0 goupilles fendues dans les bras, les jambes et la t\u00eate<\/span><\/div>\n<div class=\"s10\"><span class=\"s9\">\u25aa <\/span><span class=\"s5\">Remplissage : <\/span><span class=\"s5\">laine de mouton<\/span><\/div>\n<div class=\"s10\"><span class=\"s9\">\u25aa <\/span><span class=\"s5\">Museau fil <\/span><span class=\"s5\">coton noir<\/span><\/div>\n<div class=\"s10\"><span class=\"s9\">\u25aa <\/span><span class=\"s5\">Accessoire\u00a0: <\/span><span class=\"s5\">chapeau <\/span><span class=\"s5\">feutrine avec <\/span><span class=\"s5\">plume \u00a0et<\/span><span class=\"s5\"> d\u00e9coration en cuir, appareil photo<\/span><\/div>\n<div class=\"s10\"><span class=\"s9\">\u25aa <\/span><span class=\"s12\">Mis en garde<\/span><span class=\"s13\"> : <\/span><span class=\"s13\">Contient des \u00e9l\u00e9ments amovibles susceptibles d&rsquo;\u00eatre ing\u00e9r\u00e9s. Ne convient pas \u00e0 un enfant de moins de 14 ans pour les cadeaux de naissance il sera mis en d\u00e9coration. Il convient pour les collectionneurs et amateurs de peluches d\u00e9coratives<\/span><\/div>\n<div><\/div>\n<div>\n<p class=\"has-text-align-center has-colibri-color-5-color has-colibri-color-4-background-color has-text-color has-background has-link-color has-large-font-size wp-elements-c75fbf8cc5b0b4c372bbfb52bc0884d8\" style=\"text-align: center;\">EN VENTE CHEZ NOTRE PARTENAIRE<\/p>\n<p style=\"text-align: center;\"><img loading=\"lazy\" decoding=\"async\" class=\"size-medium wp-image-1821 aligncenter\" src=\"http:\/\/euqini-mod.com\/wp-content\/uploads\/2025\/12\/telechargement-300x156.jpg\" alt=\"\" width=\"300\" height=\"156\" srcset=\"https:\/\/euqini-mod.com\/wp-content\/uploads\/2025\/12\/telechargement-300x156.jpg 300w, https:\/\/euqini-mod.com\/wp-content\/uploads\/2025\/12\/telechargement.jpg 311w\" sizes=\"auto, (max-width: 300px) 100vw, 300px\" \/><\/p>\n<p style=\"text-align: center;\"><a href=\"https:\/\/lambertco.ca\/?srsltid=AfmBOopEqSCeKIBghW03QBDmZIfLXSrtNYtD6L8vl1PPdVlzE6VAQ5IS\">https:\/\/lambertco.ca\/?srsltid=AfmBOopEqSCeKIBghW03QBDmZIfLXSrtNYtD6L8vl1PPdVlzE6VAQ5IS<\/a><\/p>\n<\/div>\n<p><a href=\"https:\/\/euqini-mod.com\/index.php\/ours-en-mohair\/\"><img loading=\"lazy\" decoding=\"async\" class=\"alignnone wp-image-639 size-full\" src=\"http:\/\/euqini-mod.com\/wp-content\/uploads\/2025\/04\/LOGO-RETOUR-OURS.jpg\" alt=\"\" width=\"158\" height=\"151\" \/><\/a><\/p>\n","protected":false},"excerpt":{"rendered":"<p>Je m\u2019appelle ORLAFF. Je suis confectionn\u00e9 dans une fourrure mohair douce Steiff Schultecouleur [&hellip;]<\/p>\n","protected":false},"featured_media":1555,"comment_status":"open","ping_status":"closed","template":"","meta":[],"product_brand":[],"product_cat":[25],"product_tag":[29,50,44],"class_list":{"0":"post-1222","1":"product","2":"type-product","3":"status-publish","4":"has-post-thumbnail","6":"product_cat-ours-en-mohair","7":"product_tag-mohair","8":"product_tag-orlaff","9":"product_tag-ours","11":"first","12":"instock","13":"sold-individually","14":"product-type-simple"},"jetpack_sharing_enabled":true,"_links":{"self":[{"href":"https:\/\/euqini-mod.com\/index.php\/wp-json\/wp\/v2\/product\/1222","targetHints":{"allow":["GET"]}}],"collection":[{"href":"https:\/\/euqini-mod.com\/index.php\/wp-json\/wp\/v2\/product"}],"about":[{"href":"https:\/\/euqini-mod.com\/index.php\/wp-json\/wp\/v2\/types\/product"}],"replies":[{"embeddable":true,"href":"https:\/\/euqini-mod.com\/index.php\/wp-json\/wp\/v2\/comments?post=1222"}],"wp:featuredmedia":[{"embeddable":true,"href":"https:\/\/euqini-mod.com\/index.php\/wp-json\/wp\/v2\/media\/1555"}],"wp:attachment":[{"href":"https:\/\/euqini-mod.com\/index.php\/wp-json\/wp\/v2\/media?parent=1222"}],"wp:term":[{"taxonomy":"product_brand","embeddable":true,"href":"https:\/\/euqini-mod.com\/index.php\/wp-json\/wp\/v2\/product_brand?post=1222"},{"taxonomy":"product_cat","embeddable":true,"href":"https:\/\/euqini-mod.com\/index.php\/wp-json\/wp\/v2\/product_cat?post=1222"},{"taxonomy":"product_tag","embeddable":true,"href":"https:\/\/euqini-mod.com\/index.php\/wp-json\/wp\/v2\/product_tag?post=1222"}],"curies":[{"name":"wp","href":"https:\/\/api.w.org\/{rel}","templated":true}]}}