{"id":1239,"date":"2025-06-08T15:47:53","date_gmt":"2025-06-08T13:47:53","guid":{"rendered":"https:\/\/euqini-mod.com\/?post_type=product&#038;p=1239"},"modified":"2025-08-23T00:04:05","modified_gmt":"2025-08-22T22:04:05","slug":"christin-prend-le-train","status":"publish","type":"product","link":"https:\/\/euqini-mod.com\/index.php\/produit\/christin-prend-le-train\/","title":{"rendered":"CHRISTIN PREND LE TRAIN"},"content":{"rendered":"<p><span class=\"s3\">J<\/span><span class=\"s3\">e m\u2019appelle <\/span><span class=\"s3\">CHRISTIN<\/span><span class=\"s3\">.<\/span> <span class=\"s4\">Je suis confectionn\u00e9<\/span> <span class=\"s4\">dans une fourrure mohair douce <\/span><span class=\"s4\">Steiff<\/span> <span class=\"s4\">Schulte<\/span><span class=\"s4\">couleur <\/span><span class=\"s4\">beige clair.<\/span><span class=\"s4\"> \u00a0J\u2019ai de jolis yeux en verre noirs et un petit sourire<\/span><span class=\"s4\"> sympa<\/span><span class=\"s4\">. Je suis<\/span><span class=\"s4\"> un <\/span><span class=\"s4\">grand voyageur. J\u2019ai pr\u00e9par\u00e9 ma valise car aujourd\u2019hui je pars pour Paris visiter la capitale. Vite je vais louper mon train\u00a0!!!<\/span> <span class=\"s5\">Mes bras, jambes et t\u00eate articul\u00e9s, m\u2019offrent la possibilit\u00e9 de me mettre dans diff\u00e9rentes positions.<\/span><\/p>\n<p><span class=\"s5\">Je mesure <\/span><span class=\"s5\">33<\/span><span class=\"s5\"> cm<\/span><\/p>\n<p>&nbsp;<\/p>\n<p class=\"s8\"><span class=\"s6\">Mat\u00e9riaux<\/span><span class=\"s7\">\u00a0:<\/span><\/p>\n<div class=\"s10\"><span class=\"s9\">\u25aa <\/span><span class=\"s5\">Mohair allemand <\/span><span class=\"s5\">Steiff<\/span> <span class=\"s5\">schulte<\/span><span class=\"s5\"> couleur <\/span><span class=\"s5\">beige clair<\/span><\/div>\n<div class=\"s10\"><span class=\"s9\">\u25aa <\/span><span class=\"s5\">Yeux <\/span><span class=\"s5\">en <\/span><span class=\"s5\">verre<\/span><span class=\"s5\">\u00a0: \u00a0noir<\/span><\/div>\n<div class=\"s10\"><span class=\"s9\">\u25aa <\/span><span class=\"s5\">Coussinets<\/span> <span class=\"s5\">et oreilles en mohair<\/span><\/div>\n<div class=\"s10\"><span class=\"s9\">\u25aa <\/span><span class=\"s5\">V\u00eatement\u00a0: <\/span><span class=\"s5\">pantalon pied de poule et veste en velours <\/span><\/div>\n<div class=\"s10\"><span class=\"s9\">\u25aa <\/span><span class=\"s5\">Articulations traditionnelles \u00e0 goupilles fendues dans les bras, les jambes et la t\u00eate<\/span><\/div>\n<div class=\"s10\"><span class=\"s9\">\u25aa <\/span><span class=\"s5\">Remplissage : <\/span><span class=\"s5\">fibre de textile et billes d\u2019acier<\/span><\/div>\n<div class=\"s10\"><span class=\"s9\">\u25aa <\/span><span class=\"s5\">Museau fil <\/span><span class=\"s5\">coton noir<\/span><\/div>\n<div class=\"s10\"><span class=\"s9\">\u25aa <\/span><span class=\"s5\">Accessoire\u00a0: <\/span><span class=\"s5\">chapeau <\/span><span class=\"s5\">,<\/span><span class=\"s5\"> foulard, valise<\/span><\/div>\n<div class=\"s10\"><span class=\"s9\">\u25aa <\/span><span class=\"s12\">Mis en garde<\/span><span class=\"s13\"> : <\/span><span class=\"s13\">Contient des \u00e9l\u00e9ments amovibles susceptibles d&rsquo;\u00eatre ing\u00e9r\u00e9s. Ne convient pas \u00e0 un enfant de moins de 14 ans pour les cadeaux de naissance il sera mis en d\u00e9coration. Il convient pour les collectionneurs et amateurs de peluches d\u00e9coratives<\/span><\/div>\n<div><\/div>\n<div><a href=\"https:\/\/euqini-mod.com\/index.php\/ours-en-mohair\/\"><img loading=\"lazy\" decoding=\"async\" class=\"alignnone wp-image-639 size-full\" src=\"http:\/\/euqini-mod.com\/wp-content\/uploads\/2025\/04\/LOGO-RETOUR-OURS.jpg\" alt=\"\" width=\"158\" height=\"151\" \/><\/a><\/div>\n<p class=\"s8\">\n","protected":false},"excerpt":{"rendered":"<p>Je m\u2019appelle CHRISTIN. Je suis confectionn\u00e9 dans une fourrure mohair douce Steiff Schultecouleur [&hellip;]<\/p>\n","protected":false},"featured_media":1538,"comment_status":"open","ping_status":"closed","template":"","meta":[],"product_brand":[],"product_cat":[25],"product_tag":[53,29,44],"class_list":{"0":"post-1239","1":"product","2":"type-product","3":"status-publish","4":"has-post-thumbnail","6":"product_cat-ours-en-mohair","7":"product_tag-christin","8":"product_tag-mohair","9":"product_tag-ours","11":"first","12":"instock","13":"sold-individually","14":"purchasable","15":"product-type-simple"},"jetpack_sharing_enabled":true,"_links":{"self":[{"href":"https:\/\/euqini-mod.com\/index.php\/wp-json\/wp\/v2\/product\/1239","targetHints":{"allow":["GET"]}}],"collection":[{"href":"https:\/\/euqini-mod.com\/index.php\/wp-json\/wp\/v2\/product"}],"about":[{"href":"https:\/\/euqini-mod.com\/index.php\/wp-json\/wp\/v2\/types\/product"}],"replies":[{"embeddable":true,"href":"https:\/\/euqini-mod.com\/index.php\/wp-json\/wp\/v2\/comments?post=1239"}],"wp:featuredmedia":[{"embeddable":true,"href":"https:\/\/euqini-mod.com\/index.php\/wp-json\/wp\/v2\/media\/1538"}],"wp:attachment":[{"href":"https:\/\/euqini-mod.com\/index.php\/wp-json\/wp\/v2\/media?parent=1239"}],"wp:term":[{"taxonomy":"product_brand","embeddable":true,"href":"https:\/\/euqini-mod.com\/index.php\/wp-json\/wp\/v2\/product_brand?post=1239"},{"taxonomy":"product_cat","embeddable":true,"href":"https:\/\/euqini-mod.com\/index.php\/wp-json\/wp\/v2\/product_cat?post=1239"},{"taxonomy":"product_tag","embeddable":true,"href":"https:\/\/euqini-mod.com\/index.php\/wp-json\/wp\/v2\/product_tag?post=1239"}],"curies":[{"name":"wp","href":"https:\/\/api.w.org\/{rel}","templated":true}]}}