{"id":1263,"date":"2025-06-12T19:30:16","date_gmt":"2025-06-12T17:30:16","guid":{"rendered":"https:\/\/euqini-mod.com\/?post_type=product&#038;p=1263"},"modified":"2025-06-21T11:59:09","modified_gmt":"2025-06-21T09:59:09","slug":"alexandre-le-tendre","status":"publish","type":"product","link":"https:\/\/euqini-mod.com\/index.php\/produit\/alexandre-le-tendre\/","title":{"rendered":"ALEXANDRE LE TENDRE"},"content":{"rendered":"<p>Je m\u2019appelle ALEXANDRE. Je suis confectionn\u00e9 dans une fourrure mohair douce Steiff Schulte couleur marron fonc\u00e9.\u00a0 J\u2019ai de jolis yeux en verre bleus et un petit air r\u00eaveur. On dit de moi que je suis tr\u00e8s gentil et que j\u2019ai beaucoup d\u2019empathie. J\u2019aime la mode, j\u2019adore faire les boutiques pour m\u2019acheter des v\u00eatements et j\u2019ai beaucoup de go\u00fbt pour m\u2019habiller. Mes bras, jambes et t\u00eate articul\u00e9s, m\u2019offrent la possibilit\u00e9 de me mettre dans diff\u00e9rentes positions.<\/p>\n<p>Je mesure 46 cm<\/p>\n<p>&nbsp;<\/p>\n<p><strong><u>Mat\u00e9riaux<\/u><\/strong><strong>\u00a0:<\/strong><\/p>\n<ul>\n<li>Mohair allemand Steiff schulte couleur marron fonc\u00e9<\/li>\n<li>Yeux en verre\u00a0: bleu<\/li>\n<li>Coussinets en velours bleu canard et oreilles en mohair marron fonc\u00e9<\/li>\n<li>V\u00eatement\u00a0: pantalon en velours bleu canard, veste coton assortie et foulard<\/li>\n<li>Articulations traditionnelles \u00e0 goupilles fendues dans les bras, les jambes et la t\u00eate<\/li>\n<li>Remplissage : fibre de tissu<\/li>\n<li>Museau fil coton noir<\/li>\n<\/ul>\n<p>&nbsp;<\/p>\n<ul>\n<li><strong><u>Mis en garde<\/u><\/strong><strong> : <\/strong><strong>Contient des \u00e9l\u00e9ments amovibles susceptibles d&rsquo;\u00eatre ing\u00e9r\u00e9s. Ne convient pas \u00e0 un enfant de moins de 14 ans pour les cadeaux de naissance il sera mis en d\u00e9coration. Il convient pour les collectionneurs et amateurs de peluches d\u00e9coratives<\/strong><\/li>\n<\/ul>\n<p><a href=\"https:\/\/euqini-mod.com\/index.php\/ours-en-mohair\/\"><img loading=\"lazy\" decoding=\"async\" class=\"alignnone wp-image-639 size-full\" src=\"http:\/\/euqini-mod.com\/wp-content\/uploads\/2025\/04\/LOGO-RETOUR-OURS.jpg\" alt=\"\" width=\"158\" height=\"151\" \/><\/a><\/p>\n<p><strong>\u00a0<\/strong><\/p>\n<p><strong>\u00a0<\/strong><\/p>\n<p>&nbsp;<\/p>\n","protected":false},"excerpt":{"rendered":"<p>Je m\u2019appelle ALEXANDRE. Je suis confectionn\u00e9 dans une fourrure mohair douce Steiff Schulte [&hellip;]<\/p>\n","protected":false},"featured_media":1266,"comment_status":"open","ping_status":"closed","template":"","meta":[],"product_brand":[],"product_cat":[25],"product_tag":[55,29,44],"class_list":{"0":"post-1263","1":"product","2":"type-product","3":"status-publish","4":"has-post-thumbnail","6":"product_cat-ours-en-mohair","7":"product_tag-alexandre","8":"product_tag-mohair","9":"product_tag-ours","11":"first","12":"outofstock","13":"sold-individually","14":"purchasable","15":"product-type-simple"},"jetpack_sharing_enabled":true,"_links":{"self":[{"href":"https:\/\/euqini-mod.com\/index.php\/wp-json\/wp\/v2\/product\/1263","targetHints":{"allow":["GET"]}}],"collection":[{"href":"https:\/\/euqini-mod.com\/index.php\/wp-json\/wp\/v2\/product"}],"about":[{"href":"https:\/\/euqini-mod.com\/index.php\/wp-json\/wp\/v2\/types\/product"}],"replies":[{"embeddable":true,"href":"https:\/\/euqini-mod.com\/index.php\/wp-json\/wp\/v2\/comments?post=1263"}],"wp:featuredmedia":[{"embeddable":true,"href":"https:\/\/euqini-mod.com\/index.php\/wp-json\/wp\/v2\/media\/1266"}],"wp:attachment":[{"href":"https:\/\/euqini-mod.com\/index.php\/wp-json\/wp\/v2\/media?parent=1263"}],"wp:term":[{"taxonomy":"product_brand","embeddable":true,"href":"https:\/\/euqini-mod.com\/index.php\/wp-json\/wp\/v2\/product_brand?post=1263"},{"taxonomy":"product_cat","embeddable":true,"href":"https:\/\/euqini-mod.com\/index.php\/wp-json\/wp\/v2\/product_cat?post=1263"},{"taxonomy":"product_tag","embeddable":true,"href":"https:\/\/euqini-mod.com\/index.php\/wp-json\/wp\/v2\/product_tag?post=1263"}],"curies":[{"name":"wp","href":"https:\/\/api.w.org\/{rel}","templated":true}]}}