{"id":1282,"date":"2025-07-06T18:45:49","date_gmt":"2025-07-06T16:45:49","guid":{"rendered":"https:\/\/euqini-mod.com\/?post_type=product&#038;p=1282"},"modified":"2025-08-23T00:02:13","modified_gmt":"2025-08-22T22:02:13","slug":"mathias-la-classe","status":"publish","type":"product","link":"https:\/\/euqini-mod.com\/index.php\/produit\/mathias-la-classe\/","title":{"rendered":"MATHIAS LA LASSE"},"content":{"rendered":"<p>Je m\u2019appelle MATHIAS. Je suis confectionn\u00e9 dans une tr\u00e8s belle fourrure Alpaga Steiff Schulte couleur marron. J\u2019ai de jolis yeux en verre marrons. J\u2019aime la mode et \u00eatre toujours bien habill\u00e9. Pour ma petite sortie en for\u00eat j\u2019ai pris mon cache nez car aujourd\u2019hui il fait un peu frais. Mes bras, jambes et t\u00eate articul\u00e9s, m\u2019offrent la possibilit\u00e9 de me mettre dans diff\u00e9rentes positions.<\/p>\n<p>Je mesure 49 cm<\/p>\n<p>&nbsp;<\/p>\n<p>Mat\u00e9riaux :<\/p>\n<ul>\n<li>\u00a0Alpaga allemand Steiff schulte couleur marron<\/li>\n<li>\u00a0Yeux en verre : marron<\/li>\n<li>\u00a0Coussinets en tissus fa\u00e7on Burberry<\/li>\n<li>\u00a0V\u00eatement : pantalon et gilet<\/li>\n<li>\u00a0Articulations traditionnelles \u00e0 goupilles fendues dans les bras, les jambes et la t\u00eate<\/li>\n<li>\u00a0Remplissage : fibre de textile<\/li>\n<li>\u00a0Museau fil coton noir<\/li>\n<li>Accessoire : cache nez<\/li>\n<\/ul>\n<p>&nbsp;<\/p>\n<p><strong>Mis en garde : Contient des \u00e9l\u00e9ments amovibles susceptibles d&rsquo;\u00eatre ing\u00e9r\u00e9s. Ne convient pas \u00e0 un enfant de moins de 14 ans pour les cadeaux de naissance il sera mis en d\u00e9coration. Il convient pour les collectionneurs et amateurs de peluches d\u00e9coratives<\/strong><\/p>\n<p>&nbsp;<\/p>\n<p><a href=\"https:\/\/euqini-mod.com\/index.php\/ours-en-mohair\/\"><img loading=\"lazy\" decoding=\"async\" class=\"wp-image-639 size-full alignleft\" src=\"http:\/\/euqini-mod.com\/wp-content\/uploads\/2025\/04\/LOGO-RETOUR-OURS.jpg\" alt=\"\" width=\"158\" height=\"151\" \/><\/a><\/p>\n","protected":false},"excerpt":{"rendered":"<p>Je m\u2019appelle MATHIAS. Je suis confectionn\u00e9 dans une tr\u00e8s belle fourrure Alpaga Steiff [&hellip;]<\/p>\n","protected":false},"featured_media":1597,"comment_status":"open","ping_status":"closed","template":"","meta":[],"product_brand":[],"product_cat":[25],"product_tag":[56,29,44],"class_list":{"0":"post-1282","1":"product","2":"type-product","3":"status-publish","4":"has-post-thumbnail","6":"product_cat-ours-en-mohair","7":"product_tag-mathias","8":"product_tag-mohair","9":"product_tag-ours","11":"first","12":"instock","13":"sold-individually","14":"purchasable","15":"product-type-simple"},"jetpack_sharing_enabled":true,"_links":{"self":[{"href":"https:\/\/euqini-mod.com\/index.php\/wp-json\/wp\/v2\/product\/1282","targetHints":{"allow":["GET"]}}],"collection":[{"href":"https:\/\/euqini-mod.com\/index.php\/wp-json\/wp\/v2\/product"}],"about":[{"href":"https:\/\/euqini-mod.com\/index.php\/wp-json\/wp\/v2\/types\/product"}],"replies":[{"embeddable":true,"href":"https:\/\/euqini-mod.com\/index.php\/wp-json\/wp\/v2\/comments?post=1282"}],"wp:featuredmedia":[{"embeddable":true,"href":"https:\/\/euqini-mod.com\/index.php\/wp-json\/wp\/v2\/media\/1597"}],"wp:attachment":[{"href":"https:\/\/euqini-mod.com\/index.php\/wp-json\/wp\/v2\/media?parent=1282"}],"wp:term":[{"taxonomy":"product_brand","embeddable":true,"href":"https:\/\/euqini-mod.com\/index.php\/wp-json\/wp\/v2\/product_brand?post=1282"},{"taxonomy":"product_cat","embeddable":true,"href":"https:\/\/euqini-mod.com\/index.php\/wp-json\/wp\/v2\/product_cat?post=1282"},{"taxonomy":"product_tag","embeddable":true,"href":"https:\/\/euqini-mod.com\/index.php\/wp-json\/wp\/v2\/product_tag?post=1282"}],"curies":[{"name":"wp","href":"https:\/\/api.w.org\/{rel}","templated":true}]}}