{"id":1288,"date":"2025-07-06T18:56:44","date_gmt":"2025-07-06T16:56:44","guid":{"rendered":"https:\/\/euqini-mod.com\/?post_type=product&#038;p=1288"},"modified":"2025-08-23T00:01:31","modified_gmt":"2025-08-22T22:01:31","slug":"pimprenelle-aime-les-dentelles","status":"publish","type":"product","link":"https:\/\/euqini-mod.com\/index.php\/produit\/pimprenelle-aime-les-dentelles\/","title":{"rendered":"PIMPRENELLE AIME LES DENTELLES"},"content":{"rendered":"<p>Je m\u2019appelle PRIMPENELLE. Je suis confectionn\u00e9e dans une fourrure mohair Antic Steiff Schulte couleur beige gris clair. J\u2019ai de jolis yeux en verre bleus qui vont vous faire craquer. Vous l\u2019aurez remarqu\u00e9 j\u2019adore les dentelles et maman Dominique m\u2019a cousu une magnifique robe avec plein de dentelles. Quelques petits bijoux compl\u00e8tent ma tenue, je suis enfin pr\u00eate pour aller au salon de th\u00e9. Mes bras, jambes et t\u00eate articul\u00e9s, m\u2019offrent la possibilit\u00e9 de me mettre dans diff\u00e9rentes positions.<\/p>\n<p>Je mesure 49 cm<\/p>\n<p>Mat\u00e9riaux :<\/p>\n<ul>\n<li>\u00a0Mohair allemand Steiff schulte couleur beige gris clair<\/li>\n<li>Yeux en verre : bleu<\/li>\n<li>Coussinets et oreilles en mohair<\/li>\n<li>V\u00eatement : robe et chapeau en dentelles fabrication maison<\/li>\n<li>Articulations traditionnelles \u00e0 goupilles fendues dans les bras, les jambes et la t\u00eate<\/li>\n<li>Remplissage : fibre de textile<\/li>\n<li>Museau fil coton noir<\/li>\n<li>Accessoire : chapeau en dentelles, collier dor\u00e9 et une broche<\/li>\n<\/ul>\n<p>&nbsp;<\/p>\n<ul>\n<li><strong>Mis en garde : Contient des \u00e9l\u00e9ments amovibles susceptibles d&rsquo;\u00eatre ing\u00e9r\u00e9s. Ne convient pas \u00e0 un enfant de moins de 14 ans pour les cadeaux de naissance il sera mis en d\u00e9coration. Il convient pour les collectionneurs et amateurs de peluches d\u00e9coratives<\/strong><\/li>\n<\/ul>\n<p><a href=\"https:\/\/euqini-mod.com\/index.php\/ours-en-mohair\/\"><img loading=\"lazy\" decoding=\"async\" class=\"wp-image-639 size-full alignleft\" src=\"http:\/\/euqini-mod.com\/wp-content\/uploads\/2025\/04\/LOGO-RETOUR-OURS.jpg\" alt=\"\" width=\"158\" height=\"151\" \/><\/a><\/p>\n","protected":false},"excerpt":{"rendered":"<p>Je m\u2019appelle PRIMPENELLE. Je suis confectionn\u00e9e dans une fourrure mohair Antic Steiff Schulte [&hellip;]<\/p>\n","protected":false},"featured_media":1622,"comment_status":"open","ping_status":"closed","template":"","meta":[],"product_brand":[],"product_cat":[25],"product_tag":[29,44,57],"class_list":{"0":"post-1288","1":"product","2":"type-product","3":"status-publish","4":"has-post-thumbnail","6":"product_cat-ours-en-mohair","7":"product_tag-mohair","8":"product_tag-ours","9":"product_tag-pimpenelle","11":"first","12":"instock","13":"sold-individually","14":"purchasable","15":"product-type-simple"},"jetpack_sharing_enabled":true,"_links":{"self":[{"href":"https:\/\/euqini-mod.com\/index.php\/wp-json\/wp\/v2\/product\/1288","targetHints":{"allow":["GET"]}}],"collection":[{"href":"https:\/\/euqini-mod.com\/index.php\/wp-json\/wp\/v2\/product"}],"about":[{"href":"https:\/\/euqini-mod.com\/index.php\/wp-json\/wp\/v2\/types\/product"}],"replies":[{"embeddable":true,"href":"https:\/\/euqini-mod.com\/index.php\/wp-json\/wp\/v2\/comments?post=1288"}],"wp:featuredmedia":[{"embeddable":true,"href":"https:\/\/euqini-mod.com\/index.php\/wp-json\/wp\/v2\/media\/1622"}],"wp:attachment":[{"href":"https:\/\/euqini-mod.com\/index.php\/wp-json\/wp\/v2\/media?parent=1288"}],"wp:term":[{"taxonomy":"product_brand","embeddable":true,"href":"https:\/\/euqini-mod.com\/index.php\/wp-json\/wp\/v2\/product_brand?post=1288"},{"taxonomy":"product_cat","embeddable":true,"href":"https:\/\/euqini-mod.com\/index.php\/wp-json\/wp\/v2\/product_cat?post=1288"},{"taxonomy":"product_tag","embeddable":true,"href":"https:\/\/euqini-mod.com\/index.php\/wp-json\/wp\/v2\/product_tag?post=1288"}],"curies":[{"name":"wp","href":"https:\/\/api.w.org\/{rel}","templated":true}]}}