{"id":1319,"date":"2025-07-13T22:07:00","date_gmt":"2025-07-13T20:07:00","guid":{"rendered":"https:\/\/euqini-mod.com\/?post_type=product&#038;p=1319"},"modified":"2025-08-23T00:00:32","modified_gmt":"2025-08-22T22:00:32","slug":"baltazar-a-la-guitare","status":"publish","type":"product","link":"https:\/\/euqini-mod.com\/index.php\/produit\/baltazar-a-la-guitare\/","title":{"rendered":"BALTAZAR A LA GUITARE"},"content":{"rendered":"<p>Je m\u2019appelle BALTAZAR. Je suis confectionn\u00e9 dans une fourrure Mohair Steiff Schulte couleur beige clair. J\u2019ai de jolis yeux en verre noirs. J\u2019aime la musique. Je donne des cours de guitare et je fais \u00e9galement des concerts. Mes bras, jambes et t\u00eate articul\u00e9s, m\u2019offrent la possibilit\u00e9 de me mettre dans diff\u00e9rentes positions.<\/p>\n<p>Je mesure 22 cm<\/p>\n<p>&nbsp;<\/p>\n<p>Mat\u00e9riaux :<\/p>\n<p>&#8211; Mohair allemand Steiff schulte couleur beige clair.<\/p>\n<p>&#8211; Yeux en verre : noir<\/p>\n<p>&#8211; Coussinets en su\u00e9dine couleur caramel<\/p>\n<p>&#8211; V\u00eatement : bol\u00e9ro en su\u00e9dine<\/p>\n<p>&#8211; Articulations traditionnelles \u00e0 goupilles fendues dans les bras, les jambes et la t\u00eate<\/p>\n<p>&#8211; Remplissage : fibre de textile et billes d\u2019acier<\/p>\n<p>&#8211; Museau fil coton noir<\/p>\n<p>&#8211; Accessoire : n\u0153ud papillon, chapeau, guitare<\/p>\n<p>&nbsp;<\/p>\n<ul>\n<li><strong>Mis en garde : Contient des \u00e9l\u00e9ments amovibles susceptibles d&rsquo;\u00eatre ing\u00e9r\u00e9s. Ne convient pas \u00e0 un enfant de moins de 14 ans pour les cadeaux de naissance il sera mis en d\u00e9coration. Il convient pour les collectionneurs et amateurs de peluches d\u00e9coratives<\/strong><\/li>\n<\/ul>\n<p><a href=\"https:\/\/euqini-mod.com\/index.php\/ours-en-mohair\/\"><img loading=\"lazy\" decoding=\"async\" class=\"wp-image-639 size-full alignnone\" src=\"http:\/\/euqini-mod.com\/wp-content\/uploads\/2025\/04\/LOGO-RETOUR-OURS.jpg\" alt=\"\" width=\"158\" height=\"151\" \/><\/a><\/p>\n","protected":false},"excerpt":{"rendered":"<p>Je m\u2019appelle BALTAZAR. Je suis confectionn\u00e9 dans une fourrure Mohair Steiff Schulte couleur [&hellip;]<\/p>\n","protected":false},"featured_media":1487,"comment_status":"open","ping_status":"closed","template":"","meta":[],"product_brand":[],"product_cat":[25],"product_tag":[58,29,44],"class_list":{"0":"post-1319","1":"product","2":"type-product","3":"status-publish","4":"has-post-thumbnail","6":"product_cat-ours-en-mohair","7":"product_tag-baltazar","8":"product_tag-mohair","9":"product_tag-ours","11":"first","12":"instock","13":"sold-individually","14":"purchasable","15":"product-type-simple"},"jetpack_sharing_enabled":true,"_links":{"self":[{"href":"https:\/\/euqini-mod.com\/index.php\/wp-json\/wp\/v2\/product\/1319","targetHints":{"allow":["GET"]}}],"collection":[{"href":"https:\/\/euqini-mod.com\/index.php\/wp-json\/wp\/v2\/product"}],"about":[{"href":"https:\/\/euqini-mod.com\/index.php\/wp-json\/wp\/v2\/types\/product"}],"replies":[{"embeddable":true,"href":"https:\/\/euqini-mod.com\/index.php\/wp-json\/wp\/v2\/comments?post=1319"}],"wp:featuredmedia":[{"embeddable":true,"href":"https:\/\/euqini-mod.com\/index.php\/wp-json\/wp\/v2\/media\/1487"}],"wp:attachment":[{"href":"https:\/\/euqini-mod.com\/index.php\/wp-json\/wp\/v2\/media?parent=1319"}],"wp:term":[{"taxonomy":"product_brand","embeddable":true,"href":"https:\/\/euqini-mod.com\/index.php\/wp-json\/wp\/v2\/product_brand?post=1319"},{"taxonomy":"product_cat","embeddable":true,"href":"https:\/\/euqini-mod.com\/index.php\/wp-json\/wp\/v2\/product_cat?post=1319"},{"taxonomy":"product_tag","embeddable":true,"href":"https:\/\/euqini-mod.com\/index.php\/wp-json\/wp\/v2\/product_tag?post=1319"}],"curies":[{"name":"wp","href":"https:\/\/api.w.org\/{rel}","templated":true}]}}