{"id":1387,"date":"2025-07-19T16:43:46","date_gmt":"2025-07-19T14:43:46","guid":{"rendered":"https:\/\/euqini-mod.com\/?post_type=product&#038;p=1387"},"modified":"2025-08-22T23:42:03","modified_gmt":"2025-08-22T21:42:03","slug":"baptiste-le-caviste","status":"publish","type":"product","link":"https:\/\/euqini-mod.com\/index.php\/produit\/baptiste-le-caviste\/","title":{"rendered":"BAPTISTE LE CAVISTE"},"content":{"rendered":"<p>Je m\u2019appelle BAPTISTE. Je suis confectionn\u00e9 dans une fourrure mohair Steiff Schulte couleur beige gris clair. J\u2019ai de jolis yeux en verre noirs et une petite bouille sympa. Ma passion c\u2019est le vin et je s\u00e9lectionne les meilleurs pour mes clients. Le tire-bouchon est pr\u00eat venez faire une petite d\u00e9gustation. Mes bras, jambes et t\u00eate articul\u00e9s, m\u2019offrent la possibilit\u00e9 de me mettre dans diff\u00e9rentes positions.<\/p>\n<p>Je mesure 33 cm<\/p>\n<p>&nbsp;<\/p>\n<p>Mat\u00e9riaux :<\/p>\n<p>&#8211; Mohair allemand Steiff schulte couleur beige gris clair<\/p>\n<p>&#8211; Yeux en verre : noir<\/p>\n<p>&#8211; Coussinets et oreilles en mohair<\/p>\n<p>&#8211; V\u00eatement : Tablier en su\u00e9dine marron<\/p>\n<p>&#8211; Articulations traditionnelles \u00e0 goupilles fendues dans les bras, les jambes et la t\u00eate<\/p>\n<p>&#8211; Remplissage : fibre de textile et billes d\u2019acier<\/p>\n<p>&#8211; Museau fil coton noir<\/p>\n<p>&#8211; Accessoire : chapeau, bouteille, verre, tire-bouchon<\/p>\n<p>&nbsp;<\/p>\n<p><strong>&#8211; Mis en garde : Contient des \u00e9l\u00e9ments amovibles susceptibles d&rsquo;\u00eatre ing\u00e9r\u00e9s. Ne convient pas \u00e0 un enfant de moins de 14 ans pour les cadeaux de naissance il sera mis en d\u00e9coration. Il convient pour les collectionneurs et amateurs de peluches d\u00e9coratives<\/strong><\/p>\n<p>&nbsp;<\/p>\n<p>&nbsp;<\/p>\n<p><a href=\"https:\/\/euqini-mod.com\/index.php\/ours-en-mohair\/\"><img loading=\"lazy\" decoding=\"async\" class=\"wp-image-639 size-full alignnone\" src=\"http:\/\/euqini-mod.com\/wp-content\/uploads\/2025\/04\/LOGO-RETOUR-OURS.jpg\" alt=\"\" width=\"158\" height=\"151\" \/><\/a><\/p>\n","protected":false},"excerpt":{"rendered":"<p>Je m\u2019appelle BAPTISTE. Je suis confectionn\u00e9 dans une fourrure mohair Steiff Schulte couleur [&hellip;]<\/p>\n","protected":false},"featured_media":1546,"comment_status":"open","ping_status":"closed","template":"","meta":[],"product_brand":[],"product_cat":[25],"product_tag":[72,29,44],"class_list":{"0":"post-1387","1":"product","2":"type-product","3":"status-publish","4":"has-post-thumbnail","6":"product_cat-ours-en-mohair","7":"product_tag-baptiste","8":"product_tag-mohair","9":"product_tag-ours","11":"first","12":"instock","13":"sold-individually","14":"purchasable","15":"product-type-simple"},"jetpack_sharing_enabled":true,"_links":{"self":[{"href":"https:\/\/euqini-mod.com\/index.php\/wp-json\/wp\/v2\/product\/1387","targetHints":{"allow":["GET"]}}],"collection":[{"href":"https:\/\/euqini-mod.com\/index.php\/wp-json\/wp\/v2\/product"}],"about":[{"href":"https:\/\/euqini-mod.com\/index.php\/wp-json\/wp\/v2\/types\/product"}],"replies":[{"embeddable":true,"href":"https:\/\/euqini-mod.com\/index.php\/wp-json\/wp\/v2\/comments?post=1387"}],"wp:featuredmedia":[{"embeddable":true,"href":"https:\/\/euqini-mod.com\/index.php\/wp-json\/wp\/v2\/media\/1546"}],"wp:attachment":[{"href":"https:\/\/euqini-mod.com\/index.php\/wp-json\/wp\/v2\/media?parent=1387"}],"wp:term":[{"taxonomy":"product_brand","embeddable":true,"href":"https:\/\/euqini-mod.com\/index.php\/wp-json\/wp\/v2\/product_brand?post=1387"},{"taxonomy":"product_cat","embeddable":true,"href":"https:\/\/euqini-mod.com\/index.php\/wp-json\/wp\/v2\/product_cat?post=1387"},{"taxonomy":"product_tag","embeddable":true,"href":"https:\/\/euqini-mod.com\/index.php\/wp-json\/wp\/v2\/product_tag?post=1387"}],"curies":[{"name":"wp","href":"https:\/\/api.w.org\/{rel}","templated":true}]}}