{"id":1410,"date":"2025-08-03T01:08:43","date_gmt":"2025-08-02T23:08:43","guid":{"rendered":"https:\/\/euqini-mod.com\/?post_type=product&#038;p=1410"},"modified":"2025-08-22T23:38:26","modified_gmt":"2025-08-22T21:38:26","slug":"suzanne-et-ses-papillons","status":"publish","type":"product","link":"https:\/\/euqini-mod.com\/index.php\/produit\/suzanne-et-ses-papillons\/","title":{"rendered":"SUZANNE ET SES PAPILLONS"},"content":{"rendered":"<p>Je m\u2019appelle SUZANNE. Je suis confectionn\u00e9e dans une fourrure mohair douce Steiff Schulte couleur marron et or. J\u2019ai de jolis yeux en verre bleus et un petit sourire sympa. Je me prom\u00e8ne dans le parc o\u00f9 je suis entour\u00e9e de fleurs et de papillons qui volent et virevoltent et me charment de leurs couleurs chatoyantes. Mes bras, jambes et t\u00eate articul\u00e9s, m\u2019offrent la possibilit\u00e9 de me mettre dans diff\u00e9rentes positions.<\/p>\n<p>Je mesure 49 cm<\/p>\n<p>&nbsp;<\/p>\n<p>Mat\u00e9riaux :<\/p>\n<ul>\n<li>Mohair allemand Steiff schulte couleur marron et or.<\/li>\n<li>Yeux en verre : bleu<\/li>\n<li>Coussinets et oreilles en mohair marron et or.<\/li>\n<li>V\u00eatement : robe tissus couleur bleu jeans avec dentelles<\/li>\n<li>Articulations traditionnelles \u00e0 goupilles fendues dans les bras, les jambes et la t\u00eate<\/li>\n<li>Remplissage : fibre de textile<\/li>\n<li>Museau fil coton noir<\/li>\n<li>Accessoire : pendentif ancien, n\u0153ud en dentelle<\/li>\n<\/ul>\n<p>&nbsp;<\/p>\n<p><strong>&#8211; Mis en garde : Contient des \u00e9l\u00e9ments amovibles susceptibles d&rsquo;\u00eatre ing\u00e9r\u00e9s. Ne convient pas \u00e0 un enfant de moins de 14 ans pour les cadeaux de naissance il sera mis en d\u00e9coration. Il convient pour les collectionneurs et amateurs de peluches d\u00e9coratives<\/strong><\/p>\n<p>&nbsp;<\/p>\n<p>&nbsp;<\/p>\n<p><a href=\"https:\/\/euqini-mod.com\/index.php\/ours-en-mohair\/\"><img loading=\"lazy\" decoding=\"async\" class=\"wp-image-639 size-full alignleft\" src=\"http:\/\/euqini-mod.com\/wp-content\/uploads\/2025\/04\/LOGO-RETOUR-OURS.jpg\" alt=\"\" width=\"158\" height=\"151\" \/><\/a><\/p>\n","protected":false},"excerpt":{"rendered":"<p>Je m\u2019appelle SUZANNE. Je suis confectionn\u00e9e dans une fourrure mohair douce Steiff Schulte [&hellip;]<\/p>\n","protected":false},"featured_media":1576,"comment_status":"open","ping_status":"closed","template":"","meta":[],"product_brand":[],"product_cat":[25],"product_tag":[29,44,74],"class_list":{"0":"post-1410","1":"product","2":"type-product","3":"status-publish","4":"has-post-thumbnail","6":"product_cat-ours-en-mohair","7":"product_tag-mohair","8":"product_tag-ours","9":"product_tag-suzanne","11":"first","12":"instock","13":"sold-individually","14":"purchasable","15":"product-type-simple"},"jetpack_sharing_enabled":true,"_links":{"self":[{"href":"https:\/\/euqini-mod.com\/index.php\/wp-json\/wp\/v2\/product\/1410","targetHints":{"allow":["GET"]}}],"collection":[{"href":"https:\/\/euqini-mod.com\/index.php\/wp-json\/wp\/v2\/product"}],"about":[{"href":"https:\/\/euqini-mod.com\/index.php\/wp-json\/wp\/v2\/types\/product"}],"replies":[{"embeddable":true,"href":"https:\/\/euqini-mod.com\/index.php\/wp-json\/wp\/v2\/comments?post=1410"}],"wp:featuredmedia":[{"embeddable":true,"href":"https:\/\/euqini-mod.com\/index.php\/wp-json\/wp\/v2\/media\/1576"}],"wp:attachment":[{"href":"https:\/\/euqini-mod.com\/index.php\/wp-json\/wp\/v2\/media?parent=1410"}],"wp:term":[{"taxonomy":"product_brand","embeddable":true,"href":"https:\/\/euqini-mod.com\/index.php\/wp-json\/wp\/v2\/product_brand?post=1410"},{"taxonomy":"product_cat","embeddable":true,"href":"https:\/\/euqini-mod.com\/index.php\/wp-json\/wp\/v2\/product_cat?post=1410"},{"taxonomy":"product_tag","embeddable":true,"href":"https:\/\/euqini-mod.com\/index.php\/wp-json\/wp\/v2\/product_tag?post=1410"}],"curies":[{"name":"wp","href":"https:\/\/api.w.org\/{rel}","templated":true}]}}