{"id":1415,"date":"2025-08-03T01:14:10","date_gmt":"2025-08-02T23:14:10","guid":{"rendered":"https:\/\/euqini-mod.com\/?post_type=product&#038;p=1415"},"modified":"2025-08-22T23:39:25","modified_gmt":"2025-08-22T21:39:25","slug":"douglas-du-texas","status":"publish","type":"product","link":"https:\/\/euqini-mod.com\/index.php\/produit\/douglas-du-texas\/","title":{"rendered":"DOUGLAS DU TEXAS"},"content":{"rendered":"<p class=\"s7\"><span class=\"s4\">J<\/span><span class=\"s4\">e m\u2019appelle <\/span><span class=\"s4\">DOUGLAS.<\/span> <span class=\"s5\">Je suis confectionn\u00e9<\/span><span class=\"s5\">e<\/span> <span class=\"s5\">dans une fourrure mohair douce <\/span><span class=\"s5\">Steiff<\/span><span class=\"s5\">Schulte<\/span><span class=\"s5\"> couleur <\/span><span class=\"s5\">marron <\/span><span class=\"s5\">et or<\/span><span class=\"s5\">.<\/span><span class=\"s5\"> \u00a0J\u2019ai de jolis yeux en verre<\/span> <span class=\"s5\">noirs<\/span> <span class=\"s5\">et un petit sourire<\/span><span class=\"s5\"> sympa<\/span><span class=\"s5\">. Je <\/span><span class=\"s5\">me prom\u00e8ne <\/span><span class=\"s5\">toujours avec mon Jeans dans le d\u00e9sert Texan. <\/span><span class=\"s5\">Je suis ni<\/span><span class=\"s5\"> sh\u00e9rif, ni bandit, ni chercher d\u2019or, je suis chasseur de cactus rares. <\/span><span class=\"s6\">Mes bras, jambes et t\u00eate articul\u00e9s, m\u2019offrent la possibilit\u00e9 de me mettre dans diff\u00e9rentes positions.<\/span><\/p>\n<p class=\"s7\"><span class=\"s6\">Je mesure <\/span><span class=\"s6\">49<\/span><span class=\"s6\"> cm<\/span><\/p>\n<p>&nbsp;<\/p>\n<p class=\"s10\"><span class=\"s8\">Mat\u00e9riaux<\/span><span class=\"s9\">\u00a0:<\/span><\/p>\n<div class=\"s12\"><span class=\"s11\">\u25aa <\/span><span class=\"s6\">Mohair allemand <\/span><span class=\"s6\">Steiff<\/span> <span class=\"s6\">schulte<\/span><span class=\"s6\"> couleur <\/span><span class=\"s6\">marron <\/span><span class=\"s6\">et or.<\/span><\/div>\n<div class=\"s12\"><span class=\"s11\">\u25aa <\/span><span class=\"s6\">Yeux <\/span><span class=\"s6\">en <\/span><span class=\"s6\">verre<\/span><span class=\"s6\">\u00a0: <\/span><span class=\"s6\">noir<\/span><\/div>\n<div class=\"s12\"><span class=\"s11\">\u25aa <\/span><span class=\"s6\">Coussinets<\/span> <span class=\"s6\">en su\u00e9dine marron <\/span><span class=\"s6\">et <\/span><span class=\"s6\">oreilles en mohair marron <\/span><span class=\"s6\">et or<\/span><span class=\"s6\"> bras mohair or<\/span><\/div>\n<div class=\"s12\"><span class=\"s11\">\u25aa <\/span><span class=\"s6\">V\u00eatement\u00a0: <\/span><span class=\"s6\">Jeans et veste en jeans<\/span><\/div>\n<div class=\"s12\"><span class=\"s11\">\u25aa <\/span><span class=\"s6\">Articulations traditionnelles \u00e0 goupilles fendues dans les bras, les jambes et la t\u00eate<\/span><\/div>\n<div class=\"s12\"><span class=\"s11\">\u25aa <\/span><span class=\"s6\">Remplissage : <\/span><span class=\"s6\">fibre de textile<\/span><\/div>\n<div class=\"s12\"><span class=\"s11\">\u25aa <\/span><span class=\"s6\">Museau fil <\/span><span class=\"s6\">coton noir<\/span><\/div>\n<div class=\"s12\"><span class=\"s11\">\u25aa <\/span><span class=\"s6\">Accessoire\u00a0: <\/span><span class=\"s6\">petit sac cactus, foulard et pin\u2019s lune<\/span><\/div>\n<div class=\"s16\"><strong><span class=\"s11\">\u25aa <\/span><span class=\"s14\">Mis en garde<\/span><span class=\"s15\"> : <\/span><span class=\"s15\">Contient des \u00e9l\u00e9ments amovibles susceptibles d&rsquo;\u00eatre ing\u00e9r\u00e9s. Ne convient pas \u00e0 un enfant de moins de 14 ans pour les cadeaux de naissance il sera mis en d\u00e9coration. Il convient pour les collectionneurs et amateurs de peluches d\u00e9coratives<\/span><\/strong><\/div>\n<p>&nbsp;<\/p>\n<p><a href=\"https:\/\/euqini-mod.com\/index.php\/ours-en-mohair\/\"><img loading=\"lazy\" decoding=\"async\" class=\"wp-image-639 size-full alignnone\" src=\"http:\/\/euqini-mod.com\/wp-content\/uploads\/2025\/04\/LOGO-RETOUR-OURS.jpg\" alt=\"\" width=\"158\" height=\"151\" \/><\/a><\/p>\n","protected":false},"excerpt":{"rendered":"<p>Je m\u2019appelle DOUGLAS. Je suis confectionn\u00e9e dans une fourrure mohair douce SteiffSchulte couleur [&hellip;]<\/p>\n","protected":false},"featured_media":1626,"comment_status":"open","ping_status":"closed","template":"","meta":[],"product_brand":[],"product_cat":[25],"product_tag":[75,29,44],"class_list":{"0":"post-1415","1":"product","2":"type-product","3":"status-publish","4":"has-post-thumbnail","6":"product_cat-ours-en-mohair","7":"product_tag-douglas","8":"product_tag-mohair","9":"product_tag-ours","11":"first","12":"instock","13":"sold-individually","14":"purchasable","15":"product-type-simple"},"jetpack_sharing_enabled":true,"_links":{"self":[{"href":"https:\/\/euqini-mod.com\/index.php\/wp-json\/wp\/v2\/product\/1415","targetHints":{"allow":["GET"]}}],"collection":[{"href":"https:\/\/euqini-mod.com\/index.php\/wp-json\/wp\/v2\/product"}],"about":[{"href":"https:\/\/euqini-mod.com\/index.php\/wp-json\/wp\/v2\/types\/product"}],"replies":[{"embeddable":true,"href":"https:\/\/euqini-mod.com\/index.php\/wp-json\/wp\/v2\/comments?post=1415"}],"wp:featuredmedia":[{"embeddable":true,"href":"https:\/\/euqini-mod.com\/index.php\/wp-json\/wp\/v2\/media\/1626"}],"wp:attachment":[{"href":"https:\/\/euqini-mod.com\/index.php\/wp-json\/wp\/v2\/media?parent=1415"}],"wp:term":[{"taxonomy":"product_brand","embeddable":true,"href":"https:\/\/euqini-mod.com\/index.php\/wp-json\/wp\/v2\/product_brand?post=1415"},{"taxonomy":"product_cat","embeddable":true,"href":"https:\/\/euqini-mod.com\/index.php\/wp-json\/wp\/v2\/product_cat?post=1415"},{"taxonomy":"product_tag","embeddable":true,"href":"https:\/\/euqini-mod.com\/index.php\/wp-json\/wp\/v2\/product_tag?post=1415"}],"curies":[{"name":"wp","href":"https:\/\/api.w.org\/{rel}","templated":true}]}}