{"id":1454,"date":"2025-08-10T00:52:23","date_gmt":"2025-08-09T22:52:23","guid":{"rendered":"https:\/\/euqini-mod.com\/?post_type=product&#038;p=1454"},"modified":"2025-08-22T01:16:35","modified_gmt":"2025-08-21T23:16:35","slug":"lucienne-la-parisienne","status":"publish","type":"product","link":"https:\/\/euqini-mod.com\/index.php\/produit\/lucienne-la-parisienne\/","title":{"rendered":"LUCIENNE LA PARISIENNE"},"content":{"rendered":"<p class=\"s7\"><span class=\"s4\">J<\/span><span class=\"s4\">e m\u2019appelle <\/span><span class=\"s4\">LUCIENNE<\/span><span class=\"s4\">.<\/span> <span class=\"s5\">Je suis confectionn\u00e9<\/span><span class=\"s5\">e<\/span> <span class=\"s5\">dans une fourrure <\/span><span class=\"s5\">alpaga tr\u00e8s <\/span><span class=\"s5\">douce <\/span><span class=\"s5\">Steiff<\/span><span class=\"s5\">Schulte<\/span><span class=\"s5\"> couleur <\/span><span class=\"s5\">marron fonc\u00e9.<\/span><span class=\"s5\"> \u00a0J\u2019ai de jolis yeux en verre <\/span><span class=\"s5\">noir<\/span> <span class=\"s5\">et u<\/span><span class=\"s5\">ne petite bouille<\/span><span class=\"s5\"> sympa<\/span><span class=\"s5\">. J<\/span><span class=\"s5\">\u2019ai mis mes beaux v\u00eatements et mes dentelles pour fl\u00e2ner dans Paris. J\u2019habite dans le 16eme et je vais rejoindre mes amies dans mon salon de th\u00e9 pr\u00e9f\u00e9r\u00e9 passer un bon moment avec de d\u00e9licieux petits g\u00e2teaux. <\/span><span class=\"s6\">Mes bras, jambes et t\u00eate articul\u00e9s, m\u2019offrent la possibilit\u00e9 de me mettre dans diff\u00e9rentes positions.<\/span><\/p>\n<p class=\"s7\"><span class=\"s6\">Je mesure<\/span><span class=\"s6\"> 48<\/span><span class=\"s6\"> cm<\/span><\/p>\n<p>&nbsp;<\/p>\n<p class=\"s10\"><span class=\"s8\">Mat\u00e9riaux<\/span><span class=\"s9\">\u00a0:<\/span><\/p>\n<div class=\"s12\"><span class=\"s11\">\u25aa <\/span><span class=\"s6\">Alpaga<\/span><span class=\"s6\"> allemand <\/span><span class=\"s6\">Steiff<\/span> <span class=\"s6\">schulte<\/span><span class=\"s6\"> couleur <\/span><span class=\"s6\">marron fonc\u00e9<\/span><\/div>\n<div class=\"s12\"><span class=\"s11\">\u25aa <\/span><span class=\"s6\">Yeux <\/span><span class=\"s6\">en <\/span><span class=\"s6\">verre<\/span><span class=\"s6\">\u00a0: \u00a0<\/span><span class=\"s6\">noir<\/span><\/div>\n<div class=\"s12\"><span class=\"s11\">\u25aa <\/span><span class=\"s6\">Coussinets<\/span> <span class=\"s6\">su\u00e9dine marron <\/span><span class=\"s6\">et <\/span><span class=\"s6\">oreilles en <\/span><span class=\"s6\">alpaga<\/span><span class=\"s6\"> marron fonc\u00e9<\/span><\/div>\n<div class=\"s12\"><span class=\"s11\">\u25aa <\/span><span class=\"s6\">V\u00eatement\u00a0: <\/span><span class=\"s6\">jolie veste tricot\u00e9e rose et foulard en dentelle<\/span><\/div>\n<div class=\"s12\"><span class=\"s11\">\u25aa <\/span><span class=\"s6\">Articulations traditionnelles \u00e0 goupilles fendues dans les bras, les jambes et la t\u00eate<\/span><\/div>\n<div class=\"s12\"><span class=\"s11\">\u25aa <\/span><span class=\"s6\">Remplissage : <\/span><span class=\"s6\">fibre de textile<\/span><\/div>\n<div class=\"s12\"><span class=\"s11\">\u25aa <\/span><span class=\"s6\">Museau fil <\/span><span class=\"s6\">coton noir<\/span><\/div>\n<div class=\"s12\"><span class=\"s11\">\u25aa <\/span><span class=\"s6\">Accessoire\u00a0: <\/span><span class=\"s6\">chapeau <\/span><span class=\"s6\">avec dentelle, collier de perle, petit sac en dentelles<\/span><\/div>\n<div><\/div>\n<div><\/div>\n<div class=\"s16\"><strong><span class=\"s11\">\u25aa <\/span><span class=\"s14\">Mis en garde<\/span><span class=\"s15\"> : <\/span><span class=\"s15\">Contient des \u00e9l\u00e9ments amovibles susceptibles d&rsquo;\u00eatre ing\u00e9r\u00e9s. Ne convient pas \u00e0 un enfant de moins de 14 ans pour les cadeaux de naissance il sera mis en d\u00e9coration. Il convient pour les collectionneurs et amateurs de peluches d\u00e9corative<\/span><\/strong><\/div>\n<div><\/div>\n<div><\/div>\n<p><a href=\"https:\/\/euqini-mod.com\/index.php\/ours-en-mohair\/\"><img loading=\"lazy\" decoding=\"async\" class=\"wp-image-639 size-full alignnone\" src=\"http:\/\/euqini-mod.com\/wp-content\/uploads\/2025\/04\/LOGO-RETOUR-OURS.jpg\" alt=\"\" width=\"158\" height=\"151\" \/><\/a><\/p>\n","protected":false},"excerpt":{"rendered":"<p>Je m\u2019appelle LUCIENNE. Je suis confectionn\u00e9e dans une fourrure alpaga tr\u00e8s douce SteiffSchulte [&hellip;]<\/p>\n","protected":false},"featured_media":1603,"comment_status":"open","ping_status":"closed","template":"","meta":[],"product_brand":[],"product_cat":[25],"product_tag":[79,29,44],"class_list":{"0":"post-1454","1":"product","2":"type-product","3":"status-publish","4":"has-post-thumbnail","6":"product_cat-ours-en-mohair","7":"product_tag-lucienne","8":"product_tag-mohair","9":"product_tag-ours","11":"first","12":"instock","13":"sold-individually","14":"purchasable","15":"product-type-simple"},"jetpack_sharing_enabled":true,"_links":{"self":[{"href":"https:\/\/euqini-mod.com\/index.php\/wp-json\/wp\/v2\/product\/1454","targetHints":{"allow":["GET"]}}],"collection":[{"href":"https:\/\/euqini-mod.com\/index.php\/wp-json\/wp\/v2\/product"}],"about":[{"href":"https:\/\/euqini-mod.com\/index.php\/wp-json\/wp\/v2\/types\/product"}],"replies":[{"embeddable":true,"href":"https:\/\/euqini-mod.com\/index.php\/wp-json\/wp\/v2\/comments?post=1454"}],"wp:featuredmedia":[{"embeddable":true,"href":"https:\/\/euqini-mod.com\/index.php\/wp-json\/wp\/v2\/media\/1603"}],"wp:attachment":[{"href":"https:\/\/euqini-mod.com\/index.php\/wp-json\/wp\/v2\/media?parent=1454"}],"wp:term":[{"taxonomy":"product_brand","embeddable":true,"href":"https:\/\/euqini-mod.com\/index.php\/wp-json\/wp\/v2\/product_brand?post=1454"},{"taxonomy":"product_cat","embeddable":true,"href":"https:\/\/euqini-mod.com\/index.php\/wp-json\/wp\/v2\/product_cat?post=1454"},{"taxonomy":"product_tag","embeddable":true,"href":"https:\/\/euqini-mod.com\/index.php\/wp-json\/wp\/v2\/product_tag?post=1454"}],"curies":[{"name":"wp","href":"https:\/\/api.w.org\/{rel}","templated":true}]}}