{"id":1469,"date":"2025-08-11T15:07:28","date_gmt":"2025-08-11T13:07:28","guid":{"rendered":"https:\/\/euqini-mod.com\/?post_type=product&#038;p=1469"},"modified":"2025-08-22T01:14:28","modified_gmt":"2025-08-21T23:14:28","slug":"madame-nounours-va-faire-ses-courses","status":"publish","type":"product","link":"https:\/\/euqini-mod.com\/index.php\/produit\/madame-nounours-va-faire-ses-courses\/","title":{"rendered":"MADAME NOUNOURS VA FAIRE SES COURSES"},"content":{"rendered":"<p class=\"s8\"><span class=\"s5\">J<\/span><span class=\"s5\">e m\u2019appelle <\/span><span class=\"s5\">MIRABELLE<\/span><span class=\"s5\">.<\/span> <span class=\"s6\">Je suis confectionn\u00e9<\/span><span class=\"s6\">e <\/span><span class=\"s6\">dans une fourrure <\/span><span class=\"s6\">alpaga<\/span><span class=\"s6\"> douce <\/span><span class=\"s6\">Steiff<\/span><span class=\"s6\">Schulte<\/span> <span class=\"s6\">de haute qualit\u00e9 de <\/span><span class=\"s6\">couleur <\/span><span class=\"s6\">blanc<\/span><span class=\"s6\">.<\/span><span class=\"s6\"> \u00a0J\u2019ai de jolis yeux en verre <\/span><span class=\"s6\">jaunes brillants<\/span> <span class=\"s6\">et un petit sourire<\/span><span class=\"s6\"> sympa<\/span><span class=\"s6\">. Je suis<\/span> <span class=\"s6\">contente car c\u2019est l\u2019\u00e9t\u00e9 alors j\u2019ai remis ma jolie robe \u00e0 fleurs pour aller faire mon march\u00e9. \u00a0J\u2019adore fl\u00e2ner au travers des \u00e9tals et sentir le bon parfum du march\u00e9 avec ses fleurs, ses \u00e9pices et ses fruits. <\/span><span class=\"s7\">Mes bras, jambes et t\u00eate articul\u00e9s, m\u2019offrent la possibilit\u00e9 de me mettre dans diff\u00e9rentes positions.<\/span><\/p>\n<p class=\"s8\"><span class=\"s7\">Je mesure <\/span><span class=\"s7\">33<\/span><span class=\"s7\"> cm<\/span><\/p>\n<p>&nbsp;<\/p>\n<p class=\"s11\"><span class=\"s9\">Mat\u00e9riaux<\/span><span class=\"s10\">\u00a0:<\/span><\/p>\n<div class=\"s13\"><span class=\"s12\">\u25aa <\/span><span class=\"s7\">Alpaga <\/span><span class=\"s7\">allemand <\/span><span class=\"s7\">Steiff<\/span> <span class=\"s7\">schulte<\/span><span class=\"s7\"> couleur <\/span><span class=\"s7\">blanc<\/span><\/div>\n<div class=\"s13\"><span class=\"s12\">\u25aa <\/span><span class=\"s7\">Yeux <\/span><span class=\"s7\">en <\/span><span class=\"s7\">verre<\/span><span class=\"s7\">\u00a0: \u00a0<\/span><span class=\"s7\">jaunes<\/span><\/div>\n<div class=\"s13\"><span class=\"s12\">\u25aa <\/span><span class=\"s7\">Coussinets<\/span> <span class=\"s7\">et oreilles en alpaga blanc<\/span><\/div>\n<div class=\"s13\"><span class=\"s12\">\u25aa <\/span><span class=\"s7\">V\u00eatement\u00a0: <\/span><span class=\"s7\">robe en coton \u00e0 fleurs et dentelles<\/span><\/div>\n<div class=\"s13\"><span class=\"s12\">\u25aa <\/span><span class=\"s7\">Articulations traditionnelles \u00e0 goupilles fendues dans les bras, les jambes et la t\u00eate<\/span><\/div>\n<div class=\"s13\"><span class=\"s12\">\u25aa <\/span><span class=\"s7\">Remplissage : <\/span><span class=\"s7\">fibre de textile<\/span><\/div>\n<div class=\"s13\"><span class=\"s12\">\u25aa <\/span><span class=\"s7\">Museau fil <\/span><span class=\"s7\">coton <\/span><span class=\"s7\">jaune orang\u00e9<\/span><\/div>\n<div class=\"s13\"><span class=\"s12\">\u25aa <\/span><span class=\"s7\">Accessoire\u00a0: <\/span><span class=\"s7\">n\u0153ud sur la t\u00eate avec perle jaune, panier<\/span><\/div>\n<div class=\"s17\"><strong><span class=\"s12\">\u25aa <\/span><span class=\"s15\">Mis en garde<\/span><span class=\"s16\"> : <\/span><span class=\"s16\">Contient des \u00e9l\u00e9ments amovibles susceptibles d&rsquo;\u00eatre ing\u00e9r\u00e9s. Ne convient pas \u00e0 un enfant de moins de 14 ans pour les cadeaux de naissance il sera mis en d\u00e9coration. Il convient pour les collectionneurs et amateurs de peluches d\u00e9coratives<\/span><\/strong><\/div>\n<p>&nbsp;<\/p>\n<p><a href=\"https:\/\/euqini-mod.com\/index.php\/ours-en-mohair\/\"><img loading=\"lazy\" decoding=\"async\" class=\"wp-image-639 size-full alignnone\" src=\"http:\/\/euqini-mod.com\/wp-content\/uploads\/2025\/04\/LOGO-RETOUR-OURS.jpg\" alt=\"\" width=\"158\" height=\"151\" \/><\/a><\/p>\n<p>&nbsp;<\/p>\n","protected":false},"excerpt":{"rendered":"<p>Je m\u2019appelle MIRABELLE. Je suis confectionn\u00e9e dans une fourrure alpaga douce SteiffSchulte de [&hellip;]<\/p>\n","protected":false},"featured_media":1525,"comment_status":"open","ping_status":"closed","template":"","meta":[],"product_brand":[],"product_cat":[33],"product_tag":[32,82,44],"class_list":{"0":"post-1469","1":"product","2":"type-product","3":"status-publish","4":"has-post-thumbnail","6":"product_cat-ours-en-alpaga","7":"product_tag-alpaga","8":"product_tag-madame","9":"product_tag-ours","11":"first","12":"instock","13":"sold-individually","14":"purchasable","15":"product-type-simple"},"jetpack_sharing_enabled":true,"_links":{"self":[{"href":"https:\/\/euqini-mod.com\/index.php\/wp-json\/wp\/v2\/product\/1469","targetHints":{"allow":["GET"]}}],"collection":[{"href":"https:\/\/euqini-mod.com\/index.php\/wp-json\/wp\/v2\/product"}],"about":[{"href":"https:\/\/euqini-mod.com\/index.php\/wp-json\/wp\/v2\/types\/product"}],"replies":[{"embeddable":true,"href":"https:\/\/euqini-mod.com\/index.php\/wp-json\/wp\/v2\/comments?post=1469"}],"wp:featuredmedia":[{"embeddable":true,"href":"https:\/\/euqini-mod.com\/index.php\/wp-json\/wp\/v2\/media\/1525"}],"wp:attachment":[{"href":"https:\/\/euqini-mod.com\/index.php\/wp-json\/wp\/v2\/media?parent=1469"}],"wp:term":[{"taxonomy":"product_brand","embeddable":true,"href":"https:\/\/euqini-mod.com\/index.php\/wp-json\/wp\/v2\/product_brand?post=1469"},{"taxonomy":"product_cat","embeddable":true,"href":"https:\/\/euqini-mod.com\/index.php\/wp-json\/wp\/v2\/product_cat?post=1469"},{"taxonomy":"product_tag","embeddable":true,"href":"https:\/\/euqini-mod.com\/index.php\/wp-json\/wp\/v2\/product_tag?post=1469"}],"curies":[{"name":"wp","href":"https:\/\/api.w.org\/{rel}","templated":true}]}}