{"id":1642,"date":"2025-08-26T00:47:09","date_gmt":"2025-08-25T22:47:09","guid":{"rendered":"https:\/\/euqini-mod.com\/?post_type=product&#038;p=1642"},"modified":"2025-08-26T00:47:16","modified_gmt":"2025-08-25T22:47:16","slug":"melwin-a-la-mandoline","status":"publish","type":"product","link":"https:\/\/euqini-mod.com\/index.php\/produit\/melwin-a-la-mandoline\/","title":{"rendered":"MELWIN A LA MANDOLINE"},"content":{"rendered":"<p class=\"s8\"><span class=\"s5\">J<\/span><span class=\"s5\">e m\u2019appelle <\/span><span class=\"s5\">MELWIN<\/span><span class=\"s5\">.<\/span> <span class=\"s6\">Je suis confectionn\u00e9<\/span> <span class=\"s6\">dans une fourrure mohair douce <\/span><span class=\"s6\">Steiff<\/span> <span class=\"s6\">Schulte<\/span><span class=\"s6\">couleur <\/span><span class=\"s6\">marron fonc\u00e9.<\/span><span class=\"s6\"> \u00a0J\u2019ai de jolis yeux en verre <\/span><span class=\"s6\">bleus <\/span><span class=\"s6\">et un petit sourire<\/span><span class=\"s6\"> sympa<\/span><span class=\"s6\">. Je suis<\/span><span class=\"s6\"> un <\/span><span class=\"s6\">joueur de mandoline et je chante dans la rue pour apporter du bonheur aux passants. Mes <\/span><span class=\"s6\">bra<\/span><span class=\"s7\">s, jambes et t\u00eate articul\u00e9s, m\u2019offrent la possibilit\u00e9 de me mettre dans diff\u00e9rentes positions.<\/span><\/p>\n<p class=\"s8\"><span class=\"s7\">Je mesure <\/span><span class=\"s7\">49 <\/span><span class=\"s7\">cm<\/span><\/p>\n<p>&nbsp;<\/p>\n<p class=\"s11\"><span class=\"s9\">Mat\u00e9riaux<\/span><span class=\"s10\">\u00a0:<\/span><\/p>\n<div class=\"s13\"><span class=\"s12\">\u25aa <\/span><span class=\"s7\">Mohair allemand <\/span><span class=\"s7\">Steiff<\/span> <span class=\"s7\">schulte<\/span><span class=\"s7\"> couleur <\/span><span class=\"s7\">marron fonc\u00e9<\/span><\/div>\n<div class=\"s13\"><span class=\"s12\">\u25aa <\/span><span class=\"s7\">Yeux <\/span><span class=\"s7\">en <\/span><span class=\"s7\">verre<\/span><span class=\"s7\">\u00a0: \u00a0<\/span><span class=\"s7\">bleu<\/span><\/div>\n<div class=\"s13\"><span class=\"s12\">\u25aa <\/span><span class=\"s7\">Coussinets<\/span> <span class=\"s7\">en tissus tartan bleu et vert<\/span><span class=\"s7\"> oreilles en mohair marron fonc\u00e9<\/span><\/div>\n<div class=\"s13\"><span class=\"s12\">\u25aa <\/span><span class=\"s7\">V\u00eatement\u00a0:<\/span><span class=\"s7\"> grand foulard en soie<\/span><\/div>\n<div class=\"s13\"><span class=\"s12\">\u25aa <\/span><span class=\"s7\">Articulations traditionnelles \u00e0 goupilles fendues dans les bras, les jambes et la t\u00eate<\/span><\/div>\n<div class=\"s13\"><span class=\"s12\">\u25aa <\/span><span class=\"s7\">Remplissage : <\/span><span class=\"s7\">fibre de textile<\/span><\/div>\n<div class=\"s13\"><span class=\"s12\">\u25aa <\/span><span class=\"s7\">Museau fil <\/span><span class=\"s7\">coton noir<\/span><\/div>\n<div class=\"s13\"><span class=\"s12\">\u25aa <\/span><span class=\"s7\">Accessoire\u00a0: <\/span><span class=\"s7\">mandoline<\/span><\/div>\n<p class=\"s14\">\n<div class=\"s17\"><span class=\"s12\">\u25aa <\/span><strong><span class=\"s15\">Mis en garde<\/span><span class=\"s16\"> : <\/span><span class=\"s16\">Contient des \u00e9l\u00e9ments amovibles susceptibles d&rsquo;\u00eatre ing\u00e9r\u00e9s. Ne convient pas \u00e0 un enfant de moins de 14 ans pour les cadeaux de naissance il sera mis en d\u00e9coration. Il convient pour les collectionneurs et amateurs de peluches d\u00e9coratives<\/span><\/strong><\/div>\n<p class=\"s18\">\n<p class=\"s21\">\n<p class=\"s22\">\n<p><a href=\"https:\/\/euqini-mod.com\/index.php\/ours-en-mohair\/\"><img loading=\"lazy\" decoding=\"async\" class=\"wp-image-639 size-full alignnone\" src=\"http:\/\/euqini-mod.com\/wp-content\/uploads\/2025\/04\/LOGO-RETOUR-OURS.jpg\" alt=\"\" width=\"158\" height=\"151\" \/><\/a><\/p>\n<p>&nbsp;<\/p>\n","protected":false},"excerpt":{"rendered":"<p>Je m\u2019appelle MELWIN. Je suis confectionn\u00e9 dans une fourrure mohair douce Steiff Schultecouleur [&hellip;]<\/p>\n","protected":false},"featured_media":1646,"comment_status":"open","ping_status":"closed","template":"","meta":[],"product_brand":[],"product_cat":[25],"product_tag":[83,29,44],"class_list":{"0":"post-1642","1":"product","2":"type-product","3":"status-publish","4":"has-post-thumbnail","6":"product_cat-ours-en-mohair","7":"product_tag-melwin","8":"product_tag-mohair","9":"product_tag-ours","11":"first","12":"instock","13":"sold-individually","14":"purchasable","15":"product-type-simple"},"jetpack_sharing_enabled":true,"_links":{"self":[{"href":"https:\/\/euqini-mod.com\/index.php\/wp-json\/wp\/v2\/product\/1642","targetHints":{"allow":["GET"]}}],"collection":[{"href":"https:\/\/euqini-mod.com\/index.php\/wp-json\/wp\/v2\/product"}],"about":[{"href":"https:\/\/euqini-mod.com\/index.php\/wp-json\/wp\/v2\/types\/product"}],"replies":[{"embeddable":true,"href":"https:\/\/euqini-mod.com\/index.php\/wp-json\/wp\/v2\/comments?post=1642"}],"wp:featuredmedia":[{"embeddable":true,"href":"https:\/\/euqini-mod.com\/index.php\/wp-json\/wp\/v2\/media\/1646"}],"wp:attachment":[{"href":"https:\/\/euqini-mod.com\/index.php\/wp-json\/wp\/v2\/media?parent=1642"}],"wp:term":[{"taxonomy":"product_brand","embeddable":true,"href":"https:\/\/euqini-mod.com\/index.php\/wp-json\/wp\/v2\/product_brand?post=1642"},{"taxonomy":"product_cat","embeddable":true,"href":"https:\/\/euqini-mod.com\/index.php\/wp-json\/wp\/v2\/product_cat?post=1642"},{"taxonomy":"product_tag","embeddable":true,"href":"https:\/\/euqini-mod.com\/index.php\/wp-json\/wp\/v2\/product_tag?post=1642"}],"curies":[{"name":"wp","href":"https:\/\/api.w.org\/{rel}","templated":true}]}}