{"id":1664,"date":"2025-08-31T22:15:22","date_gmt":"2025-08-31T20:15:22","guid":{"rendered":"https:\/\/euqini-mod.com\/?post_type=product&#038;p=1664"},"modified":"2025-08-31T22:15:30","modified_gmt":"2025-08-31T20:15:30","slug":"saturnin-au-jardin","status":"publish","type":"product","link":"https:\/\/euqini-mod.com\/index.php\/produit\/saturnin-au-jardin\/","title":{"rendered":"SATURNIN AU JARDIN"},"content":{"rendered":"<p class=\"s7\"><span class=\"s4\">J<\/span><span class=\"s4\">e m\u2019appelle <\/span><span class=\"s4\">SATURNIN<\/span><span class=\"s4\">.<\/span> <span class=\"s5\">Je suis confectionn\u00e9<\/span> <span class=\"s5\">dans une fourrure mohair <\/span><span class=\"s5\">Steiff<\/span> <span class=\"s5\">Schulte<\/span><span class=\"s5\">couleur <\/span><span class=\"s5\">blanche<\/span><span class=\"s5\">.<\/span><span class=\"s5\"> \u00a0J\u2019ai de jolis yeux en verre <\/span><span class=\"s5\">bleus<\/span><span class=\"s5\">.<\/span><span class=\"s5\"> Je suis<\/span><span class=\"s5\"> un jardinier heureux, avec mes fleurs c\u2019est le bonheur. Je <\/span><span class=\"s5\">j\u2019<\/span><span class=\"s5\">ai cueilli un joli bouquet<\/span><span class=\"s5\"> pour l\u2019offrir \u00e0 ma fianc\u00e9e<\/span><span class=\"s5\">. <\/span><span class=\"s6\">Mes bras, jambes et t\u00eate articul\u00e9s, m\u2019offrent la possibilit\u00e9 de me mettre dans diff\u00e9rentes positions.<\/span><\/p>\n<p class=\"s7\"><span class=\"s6\">Je mesure 51 cm<\/span><\/p>\n<p>&nbsp;<\/p>\n<p class=\"s10\"><span class=\"s8\">Mat\u00e9riaux<\/span><span class=\"s9\">\u00a0:<\/span><\/p>\n<div class=\"s12\"><span class=\"s11\">\u25aa <\/span><span class=\"s6\">Mohair allemand <\/span><span class=\"s6\">Steiff<\/span> <span class=\"s6\">schulte<\/span><span class=\"s6\"> couleur<\/span><span class=\"s6\"> blanc<\/span><\/div>\n<div class=\"s12\"><span class=\"s11\">\u25aa <\/span><span class=\"s6\">Yeux <\/span><span class=\"s6\">en <\/span><span class=\"s6\">verre<\/span><span class=\"s6\">\u00a0: \u00a0<\/span><span class=\"s6\">bleu<\/span><\/div>\n<div class=\"s12\"><span class=\"s11\">\u25aa <\/span><span class=\"s6\">Coussinets<\/span> <span class=\"s6\">et oreilles en mohair blanc<\/span><\/div>\n<div class=\"s12\"><span class=\"s11\">\u25aa <\/span><span class=\"s6\">V\u00eatement\u00a0: <\/span><span class=\"s6\">salopette <\/span><span class=\"s6\">en velours bleu marine et chemise \u00e0 carreaux<\/span><\/div>\n<div class=\"s12\"><span class=\"s11\">\u25aa <\/span><span class=\"s6\">Articulations traditionnelles \u00e0 goupilles fendues dans les bras, les jambes et la t\u00eate<\/span><\/div>\n<div class=\"s12\"><span class=\"s11\">\u25aa <\/span><span class=\"s6\">Remplissage : <\/span><span class=\"s6\">fibre de textile<\/span><\/div>\n<div class=\"s12\"><span class=\"s11\">\u25aa <\/span><span class=\"s6\">Museau fil <\/span><span class=\"s6\">coton noir<\/span><\/div>\n<div class=\"s12\"><span class=\"s11\">\u25aa <\/span><span class=\"s6\">Accessoire\u00a0: <\/span><span class=\"s6\">casquette bleu ciel, panier avec des fleurs<\/span><\/div>\n<p class=\"s13\">\n<p class=\"s13\">\n<div class=\"s16\"><strong><span class=\"s11\">\u25aa <\/span><span class=\"s14\">Mis en garde<\/span><span class=\"s15\"> : <\/span><span class=\"s15\">Contient des \u00e9l\u00e9ments amovibles susceptibles d&rsquo;\u00eatre ing\u00e9r\u00e9s. Ne convient pas \u00e0 un enfant de moins de 14 ans pour les cadeaux de naissance il sera mis en d\u00e9coration. Il convient pour les collectionneurs et amateurs de peluches d\u00e9coratives<\/span><\/strong><\/div>\n<p class=\"s20\">\n<p>&nbsp;<\/p>\n<p><a href=\"https:\/\/euqini-mod.com\/index.php\/ours-en-mohair\/\"><img loading=\"lazy\" decoding=\"async\" class=\"wp-image-639 size-full alignnone\" src=\"http:\/\/euqini-mod.com\/wp-content\/uploads\/2025\/04\/LOGO-RETOUR-OURS.jpg\" alt=\"\" width=\"158\" height=\"151\" \/><\/a><\/p>\n","protected":false},"excerpt":{"rendered":"<p>Je m\u2019appelle SATURNIN. Je suis confectionn\u00e9 dans une fourrure mohair Steiff Schultecouleur blanche. [&hellip;]<\/p>\n","protected":false},"featured_media":1666,"comment_status":"open","ping_status":"closed","template":"","meta":[],"product_brand":[],"product_cat":[25],"product_tag":[29,44,85],"class_list":{"0":"post-1664","1":"product","2":"type-product","3":"status-publish","4":"has-post-thumbnail","6":"product_cat-ours-en-mohair","7":"product_tag-mohair","8":"product_tag-ours","9":"product_tag-saturin","11":"first","12":"instock","13":"sold-individually","14":"purchasable","15":"product-type-simple"},"jetpack_sharing_enabled":true,"_links":{"self":[{"href":"https:\/\/euqini-mod.com\/index.php\/wp-json\/wp\/v2\/product\/1664","targetHints":{"allow":["GET"]}}],"collection":[{"href":"https:\/\/euqini-mod.com\/index.php\/wp-json\/wp\/v2\/product"}],"about":[{"href":"https:\/\/euqini-mod.com\/index.php\/wp-json\/wp\/v2\/types\/product"}],"replies":[{"embeddable":true,"href":"https:\/\/euqini-mod.com\/index.php\/wp-json\/wp\/v2\/comments?post=1664"}],"wp:featuredmedia":[{"embeddable":true,"href":"https:\/\/euqini-mod.com\/index.php\/wp-json\/wp\/v2\/media\/1666"}],"wp:attachment":[{"href":"https:\/\/euqini-mod.com\/index.php\/wp-json\/wp\/v2\/media?parent=1664"}],"wp:term":[{"taxonomy":"product_brand","embeddable":true,"href":"https:\/\/euqini-mod.com\/index.php\/wp-json\/wp\/v2\/product_brand?post=1664"},{"taxonomy":"product_cat","embeddable":true,"href":"https:\/\/euqini-mod.com\/index.php\/wp-json\/wp\/v2\/product_cat?post=1664"},{"taxonomy":"product_tag","embeddable":true,"href":"https:\/\/euqini-mod.com\/index.php\/wp-json\/wp\/v2\/product_tag?post=1664"}],"curies":[{"name":"wp","href":"https:\/\/api.w.org\/{rel}","templated":true}]}}