{"id":1669,"date":"2025-08-31T22:20:59","date_gmt":"2025-08-31T20:20:59","guid":{"rendered":"https:\/\/euqini-mod.com\/?post_type=product&#038;p=1669"},"modified":"2025-08-31T22:20:59","modified_gmt":"2025-08-31T20:20:59","slug":"hector-le-baroudeur","status":"publish","type":"product","link":"https:\/\/euqini-mod.com\/index.php\/produit\/hector-le-baroudeur\/","title":{"rendered":"HECTOR LE BAROUDEUR"},"content":{"rendered":"<p class=\"s7\"><span class=\"s4\">J<\/span><span class=\"s4\">e m\u2019appelle<\/span><span class=\"s4\"> HECTOR<\/span><span class=\"s4\">.<\/span> <span class=\"s5\">Je suis confectionn\u00e9<\/span> <span class=\"s5\">dans une fourrure mohair <\/span><span class=\"s5\">Steiff<\/span> <span class=\"s5\">Schulte<\/span><span class=\"s5\"> couleur <\/span><span class=\"s5\">dor\u00e9<\/span><span class=\"s5\">.<\/span><span class=\"s5\"> \u00a0J\u2019ai de jolis yeux en verre <\/span><span class=\"s5\">noirs<\/span><span class=\"s5\">.<\/span><span class=\"s5\"> Je<\/span><span class=\"s5\"> parcours tou<\/span><span class=\"s5\">tes les for\u00eats du Canada car j\u2019aime la nature. Mon vieux pantalon us\u00e9 en est la preuve mais je suis guid\u00e9 par le soleil qui brille sur mon gilet. <\/span><span class=\"s6\">Mes bras, jambes et t\u00eate articul\u00e9s, m\u2019offrent la possibilit\u00e9 de me mettre dans diff\u00e9rentes positions.<\/span><\/p>\n<p class=\"s7\"><span class=\"s6\">Je mesure <\/span><span class=\"s6\">33<\/span><span class=\"s6\"> cm<\/span><\/p>\n<p>&nbsp;<\/p>\n<p class=\"s10\"><span class=\"s8\">Mat\u00e9riaux<\/span><span class=\"s9\">\u00a0:<\/span><\/p>\n<div class=\"s12\"><span class=\"s11\">\u25aa <\/span><span class=\"s6\">Mohair allemand <\/span><span class=\"s6\">Steiff<\/span> <span class=\"s6\">schulte<\/span><span class=\"s6\"> couleur<\/span> <span class=\"s6\">dor\u00e9<\/span><\/div>\n<div class=\"s12\"><span class=\"s11\">\u25aa <\/span><span class=\"s6\">Yeux <\/span><span class=\"s6\">en <\/span><span class=\"s6\">verre<\/span><span class=\"s6\">\u00a0: \u00a0<\/span><span class=\"s6\">noir<\/span><\/div>\n<div class=\"s12\"><span class=\"s11\">\u25aa <\/span><span class=\"s6\">Coussinets<\/span> <span class=\"s6\">en<\/span><span class=\"s6\"> cuir couleur caramel <\/span><span class=\"s6\">et oreilles en mohair <\/span><span class=\"s6\">dor\u00e9<\/span><\/div>\n<div class=\"s12\"><span class=\"s11\">\u25aa <\/span><span class=\"s6\">V\u00eatement\u00a0: <\/span><span class=\"s6\">Pantalon gris et gilet en cuir<\/span><\/div>\n<div class=\"s12\"><span class=\"s11\">\u25aa <\/span><span class=\"s6\">Articulations traditionnelles \u00e0 goupilles fendues dans les bras, les jambes et la t\u00eate<\/span><\/div>\n<div class=\"s12\"><span class=\"s11\">\u25aa <\/span><span class=\"s6\">Remplissage : <\/span><span class=\"s6\">fibre de textile<\/span><\/div>\n<div class=\"s12\"><span class=\"s11\">\u25aa <\/span><span class=\"s6\">Museau fil <\/span><span class=\"s6\">coton noir<\/span><\/div>\n<div class=\"s12\"><span class=\"s11\">\u25aa <\/span><span class=\"s6\">Accessoire\u00a0: <\/span><span class=\"s6\">chapeau de cow-boy, sac en plumes, m\u00e9daillon soleil<\/span><\/div>\n<p class=\"s13\">\n<p class=\"s13\">\n<div class=\"s16\"><strong><span class=\"s11\">\u25aa <\/span><span class=\"s14\">Mis en garde<\/span><span class=\"s15\"> : <\/span><span class=\"s15\">Contient des \u00e9l\u00e9ments amovibles susceptibles d&rsquo;\u00eatre ing\u00e9r\u00e9s. Ne convient pas \u00e0 un enfant de moins de 14 ans pour les cadeaux de naissance il sera mis en d\u00e9coration. Il convient pour les collectionneurs et amateurs de peluches d\u00e9coratives<\/span><\/strong><\/div>\n<p class=\"s19\">\n<p>&nbsp;<\/p>\n<p><a href=\"https:\/\/euqini-mod.com\/index.php\/ours-en-mohair\/\"><img loading=\"lazy\" decoding=\"async\" class=\"wp-image-639 size-full alignnone\" src=\"http:\/\/euqini-mod.com\/wp-content\/uploads\/2025\/04\/LOGO-RETOUR-OURS.jpg\" alt=\"\" width=\"158\" height=\"151\" \/><\/a><\/p>\n","protected":false},"excerpt":{"rendered":"<p>Je m\u2019appelle HECTOR. Je suis confectionn\u00e9 dans une fourrure mohair Steiff Schulte couleur [&hellip;]<\/p>\n","protected":false},"featured_media":1672,"comment_status":"open","ping_status":"closed","template":"","meta":[],"product_brand":[],"product_cat":[25],"product_tag":[86,29,44],"class_list":{"0":"post-1669","1":"product","2":"type-product","3":"status-publish","4":"has-post-thumbnail","6":"product_cat-ours-en-mohair","7":"product_tag-hector","8":"product_tag-mohair","9":"product_tag-ours","11":"first","12":"instock","13":"sold-individually","14":"purchasable","15":"product-type-simple"},"jetpack_sharing_enabled":true,"_links":{"self":[{"href":"https:\/\/euqini-mod.com\/index.php\/wp-json\/wp\/v2\/product\/1669","targetHints":{"allow":["GET"]}}],"collection":[{"href":"https:\/\/euqini-mod.com\/index.php\/wp-json\/wp\/v2\/product"}],"about":[{"href":"https:\/\/euqini-mod.com\/index.php\/wp-json\/wp\/v2\/types\/product"}],"replies":[{"embeddable":true,"href":"https:\/\/euqini-mod.com\/index.php\/wp-json\/wp\/v2\/comments?post=1669"}],"wp:featuredmedia":[{"embeddable":true,"href":"https:\/\/euqini-mod.com\/index.php\/wp-json\/wp\/v2\/media\/1672"}],"wp:attachment":[{"href":"https:\/\/euqini-mod.com\/index.php\/wp-json\/wp\/v2\/media?parent=1669"}],"wp:term":[{"taxonomy":"product_brand","embeddable":true,"href":"https:\/\/euqini-mod.com\/index.php\/wp-json\/wp\/v2\/product_brand?post=1669"},{"taxonomy":"product_cat","embeddable":true,"href":"https:\/\/euqini-mod.com\/index.php\/wp-json\/wp\/v2\/product_cat?post=1669"},{"taxonomy":"product_tag","embeddable":true,"href":"https:\/\/euqini-mod.com\/index.php\/wp-json\/wp\/v2\/product_tag?post=1669"}],"curies":[{"name":"wp","href":"https:\/\/api.w.org\/{rel}","templated":true}]}}