{"id":1722,"date":"2025-09-14T17:41:22","date_gmt":"2025-09-14T15:41:22","guid":{"rendered":"https:\/\/euqini-mod.com\/?post_type=product&#038;p=1722"},"modified":"2025-09-14T17:41:22","modified_gmt":"2025-09-14T15:41:22","slug":"les-triples-elegants","status":"publish","type":"product","link":"https:\/\/euqini-mod.com\/index.php\/produit\/les-triples-elegants\/","title":{"rendered":"LES TRIPLES  ELEGANTS"},"content":{"rendered":"<p class=\"s8\"><span class=\"s5\">Ils s\u2019appellent EDOUARD, EDMOND et EDGARD.<\/span> <span class=\"s6\">Ils sont <\/span><span class=\"s6\">confectionn\u00e9s dans<\/span><span class=\"s6\"> une fourrure mohair douce <\/span><span class=\"s6\">Steiff<\/span> <span class=\"s6\">Schulte<\/span><span class=\"s6\"> couleur <\/span><span class=\"s6\">bleu ciel<\/span><span class=\"s6\">.<\/span> <span class=\"s6\">Ils sont diff\u00e9rents tous les <\/span><span class=\"s6\">3.<\/span><span class=\"s6\"> EDOUARD a de jolis yeux en verre bleus et un foulard en soie bleu. EDMOND a de jolis yeux en verre marrons et un foulard marron. EDGARD a de jolis yeux en verre noirs et un foulard noir et gris. Ces 3 fr\u00e8res sont <\/span><span class=\"s6\">ins\u00e9parables <\/span><span class=\"s6\">dans<\/span><span class=\"s6\"> la <\/span><span class=\"s6\">vie ! <\/span><span class=\"s7\">L<\/span><span class=\"s7\">es bras, jambes et t\u00eate articul\u00e9s,<\/span> <span class=\"s7\">offrent la possibilit\u00e9 de <\/span><span class=\"s7\">les<\/span><span class=\"s7\"> mettre dans diff\u00e9rentes positions.<\/span><\/p>\n<p class=\"s8\"><span class=\"s7\">Ils mesurent 33<\/span><span class=\"s7\"> cm chacun<\/span><\/p>\n<p>&nbsp;<\/p>\n<p class=\"s11\"><span class=\"s9\">Mat\u00e9riaux<\/span><span class=\"s10\">\u00a0:<\/span><\/p>\n<div class=\"s13\"><span class=\"s12\">\u25aa <\/span><span class=\"s7\">Mohair allemand <\/span><span class=\"s7\">Steiff<\/span> <span class=\"s7\">schulte<\/span><span class=\"s7\"> couleur<\/span><span class=\"s7\"> bleu ciel<\/span><\/div>\n<div class=\"s13\"><span class=\"s12\">\u25aa <\/span><span class=\"s7\">Yeux <\/span><span class=\"s7\">en <\/span><span class=\"s7\">verre<\/span><span class=\"s7\">\u00a0: \u00a0<\/span><span class=\"s7\">bleu<\/span><span class=\"s7\"> \u2013 marron &#8211; noir<\/span><\/div>\n<div class=\"s13\"><span class=\"s12\">\u25aa <\/span><span class=\"s7\">Coussinets<\/span> <span class=\"s7\">et oreilles en mohair bleu ciel<\/span><\/div>\n<div class=\"s13\"><span class=\"s12\">\u25aa <\/span><span class=\"s7\">V\u00eatement\u00a0: <\/span><span class=\"s7\">foulard <\/span><\/div>\n<div class=\"s13\"><span class=\"s12\">\u25aa <\/span><span class=\"s7\">Articulations traditionnelles \u00e0 goupilles fendues dans les bras, les jambes et la t\u00eate<\/span><\/div>\n<div class=\"s13\"><span class=\"s12\">\u25aa <\/span><span class=\"s7\">Remplissage : <\/span><span class=\"s7\">fibre de textile<\/span><\/div>\n<div class=\"s13\"><span class=\"s12\">\u25aa <\/span><span class=\"s7\">Museau fil <\/span><span class=\"s7\">coton noir<\/span><\/div>\n<div class=\"s13\"><span class=\"s12\">\u25aa <\/span><span class=\"s7\">Accessoire\u00a0: <\/span><span class=\"s7\">foulard et breloque \u00e0 franges<\/span><\/div>\n<p class=\"s14\">\n<div class=\"s17\"><strong><span class=\"s12\">\u25aa <\/span><span class=\"s15\">Mis en garde<\/span><span class=\"s16\"> : <\/span><span class=\"s16\">Contient des \u00e9l\u00e9ments amovibles susceptibles d&rsquo;\u00eatre ing\u00e9r\u00e9s. Ne convient pas \u00e0 un enfant de moins de 14 ans pour les cadeaux de naissance il sera mis en d\u00e9coration. Il convient pour les collectionneurs et amateurs de peluches d\u00e9corativ<\/span><span class=\"s16\">e<\/span><\/strong><\/div>\n<p class=\"s21\">\n<p>&nbsp;<\/p>\n<p><a href=\"https:\/\/euqini-mod.com\/index.php\/ours-en-mohair\/\"><img loading=\"lazy\" decoding=\"async\" class=\"wp-image-639 size-full alignnone\" src=\"http:\/\/euqini-mod.com\/wp-content\/uploads\/2025\/04\/LOGO-RETOUR-OURS.jpg\" alt=\"\" width=\"158\" height=\"151\" \/><\/a><\/p>\n","protected":false},"excerpt":{"rendered":"<p>Ils s\u2019appellent EDOUARD, EDMOND et EDGARD. Ils sont confectionn\u00e9s dans une fourrure mohair [&hellip;]<\/p>\n","protected":false},"featured_media":1712,"comment_status":"open","ping_status":"closed","template":"","meta":[],"product_brand":[],"product_cat":[25],"product_tag":[91,29,44],"class_list":{"0":"post-1722","1":"product","2":"type-product","3":"status-publish","4":"has-post-thumbnail","6":"product_cat-ours-en-mohair","7":"product_tag-les-triples","8":"product_tag-mohair","9":"product_tag-ours","11":"first","12":"instock","13":"sold-individually","14":"purchasable","15":"product-type-simple"},"jetpack_sharing_enabled":true,"_links":{"self":[{"href":"https:\/\/euqini-mod.com\/index.php\/wp-json\/wp\/v2\/product\/1722","targetHints":{"allow":["GET"]}}],"collection":[{"href":"https:\/\/euqini-mod.com\/index.php\/wp-json\/wp\/v2\/product"}],"about":[{"href":"https:\/\/euqini-mod.com\/index.php\/wp-json\/wp\/v2\/types\/product"}],"replies":[{"embeddable":true,"href":"https:\/\/euqini-mod.com\/index.php\/wp-json\/wp\/v2\/comments?post=1722"}],"wp:featuredmedia":[{"embeddable":true,"href":"https:\/\/euqini-mod.com\/index.php\/wp-json\/wp\/v2\/media\/1712"}],"wp:attachment":[{"href":"https:\/\/euqini-mod.com\/index.php\/wp-json\/wp\/v2\/media?parent=1722"}],"wp:term":[{"taxonomy":"product_brand","embeddable":true,"href":"https:\/\/euqini-mod.com\/index.php\/wp-json\/wp\/v2\/product_brand?post=1722"},{"taxonomy":"product_cat","embeddable":true,"href":"https:\/\/euqini-mod.com\/index.php\/wp-json\/wp\/v2\/product_cat?post=1722"},{"taxonomy":"product_tag","embeddable":true,"href":"https:\/\/euqini-mod.com\/index.php\/wp-json\/wp\/v2\/product_tag?post=1722"}],"curies":[{"name":"wp","href":"https:\/\/api.w.org\/{rel}","templated":true}]}}