{"id":1738,"date":"2025-09-14T18:27:11","date_gmt":"2025-09-14T16:27:11","guid":{"rendered":"https:\/\/euqini-mod.com\/?post_type=product&#038;p=1738"},"modified":"2025-09-14T18:54:05","modified_gmt":"2025-09-14T16:54:05","slug":"gigi-le-gentil-grizzly","status":"publish","type":"product","link":"https:\/\/euqini-mod.com\/index.php\/produit\/gigi-le-gentil-grizzly\/","title":{"rendered":"GIGI LE GENTIL GRIZZLY"},"content":{"rendered":"<p class=\"s7\"><span class=\"s4\">Je m\u2019appelle <\/span><span class=\"s4\">GIGI<\/span><span class=\"s4\">.<\/span> <span class=\"s5\">Je suis confectionn\u00e9 <\/span><span class=\"s5\">dans<\/span><span class=\"s5\"> une fourrure mohair<\/span><span class=\"s5\"> tr\u00e8s<\/span><span class=\"s5\"> douce <\/span><span class=\"s5\">Steiff<\/span> <span class=\"s5\">Schulte<\/span><span class=\"s5\">couleur <\/span><span class=\"s5\">marron fonc\u00e9<\/span><span class=\"s5\"> et or.<\/span> <span class=\"s5\">Je<\/span><span class=\"s5\"> vis au c\u0153ur d\u2019une grande for\u00eat de sapins au Canada. J\u2019ai un pelage doux comme une couverture d\u2019hiver et tous les matins<\/span><span class=\"s5\"> je fais le tour de ma clairi\u00e8re pour saluer mes amis car je suis grand et fort mais avec un c\u0153ur immense. D\u00e9sormais on ne dit plus attention un grizzly mais coucou voici GIGI notre gentil ami.<\/span><span class=\"s5\"> M<\/span><span class=\"s6\">es bras, jambes et t\u00eate articul\u00e9s,<\/span> <span class=\"s6\">offrent la possibilit\u00e9 de<\/span><span class=\"s6\"> me <\/span><span class=\"s6\">mettre dans diff\u00e9rentes positions.<\/span><\/p>\n<p class=\"s7\"><span class=\"s6\">Je mesure <\/span><span class=\"s6\">49<\/span><span class=\"s6\">cm<\/span><\/p>\n<p>&nbsp;<\/p>\n<p class=\"s10\"><span class=\"s8\">Mat\u00e9riaux<\/span><span class=\"s9\">\u00a0:<\/span><\/p>\n<div class=\"s12\"><span class=\"s11\">\u25aa <\/span><span class=\"s6\">Mohair allemand <\/span><span class=\"s6\">Steiff<\/span> <span class=\"s6\">schulte<\/span><span class=\"s6\"> couleur<\/span><span class=\"s6\"> marron fonc\u00e9 et or<\/span><\/div>\n<div class=\"s12\"><span class=\"s11\">\u25aa <\/span><span class=\"s6\">Yeux <\/span><span class=\"s6\">en <\/span><span class=\"s6\">verre<\/span><span class=\"s6\">\u00a0: \u00a0<\/span><span class=\"s6\">noir<\/span><\/div>\n<div class=\"s12\"><span class=\"s11\">\u25aa <\/span><span class=\"s6\">Coussinets<\/span> <span class=\"s6\">et oreilles en mohair <\/span><span class=\"s6\">marron fonc\u00e9<\/span><span class=\"s6\"> et or<\/span><\/div>\n<div class=\"s12\"><span class=\"s11\">\u25aa <\/span><span class=\"s6\">V\u00eatement<\/span><span class=\"s6\">\u00a0: un gros n\u0153ud de satin vert <\/span><\/div>\n<div class=\"s12\"><span class=\"s11\">\u25aa <\/span><span class=\"s6\">Articulations traditionnelles \u00e0 goupilles fendues dans les bras, les jambes et la t\u00eate<\/span><\/div>\n<div class=\"s12\"><span class=\"s11\">\u25aa <\/span><span class=\"s6\">Remplissage : <\/span><span class=\"s6\">fibre de textile<\/span><\/div>\n<div class=\"s12\"><span class=\"s11\">\u25aa <\/span><span class=\"s6\">Museau fil <\/span><span class=\"s6\">coton noir<\/span><\/div>\n<div><\/div>\n<div class=\"s16\"><strong><span class=\"s11\">\u25aa <\/span><span class=\"s14\">Mis en garde<\/span><span class=\"s15\"> : <\/span><span class=\"s15\">Contient des \u00e9l\u00e9ments amovibles susceptibles d&rsquo;\u00eatre ing\u00e9r\u00e9s. Ne convient pas \u00e0 un enfant de moins de 14 ans pour les cadeaux de naissance il sera mis en d\u00e9coration. Il convient pour les collectionneurs et amateurs de peluches d\u00e9corativ<\/span><span class=\"s15\">e<\/span><\/strong><\/div>\n<p><a href=\"https:\/\/euqini-mod.com\/index.php\/ours-en-mohair\/\"><img loading=\"lazy\" decoding=\"async\" class=\"wp-image-639 size-full alignnone\" src=\"http:\/\/euqini-mod.com\/wp-content\/uploads\/2025\/04\/LOGO-RETOUR-OURS.jpg\" alt=\"\" width=\"158\" height=\"151\" \/><\/a><\/p>\n","protected":false},"excerpt":{"rendered":"<p>Je m\u2019appelle GIGI. Je suis confectionn\u00e9 dans une fourrure mohair tr\u00e8s douce Steiff [&hellip;]<\/p>\n","protected":false},"featured_media":1740,"comment_status":"open","ping_status":"closed","template":"","meta":[],"product_brand":[],"product_cat":[25],"product_tag":[93,29,44],"class_list":{"0":"post-1738","1":"product","2":"type-product","3":"status-publish","4":"has-post-thumbnail","6":"product_cat-ours-en-mohair","7":"product_tag-gigi","8":"product_tag-mohair","9":"product_tag-ours","11":"first","12":"outofstock","13":"sold-individually","14":"purchasable","15":"product-type-simple"},"jetpack_sharing_enabled":true,"_links":{"self":[{"href":"https:\/\/euqini-mod.com\/index.php\/wp-json\/wp\/v2\/product\/1738","targetHints":{"allow":["GET"]}}],"collection":[{"href":"https:\/\/euqini-mod.com\/index.php\/wp-json\/wp\/v2\/product"}],"about":[{"href":"https:\/\/euqini-mod.com\/index.php\/wp-json\/wp\/v2\/types\/product"}],"replies":[{"embeddable":true,"href":"https:\/\/euqini-mod.com\/index.php\/wp-json\/wp\/v2\/comments?post=1738"}],"wp:featuredmedia":[{"embeddable":true,"href":"https:\/\/euqini-mod.com\/index.php\/wp-json\/wp\/v2\/media\/1740"}],"wp:attachment":[{"href":"https:\/\/euqini-mod.com\/index.php\/wp-json\/wp\/v2\/media?parent=1738"}],"wp:term":[{"taxonomy":"product_brand","embeddable":true,"href":"https:\/\/euqini-mod.com\/index.php\/wp-json\/wp\/v2\/product_brand?post=1738"},{"taxonomy":"product_cat","embeddable":true,"href":"https:\/\/euqini-mod.com\/index.php\/wp-json\/wp\/v2\/product_cat?post=1738"},{"taxonomy":"product_tag","embeddable":true,"href":"https:\/\/euqini-mod.com\/index.php\/wp-json\/wp\/v2\/product_tag?post=1738"}],"curies":[{"name":"wp","href":"https:\/\/api.w.org\/{rel}","templated":true}]}}