{"id":1748,"date":"2025-09-16T01:27:44","date_gmt":"2025-09-15T23:27:44","guid":{"rendered":"https:\/\/euqini-mod.com\/?post_type=product&#038;p=1748"},"modified":"2025-09-16T01:27:52","modified_gmt":"2025-09-15T23:27:52","slug":"fifi-la-gentille-grizzly","status":"publish","type":"product","link":"https:\/\/euqini-mod.com\/index.php\/produit\/fifi-la-gentille-grizzly\/","title":{"rendered":"FIFI LA GENTILLE GRIZZLY"},"content":{"rendered":"<p class=\"s8\"><span class=\"s5\">J<\/span><span class=\"s5\">e m\u2019appelle <\/span><span class=\"s5\">FIFI<\/span><span class=\"s5\">.<\/span> <span class=\"s6\">Je suis confectionn\u00e9<\/span><span class=\"s6\">e<\/span> <span class=\"s6\">dans une fourrure mohair<\/span><span class=\"s6\"> super<\/span><span class=\"s6\"> douce <\/span><span class=\"s6\">Steiff<\/span> <span class=\"s6\">Schulte<\/span><span class=\"s6\">couleur <\/span><span class=\"s6\">marron fonc\u00e9<\/span><span class=\"s6\"> et or<\/span><span class=\"s6\">.<\/span><span class=\"s6\"> \u00a0J\u2019ai de jolis yeux en verre noirs et un petit sourire<\/span><span class=\"s6\"> sympa<\/span><span class=\"s6\">. Je suis<\/span><span class=\"s6\">une gentille oursonne qui aime se promener dans la for\u00eat et discuter avec mes amis. Non je ne suis pas m\u00e9chante mon pelage et ma force font peur mais je suis tr\u00e8s douce et j\u2019aime beaucoup les gens on ne dit plus attention au grizzly quand on me voit mais chouette voil\u00e0 FIFI <\/span><span class=\"s6\">la gentille grizzly<\/span><span class=\"s6\">. <\/span><span class=\"s7\">Mes bras, jambes et t\u00eate articul\u00e9s, m\u2019offrent la possibilit\u00e9 de me mettre dans diff\u00e9rentes positions.<\/span><\/p>\n<p class=\"s8\"><span class=\"s7\">Je mesure <\/span><span class=\"s7\">49<\/span><span class=\"s7\"> cm<\/span><\/p>\n<p>&nbsp;<\/p>\n<p class=\"s11\"><span class=\"s9\">Mat\u00e9riaux<\/span><span class=\"s10\">\u00a0:<\/span><\/p>\n<div class=\"s13\"><span class=\"s12\">\u25aa <\/span><span class=\"s7\">Mohair allemand <\/span><span class=\"s7\">Steiff<\/span> <span class=\"s7\">schulte<\/span><span class=\"s7\"> couleur <\/span><span class=\"s7\">marron fonc\u00e9<\/span><span class=\"s7\"> et or<\/span><\/div>\n<div class=\"s13\"><span class=\"s12\">\u25aa <\/span><span class=\"s7\">Yeux <\/span><span class=\"s7\">en <\/span><span class=\"s7\">verre<\/span><span class=\"s7\">\u00a0: \u00a0noir<\/span><\/div>\n<div class=\"s13\"><span class=\"s12\">\u25aa <\/span><span class=\"s7\">Coussinets<\/span> <span class=\"s7\">en velours marron oreilles en mohair marron fonc\u00e9<\/span><\/div>\n<div class=\"s13\"><span class=\"s12\">\u25aa <\/span><span class=\"s7\">V\u00eatement\u00a0: <\/span><span class=\"s7\">gros n\u0153ud de satin jaune<\/span><\/div>\n<div class=\"s13\"><span class=\"s12\">\u25aa <\/span><span class=\"s7\">Articulations traditionnelles \u00e0 goupilles fendues dans les bras, les jambes et la t\u00eate<\/span><\/div>\n<div class=\"s13\"><span class=\"s12\">\u25aa <\/span><span class=\"s7\">Remplissage : <\/span><span class=\"s7\">fil de textile<\/span><\/div>\n<div class=\"s13\"><span class=\"s12\">\u25aa <\/span><span class=\"s7\">Museau fil <\/span><span class=\"s7\">coton noir<\/span><\/div>\n<div class=\"s13\"><span class=\"s12\">\u25aa <\/span><span class=\"s7\">Accessoire\u00a0: <\/span><span class=\"s7\">joli m\u00e9daillon avec un brillant<\/span><\/div>\n<p class=\"s14\">\n<div class=\"s17\"><strong><span class=\"s12\">\u25aa <\/span><span class=\"s15\">Mis en garde<\/span><span class=\"s16\"> : <\/span><span class=\"s16\">Contient des \u00e9l\u00e9ments amovibles susceptibles d&rsquo;\u00eatre ing\u00e9r\u00e9s. Ne convient pas \u00e0 un enfant de moins de 14 ans pour les cadeaux de naissance il sera mis en d\u00e9coration. Il convient pour les collectionneurs et amateurs de peluches d\u00e9coratives<\/span><\/strong><\/div>\n<p class=\"s18\">\n<p class=\"s21\">\n<p><a href=\"https:\/\/euqini-mod.com\/index.php\/ours-en-mohair\/\"><img loading=\"lazy\" decoding=\"async\" class=\"wp-image-639 size-full alignnone\" src=\"http:\/\/euqini-mod.com\/wp-content\/uploads\/2025\/04\/LOGO-RETOUR-OURS.jpg\" alt=\"\" width=\"158\" height=\"151\" \/><\/a><\/p>\n","protected":false},"excerpt":{"rendered":"<p>Je m\u2019appelle FIFI. Je suis confectionn\u00e9e dans une fourrure mohair super douce Steiff [&hellip;]<\/p>\n","protected":false},"featured_media":1753,"comment_status":"open","ping_status":"closed","template":"","meta":[],"product_brand":[],"product_cat":[25],"product_tag":[94,29,44],"class_list":{"0":"post-1748","1":"product","2":"type-product","3":"status-publish","4":"has-post-thumbnail","6":"product_cat-ours-en-mohair","7":"product_tag-fifi","8":"product_tag-mohair","9":"product_tag-ours","11":"first","12":"instock","13":"sold-individually","14":"purchasable","15":"product-type-simple"},"jetpack_sharing_enabled":true,"_links":{"self":[{"href":"https:\/\/euqini-mod.com\/index.php\/wp-json\/wp\/v2\/product\/1748","targetHints":{"allow":["GET"]}}],"collection":[{"href":"https:\/\/euqini-mod.com\/index.php\/wp-json\/wp\/v2\/product"}],"about":[{"href":"https:\/\/euqini-mod.com\/index.php\/wp-json\/wp\/v2\/types\/product"}],"replies":[{"embeddable":true,"href":"https:\/\/euqini-mod.com\/index.php\/wp-json\/wp\/v2\/comments?post=1748"}],"wp:featuredmedia":[{"embeddable":true,"href":"https:\/\/euqini-mod.com\/index.php\/wp-json\/wp\/v2\/media\/1753"}],"wp:attachment":[{"href":"https:\/\/euqini-mod.com\/index.php\/wp-json\/wp\/v2\/media?parent=1748"}],"wp:term":[{"taxonomy":"product_brand","embeddable":true,"href":"https:\/\/euqini-mod.com\/index.php\/wp-json\/wp\/v2\/product_brand?post=1748"},{"taxonomy":"product_cat","embeddable":true,"href":"https:\/\/euqini-mod.com\/index.php\/wp-json\/wp\/v2\/product_cat?post=1748"},{"taxonomy":"product_tag","embeddable":true,"href":"https:\/\/euqini-mod.com\/index.php\/wp-json\/wp\/v2\/product_tag?post=1748"}],"curies":[{"name":"wp","href":"https:\/\/api.w.org\/{rel}","templated":true}]}}