{"id":1833,"date":"2026-01-03T01:08:50","date_gmt":"2026-01-03T00:08:50","guid":{"rendered":"https:\/\/euqini-mod.com\/?post_type=product&#038;p=1833"},"modified":"2026-01-03T01:27:56","modified_gmt":"2026-01-03T00:27:56","slug":"timour-aux-pattes-de-velours","status":"publish","type":"product","link":"https:\/\/euqini-mod.com\/index.php\/produit\/timour-aux-pattes-de-velours\/","title":{"rendered":"TIMOUR AUX PATTES DE VELOURS"},"content":{"rendered":"<p class=\"s8\"><span class=\"s5\">J<\/span><span class=\"s5\">e m\u2019appelle <\/span><span class=\"s5\">TIMOUR<\/span><span class=\"s5\">.<\/span> <span class=\"s6\">Je suis confectionn\u00e9<\/span> <span class=\"s6\">dans une fourrure mohair<\/span><span class=\"s6\"> super<\/span><span class=\"s6\"> douce <\/span><span class=\"s6\">Steiff<\/span> <span class=\"s6\">Schulte <\/span><span class=\"s6\">couleur blanc<\/span><span class=\"s6\">.<\/span><span class=\"s6\"> \u00a0J\u2019ai de jolis yeux en verre vert et un petit sourire<\/span><span class=\"s6\"> sympa<\/span><span class=\"s6\">. Je suis un <\/span><span class=\"s6\">\u00a0gentil ourson d\u2018une grande douceur, d\u2018o\u00f9 mon nom TIMOUR. J\u2019ai mis mon cache nez en tartan pour sortir dans le grand froid Canadien. <\/span><span class=\"s7\">Mes bras, jambes et t\u00eate articul\u00e9s, m\u2019offrent la possibilit\u00e9 de me mettre dans diff\u00e9rentes positions.<\/span><\/p>\n<p class=\"s8\"><span class=\"s7\">Je mesure 49<\/span><span class=\"s7\">\u00a0cm<\/span><\/p>\n<p>&nbsp;<\/p>\n<p class=\"s11\"><span class=\"s9\">Mat\u00e9riaux<\/span><span class=\"s10\">\u00a0:<\/span><\/p>\n<div class=\"s13\"><span class=\"s12\">\u25aa <\/span><span class=\"s7\">Mohair allemand <\/span><span class=\"s7\">Steiff<\/span> <span class=\"s7\">schulte<\/span><span class=\"s7\"> couleur blanc<\/span><\/div>\n<div class=\"s13\"><span class=\"s12\">\u25aa <\/span><span class=\"s7\">Yeux <\/span><span class=\"s7\">en <\/span><span class=\"s7\">verre<\/span><span class=\"s7\"> : \u00a0vert<\/span><\/div>\n<div class=\"s13\"><span class=\"s12\">\u25aa <\/span><span class=\"s7\">Coussinets<\/span> <span class=\"s7\">en velours vert fonc\u00e9 et oreilles en velours vert fonc\u00e9<\/span><\/div>\n<div class=\"s13\"><span class=\"s12\">\u25aa <\/span><span class=\"s7\">V\u00eatement : cache nez en tartan<\/span><\/div>\n<div class=\"s13\"><span class=\"s12\">\u25aa <\/span><span class=\"s7\">Articulations traditionnelles \u00e0 goupilles fendues dans les bras, les jambes et la t\u00eate<\/span><\/div>\n<div class=\"s13\"><span class=\"s12\">\u25aa <\/span><span class=\"s7\">Remplissage : <\/span><span class=\"s7\">fil de textile<\/span><\/div>\n<div class=\"s13\"><span class=\"s12\">\u25aa <\/span><span class=\"s7\">Museau fil <\/span><span class=\"s7\">coton noir<\/span><\/div>\n<div class=\"s13\"><\/div>\n<div><\/div>\n<div class=\"s17\"><strong><span class=\"s12\">\u25aa <\/span><span class=\"s15\">Mis en garde<\/span><span class=\"s16\"> : <\/span><span class=\"s16\">Contient des \u00e9l\u00e9ments amovibles susceptibles d&rsquo;\u00eatre ing\u00e9r\u00e9s. Ne convient pas \u00e0 un enfant de moins de 14 ans pour les cadeaux de naissance il sera mis en d\u00e9coration. Il convient pour les collectionneurs et amateurs de peluches d\u00e9coratives<\/span><\/strong><\/div>\n<p><a href=\"https:\/\/euqini-mod.com\/index.php\/ours-en-mohair\/\"><img loading=\"lazy\" decoding=\"async\" class=\"wp-image-639 size-full alignnone\" src=\"http:\/\/euqini-mod.com\/wp-content\/uploads\/2025\/04\/LOGO-RETOUR-OURS.jpg\" alt=\"\" width=\"158\" height=\"151\" \/><\/a><\/p>\n","protected":false},"excerpt":{"rendered":"<p>Je m\u2019appelle TIMOUR. Je suis confectionn\u00e9 dans une fourrure mohair super douce Steiff [&hellip;]<\/p>\n","protected":false},"featured_media":1834,"comment_status":"open","ping_status":"closed","template":"","meta":[],"product_brand":[],"product_cat":[25],"product_tag":[95],"class_list":{"0":"post-1833","1":"product","2":"type-product","3":"status-publish","4":"has-post-thumbnail","6":"product_cat-ours-en-mohair","7":"product_tag-timvelour","9":"first","10":"instock","11":"purchasable","12":"product-type-simple"},"jetpack_sharing_enabled":true,"_links":{"self":[{"href":"https:\/\/euqini-mod.com\/index.php\/wp-json\/wp\/v2\/product\/1833","targetHints":{"allow":["GET"]}}],"collection":[{"href":"https:\/\/euqini-mod.com\/index.php\/wp-json\/wp\/v2\/product"}],"about":[{"href":"https:\/\/euqini-mod.com\/index.php\/wp-json\/wp\/v2\/types\/product"}],"replies":[{"embeddable":true,"href":"https:\/\/euqini-mod.com\/index.php\/wp-json\/wp\/v2\/comments?post=1833"}],"wp:featuredmedia":[{"embeddable":true,"href":"https:\/\/euqini-mod.com\/index.php\/wp-json\/wp\/v2\/media\/1834"}],"wp:attachment":[{"href":"https:\/\/euqini-mod.com\/index.php\/wp-json\/wp\/v2\/media?parent=1833"}],"wp:term":[{"taxonomy":"product_brand","embeddable":true,"href":"https:\/\/euqini-mod.com\/index.php\/wp-json\/wp\/v2\/product_brand?post=1833"},{"taxonomy":"product_cat","embeddable":true,"href":"https:\/\/euqini-mod.com\/index.php\/wp-json\/wp\/v2\/product_cat?post=1833"},{"taxonomy":"product_tag","embeddable":true,"href":"https:\/\/euqini-mod.com\/index.php\/wp-json\/wp\/v2\/product_tag?post=1833"}],"curies":[{"name":"wp","href":"https:\/\/api.w.org\/{rel}","templated":true}]}}