{"id":905,"date":"2025-06-01T21:52:27","date_gmt":"2025-06-01T19:52:27","guid":{"rendered":"https:\/\/euqini-mod.com\/?post_type=product&#038;p=905"},"modified":"2025-09-25T13:40:59","modified_gmt":"2025-09-25T11:40:59","slug":"aimee-fait-son-marche","status":"publish","type":"product","link":"https:\/\/euqini-mod.com\/index.php\/produit\/aimee-fait-son-marche\/","title":{"rendered":"AIM\u00c9E FAIT SON MARCHE"},"content":{"rendered":"\r\n<p>Je m\u2019appelle AIMEE. Je suis confectionn\u00e9e dans une fourrure mohair Steiff Schulte couleur gris beige clair. J\u2019ai de jolis petits yeux en verre dor\u00e9s et un petit sourire moqueur. Je suis tr\u00e8s \u00e9l\u00e9gante avec ma robe \u00e0 volants que j\u2019ai chin\u00e9 chez le brocanteur. Mon chapeau de paille compl\u00e8te ma tenue et me prot\u00e8ge du soleil de nos beaux jour d\u2019\u00e9t\u00e9. Mes bras, jambes et t\u00eate articul\u00e9s, m\u2019offrent la possibilit\u00e9 de me mettre dans diff\u00e9rentes positions.<\/p>\r\n\r\n\r\n\r\n<p>Je mesure 50 cm<\/p>\r\n\r\n\r\n\r\n<p>&nbsp;<\/p>\r\n<p><strong><u>Mat\u00e9riaux<\/u><\/strong><strong>\u00a0:<\/strong><\/p>\r\n\r\n\r\n\r\n<ul class=\"wp-block-list\">\r\n<li>Mohair allemand Steiff schulte couleur gris beige<\/li>\r\n\r\n\r\n\r\n<li>Yeux en verre\u00a0:\u00a0 dor\u00e9<\/li>\r\n\r\n\r\n\r\n<li>Coussinets et oreilles en mohair vintage beige clair<\/li>\r\n\r\n\r\n\r\n<li>V\u00eatement\u00a0: jolie robe \u00e0 volants et chapeau de paille assorti (achet\u00e9s)<\/li>\r\n\r\n\r\n\r\n<li>Articulations traditionnelles \u00e0 goupilles fendues dans les bras, les jambes et la t\u00eate<\/li>\r\n\r\n\r\n\r\n<li>Remplissage : laine de mouton<\/li>\r\n\r\n\r\n\r\n<li>Museau fil coton noir<\/li>\r\n\r\n\r\n\r\n<li>Accessoire\u00a0: chapeau, collier, panier<\/li>\r\n<\/ul>\r\n\r\n\r\n\r\n<ul class=\"wp-block-list\">\r\n<li><strong><u>Mis en garde<\/u><\/strong><strong> : <\/strong>\u00a0<strong>Contient des \u00e9l\u00e9ments amovibles susceptibles d&rsquo;\u00eatre ing\u00e9r\u00e9s. Ne convient pas \u00e0 un enfant de moins de 14 ans pour les cadeaux de naissance il sera mis en d\u00e9coration. Il convient pour les collectionneurs et amateurs de peluches d\u00e9coratives<\/strong><\/li>\r\n<\/ul>\r\n<p><a href=\"https:\/\/euqini-mod.com\/index.php\/ours-en-mohair\/\"><img loading=\"lazy\" decoding=\"async\" class=\"alignnone wp-image-639 size-full\" src=\"http:\/\/euqini-mod.com\/wp-content\/uploads\/2025\/04\/LOGO-RETOUR-OURS.jpg\" alt=\"\" width=\"158\" height=\"151\" \/><\/a><\/p>\r\n","protected":false},"excerpt":{"rendered":"<p>Je m\u2019appelle AIMEE. Je suis confectionn\u00e9e dans une fourrure mohair Steiff Schulte couleur [&hellip;]<\/p>\n","protected":false},"featured_media":1496,"comment_status":"open","ping_status":"closed","template":"","meta":[],"product_brand":[],"product_cat":[25],"product_tag":[26,27],"class_list":{"0":"post-905","1":"product","2":"type-product","3":"status-publish","4":"has-post-thumbnail","6":"product_cat-ours-en-mohair","7":"product_tag-aimee","8":"product_tag-marche","10":"first","11":"outofstock","12":"sold-individually","13":"taxable","14":"shipping-taxable","15":"purchasable","16":"product-type-simple"},"jetpack_sharing_enabled":true,"_links":{"self":[{"href":"https:\/\/euqini-mod.com\/index.php\/wp-json\/wp\/v2\/product\/905","targetHints":{"allow":["GET"]}}],"collection":[{"href":"https:\/\/euqini-mod.com\/index.php\/wp-json\/wp\/v2\/product"}],"about":[{"href":"https:\/\/euqini-mod.com\/index.php\/wp-json\/wp\/v2\/types\/product"}],"replies":[{"embeddable":true,"href":"https:\/\/euqini-mod.com\/index.php\/wp-json\/wp\/v2\/comments?post=905"}],"wp:featuredmedia":[{"embeddable":true,"href":"https:\/\/euqini-mod.com\/index.php\/wp-json\/wp\/v2\/media\/1496"}],"wp:attachment":[{"href":"https:\/\/euqini-mod.com\/index.php\/wp-json\/wp\/v2\/media?parent=905"}],"wp:term":[{"taxonomy":"product_brand","embeddable":true,"href":"https:\/\/euqini-mod.com\/index.php\/wp-json\/wp\/v2\/product_brand?post=905"},{"taxonomy":"product_cat","embeddable":true,"href":"https:\/\/euqini-mod.com\/index.php\/wp-json\/wp\/v2\/product_cat?post=905"},{"taxonomy":"product_tag","embeddable":true,"href":"https:\/\/euqini-mod.com\/index.php\/wp-json\/wp\/v2\/product_tag?post=905"}],"curies":[{"name":"wp","href":"https:\/\/api.w.org\/{rel}","templated":true}]}}