{"id":959,"date":"2025-06-02T04:28:21","date_gmt":"2025-06-02T02:28:21","guid":{"rendered":"https:\/\/euqini-mod.com\/?post_type=product&#038;p=959"},"modified":"2025-06-04T15:40:17","modified_gmt":"2025-06-04T13:40:17","slug":"annibal-lit-son-journal","status":"publish","type":"product","link":"https:\/\/euqini-mod.com\/index.php\/produit\/annibal-lit-son-journal\/","title":{"rendered":"ANNIBAL LIT SON JOURNAL"},"content":{"rendered":"<p>Je m\u2019appelle ANNIBAL ! Je suis confectionn\u00e9 dans une fourrure mohair dense et soyeuse Steiff Schulte aux reflets dor\u00e9s qui me donne une chaleur et un charme fou. Ce matin pour lire mon journal j\u2019ai mis mon ensemble en Jeans sans oublier le petit n\u0153ud papillon pour \u00eatre toujours \u00e9l\u00e9gant. Mon museau un peu de travers cousu avec du fil perl\u00e9 me donne un petit air na\u00eff, est-ce que je lis vraiment mon journal ? Mes yeux en verre ronds et brillants, me donnent une expression douce et pleine de caract\u00e8re. Mes bras, jambes et t\u00eate articul\u00e9s, m\u2019offrent la possibilit\u00e9 de me mettre dans diff\u00e9rentes positions.<\/p>\n<p>Je mesure 35 cm<\/p>\n<p>&nbsp;<\/p>\n<p><strong><u>Mat\u00e9riaux<\/u><\/strong><strong>\u00a0:<\/strong><\/p>\n<ul class=\"wp-block-list\">\n<li>Mohair allemand Steiff schulte couleur curly vieil\u00a0 or<\/li>\n<li>Yeux en verre\u00a0: noir<\/li>\n<li>Coussinets, oreilles et v\u00eatements en Jeans<\/li>\n<li>V\u00eatements\u00a0: ensemble pantalon, veste, n\u0153ud papillon (fabrication maison)<\/li>\n<li>Articulations traditionnelles \u00e0 goupilles fendues dans les bras, les jambes et la t\u00eate<\/li>\n<li>Remplissage : laine de mouton<\/li>\n<li>Museau fil perl\u00e9<\/li>\n<li>Accessoire\u00a0: lunettes, journal, n\u0153ud papillon<\/li>\n<\/ul>\n<ul class=\"wp-block-list\">\n<li><strong><u>Mis en garde<\/u><\/strong><strong> : <\/strong>\u00a0<strong>Contient des \u00e9l\u00e9ments amovibles susceptibles d\u2019\u00eatre ing\u00e9r\u00e9s. Ne convient pas \u00e0 un enfant de moins de 14 ans pour les cadeaux de naissance il sera mis en d\u00e9coration. Il convient pour les collectionneurs et amateurs de peluches d\u00e9coratives<\/strong><\/li>\n<\/ul>\n<p class=\"has-text-align-center has-colibri-color-5-color has-colibri-color-4-background-color has-text-color has-background has-link-color has-large-font-size wp-elements-c75fbf8cc5b0b4c372bbfb52bc0884d8\">EN VENTE CHEZ NOTRE PARTENAIRE<\/p>\n<div class=\"wp-block-cover aligncenter is-repeated\">\n<div class=\"wp-block-cover__inner-container is-layout-flow wp-block-cover-is-layout-flow\">\n<p class=\"has-text-align-center has-large-font-size\"><strong>Boutique pain d\u2019<\/strong>\u00e9pices<\/p>\n<p class=\"has-text-align-center has-colibri-color-5-color has-text-color has-link-color has-large-font-size wp-elements-cdc3599cbe94a6cce8477b06bcc9d680\"><a href=\"https:\/\/www.paindepices.fr\/store\/ours-de-collection\/pieces-exceptionnelles\">https:\/\/www.paindepices.fr\/<\/a><\/p>\n<p><img loading=\"lazy\" decoding=\"async\" class=\"size-full wp-image-455 aligncenter\" src=\"http:\/\/euqini-mod.com\/wp-content\/uploads\/2025\/03\/LOGO_PETIT_COULEUR.png\" alt=\"\" width=\"188\" height=\"230\" \/><\/p>\n<p><a href=\"https:\/\/euqini-mod.com\/index.php\/ours-en-mohair\/\"><img loading=\"lazy\" decoding=\"async\" class=\"alignnone wp-image-639 size-full\" src=\"http:\/\/euqini-mod.com\/wp-content\/uploads\/2025\/04\/LOGO-RETOUR-OURS.jpg\" alt=\"\" width=\"158\" height=\"151\" \/><\/a><\/p>\n<\/div>\n<\/div>\n","protected":false},"excerpt":{"rendered":"<p>Je m\u2019appelle ANNIBAL ! Je suis confectionn\u00e9 dans une fourrure mohair dense et [&hellip;]<\/p>\n","protected":false},"featured_media":580,"comment_status":"open","ping_status":"closed","template":"","meta":[],"product_brand":[],"product_cat":[25],"product_tag":[],"class_list":{"0":"post-959","1":"product","2":"type-product","3":"status-publish","4":"has-post-thumbnail","6":"product_cat-ours-en-mohair","8":"first","9":"instock","10":"product-type-simple"},"jetpack_sharing_enabled":true,"_links":{"self":[{"href":"https:\/\/euqini-mod.com\/index.php\/wp-json\/wp\/v2\/product\/959","targetHints":{"allow":["GET"]}}],"collection":[{"href":"https:\/\/euqini-mod.com\/index.php\/wp-json\/wp\/v2\/product"}],"about":[{"href":"https:\/\/euqini-mod.com\/index.php\/wp-json\/wp\/v2\/types\/product"}],"replies":[{"embeddable":true,"href":"https:\/\/euqini-mod.com\/index.php\/wp-json\/wp\/v2\/comments?post=959"}],"wp:featuredmedia":[{"embeddable":true,"href":"https:\/\/euqini-mod.com\/index.php\/wp-json\/wp\/v2\/media\/580"}],"wp:attachment":[{"href":"https:\/\/euqini-mod.com\/index.php\/wp-json\/wp\/v2\/media?parent=959"}],"wp:term":[{"taxonomy":"product_brand","embeddable":true,"href":"https:\/\/euqini-mod.com\/index.php\/wp-json\/wp\/v2\/product_brand?post=959"},{"taxonomy":"product_cat","embeddable":true,"href":"https:\/\/euqini-mod.com\/index.php\/wp-json\/wp\/v2\/product_cat?post=959"},{"taxonomy":"product_tag","embeddable":true,"href":"https:\/\/euqini-mod.com\/index.php\/wp-json\/wp\/v2\/product_tag?post=959"}],"curies":[{"name":"wp","href":"https:\/\/api.w.org\/{rel}","templated":true}]}}