{"id":966,"date":"2025-06-02T04:46:41","date_gmt":"2025-06-02T02:46:41","guid":{"rendered":"https:\/\/euqini-mod.com\/?post_type=product&#038;p=966"},"modified":"2025-08-23T00:14:42","modified_gmt":"2025-08-22T22:14:42","slug":"mireille-au-reveil","status":"publish","type":"product","link":"https:\/\/euqini-mod.com\/index.php\/produit\/mireille-au-reveil\/","title":{"rendered":"MIREILLE AU REVEIL"},"content":{"rendered":"<p>Je m\u2019appelle MIREILLE. Je suis confectionn\u00e9e dans une fourrure mohair Steiff Schulte marron fonc\u00e9e comme les ours bruns. Je me r\u00e9veille avec ma nuisette et mon bonnet de nuit que j\u2019ai achet\u00e9 chez un antiquaire. Devant ma glace je mets mes boucles d\u2019oreille et d\u00e9j\u00e0 j\u2019ai le sourire du matin. Mes yeux en verre ronds et brillants, me donnent une expression douce et pleine de caract\u00e8re. Mes bras, jambes et t\u00eate articul\u00e9s, m\u2019offrent la possibilit\u00e9 de me mettre dans diff\u00e9rentes positions.<\/p>\n<p>Je mesure 50 cm<\/p>\n<p><strong><u>Mat\u00e9riaux<\/u><\/strong><strong>\u00a0:<\/strong><\/p>\n<ul class=\"wp-block-list\">\n<li>Mohair allemand Steiff schulte couleur marron fonc\u00e9<\/li>\n<li>Yeux en verre\u00a0: \u00a0noir<\/li>\n<li>Coussinets, oreilles en su\u00e9dine marron<\/li>\n<li>V\u00eatement\u00a0: nuisette et bonnet de nuit ancien (achet\u00e9)<\/li>\n<li>Articulations traditionnelles \u00e0 goupilles fendues dans les bras, les jambes et la t\u00eate<\/li>\n<li>Remplissage : laine de mouton<\/li>\n<li>Museau fil perl\u00e9<\/li>\n<li>Accessoire\u00a0: petit miroir et boucle d\u2019oreilles<\/li>\n<\/ul>\n<ul class=\"wp-block-list\">\n<li><strong><u>Mis en garde<\/u><\/strong><strong> : <\/strong>\u00a0<strong>Contient des \u00e9l\u00e9ments amovibles susceptibles d\u2019\u00eatre ing\u00e9r\u00e9s. Ne convient pas \u00e0 un enfant de moins de 14 ans pour les cadeaux de naissance il sera mis en d\u00e9coration. Il convient pour les collectionneurs et amateurs de peluches d\u00e9coratives<\/strong><\/li>\n<\/ul>\n<p><a href=\"https:\/\/euqini-mod.com\/index.php\/ours-en-mohair\/\"><img loading=\"lazy\" decoding=\"async\" class=\"alignnone wp-image-639 size-full\" src=\"http:\/\/euqini-mod.com\/wp-content\/uploads\/2025\/04\/LOGO-RETOUR-OURS.jpg\" alt=\"\" width=\"158\" height=\"151\" \/><\/a><\/p>\n","protected":false},"excerpt":{"rendered":"<p>Je m\u2019appelle MIREILLE. Je suis confectionn\u00e9e dans une fourrure mohair Steiff Schulte marron [&hellip;]<\/p>\n","protected":false},"featured_media":1619,"comment_status":"open","ping_status":"closed","template":"","meta":[],"product_brand":[],"product_cat":[25],"product_tag":[31,29],"class_list":{"0":"post-966","1":"product","2":"type-product","3":"status-publish","4":"has-post-thumbnail","6":"product_cat-ours-en-mohair","7":"product_tag-mireille","8":"product_tag-mohair","10":"first","11":"instock","12":"sold-individually","13":"purchasable","14":"product-type-simple"},"jetpack_sharing_enabled":true,"_links":{"self":[{"href":"https:\/\/euqini-mod.com\/index.php\/wp-json\/wp\/v2\/product\/966","targetHints":{"allow":["GET"]}}],"collection":[{"href":"https:\/\/euqini-mod.com\/index.php\/wp-json\/wp\/v2\/product"}],"about":[{"href":"https:\/\/euqini-mod.com\/index.php\/wp-json\/wp\/v2\/types\/product"}],"replies":[{"embeddable":true,"href":"https:\/\/euqini-mod.com\/index.php\/wp-json\/wp\/v2\/comments?post=966"}],"wp:featuredmedia":[{"embeddable":true,"href":"https:\/\/euqini-mod.com\/index.php\/wp-json\/wp\/v2\/media\/1619"}],"wp:attachment":[{"href":"https:\/\/euqini-mod.com\/index.php\/wp-json\/wp\/v2\/media?parent=966"}],"wp:term":[{"taxonomy":"product_brand","embeddable":true,"href":"https:\/\/euqini-mod.com\/index.php\/wp-json\/wp\/v2\/product_brand?post=966"},{"taxonomy":"product_cat","embeddable":true,"href":"https:\/\/euqini-mod.com\/index.php\/wp-json\/wp\/v2\/product_cat?post=966"},{"taxonomy":"product_tag","embeddable":true,"href":"https:\/\/euqini-mod.com\/index.php\/wp-json\/wp\/v2\/product_tag?post=966"}],"curies":[{"name":"wp","href":"https:\/\/api.w.org\/{rel}","templated":true}]}}