{"id":968,"date":"2025-06-02T04:59:06","date_gmt":"2025-06-02T02:59:06","guid":{"rendered":"https:\/\/euqini-mod.com\/?post_type=product&#038;p=968"},"modified":"2025-06-04T15:40:17","modified_gmt":"2025-06-04T13:40:17","slug":"ralph-le-photographe","status":"publish","type":"product","link":"https:\/\/euqini-mod.com\/index.php\/produit\/ralph-le-photographe\/","title":{"rendered":"RALPH LE PHOTOGRAPHE"},"content":{"rendered":"<p>Je m\u2019appelle RALPH. Je suis confectionn\u00e9 dans une fourrure mohair Steiff Schulte beige clair. Aujourd\u2019hui je pars faire des photos dans ma montagne. J\u2019ai toujours le sourire et ma petite bouille de travers ainsi que mes petits yeux ronds et brillants me donnent un petit air espi\u00e8gle qui vous attendrira. Mes bras, jambes et t\u00eates articul\u00e9s, m\u2019offrent la possibilit\u00e9 de me mettre dans diff\u00e9rentes positions.<\/p>\n<p>Je mesure 35 cm<\/p>\n<p>&nbsp;<\/p>\n<p><strong><u>Mat\u00e9riaux<\/u><\/strong><strong>\u00a0:<\/strong><\/p>\n<ul class=\"wp-block-list\">\n<li>Mohair allemand Steiff schulte couleur beige clair<\/li>\n<li>Yeux en verre\u00a0:\u00a0 noir<\/li>\n<li>Coussinets, oreilles en su\u00e9dine couleur Camel<\/li>\n<li>Articulations traditionnelles \u00e0 goupilles fendues dans les bras, les jambes et la t\u00eate<\/li>\n<li>Remplissage : laine de mouton<\/li>\n<li>Museau fil coton noir<\/li>\n<li>Accessoire\u00a0: foulard et chapeau (fabrication maison) \u00a0appareil photo<\/li>\n<\/ul>\n<ul class=\"wp-block-list\">\n<li><strong><u>Mis en garde<\/u><\/strong><strong> : <\/strong>\u00a0<strong>Contient des \u00e9l\u00e9ments amovibles susceptibles d\u2019\u00eatre ing\u00e9r\u00e9s. Ne convient pas \u00e0 un enfant de moins de 14 ans pour les cadeaux de naissance il sera mis en d\u00e9coration. Il convient pour les collectionneurs et amateurs de peluches d\u00e9coratives<\/strong><\/li>\n<\/ul>\n<p class=\"has-text-align-center has-colibri-color-5-color has-colibri-color-4-background-color has-text-color has-background has-link-color has-large-font-size wp-elements-c75fbf8cc5b0b4c372bbfb52bc0884d8\">EN VENTE CHEZ NOTRE PARTENAIRE<\/p>\n<div class=\"wp-block-cover is-repeated\">\n<div class=\"wp-block-cover__image-background wp-image-455 is-repeated\"><\/div>\n<div class=\"wp-block-cover__inner-container is-layout-flow wp-block-cover-is-layout-flow\">\n<p class=\"has-text-align-center has-large-font-size\"><strong>Boutique pain d\u2019<\/strong>\u00e9pices<\/p>\n<p class=\"has-text-align-center has-colibri-color-5-color has-text-color has-link-color has-large-font-size wp-elements-cdc3599cbe94a6cce8477b06bcc9d680\"><a href=\"https:\/\/www.paindepices.fr\/store\/ours-de-collection\/pieces-exceptionnelles\">https:\/\/www.paindepices.fr\/<\/a><\/p>\n<p><img loading=\"lazy\" decoding=\"async\" class=\"size-full wp-image-455 aligncenter\" src=\"http:\/\/euqini-mod.com\/wp-content\/uploads\/2025\/03\/LOGO_PETIT_COULEUR.png\" alt=\"\" width=\"188\" height=\"230\" \/><\/p>\n<\/div>\n<\/div>\n<div class=\"wp-block-image\">\n<figure class=\"alignleft size-full\"><a href=\"https:\/\/euqini-mod.com\/index.php\/ours-en-mohair\/\"><img loading=\"lazy\" decoding=\"async\" class=\"wp-image-639\" src=\"http:\/\/euqini-mod.com\/wp-content\/uploads\/2025\/04\/LOGO-RETOUR-OURS.jpg\" alt=\"\" width=\"158\" height=\"151\" \/><\/a><\/figure>\n<\/div>\n","protected":false},"excerpt":{"rendered":"<p>Je m\u2019appelle RALPH. Je suis confectionn\u00e9 dans une fourrure mohair Steiff Schulte beige [&hellip;]<\/p>\n","protected":false},"featured_media":585,"comment_status":"open","ping_status":"closed","template":"","meta":[],"product_brand":[],"product_cat":[25],"product_tag":[],"class_list":{"0":"post-968","1":"product","2":"type-product","3":"status-publish","4":"has-post-thumbnail","6":"product_cat-ours-en-mohair","8":"first","9":"instock","10":"product-type-simple"},"jetpack_sharing_enabled":true,"_links":{"self":[{"href":"https:\/\/euqini-mod.com\/index.php\/wp-json\/wp\/v2\/product\/968","targetHints":{"allow":["GET"]}}],"collection":[{"href":"https:\/\/euqini-mod.com\/index.php\/wp-json\/wp\/v2\/product"}],"about":[{"href":"https:\/\/euqini-mod.com\/index.php\/wp-json\/wp\/v2\/types\/product"}],"replies":[{"embeddable":true,"href":"https:\/\/euqini-mod.com\/index.php\/wp-json\/wp\/v2\/comments?post=968"}],"wp:featuredmedia":[{"embeddable":true,"href":"https:\/\/euqini-mod.com\/index.php\/wp-json\/wp\/v2\/media\/585"}],"wp:attachment":[{"href":"https:\/\/euqini-mod.com\/index.php\/wp-json\/wp\/v2\/media?parent=968"}],"wp:term":[{"taxonomy":"product_brand","embeddable":true,"href":"https:\/\/euqini-mod.com\/index.php\/wp-json\/wp\/v2\/product_brand?post=968"},{"taxonomy":"product_cat","embeddable":true,"href":"https:\/\/euqini-mod.com\/index.php\/wp-json\/wp\/v2\/product_cat?post=968"},{"taxonomy":"product_tag","embeddable":true,"href":"https:\/\/euqini-mod.com\/index.php\/wp-json\/wp\/v2\/product_tag?post=968"}],"curies":[{"name":"wp","href":"https:\/\/api.w.org\/{rel}","templated":true}]}}