{"id":976,"date":"2025-06-02T05:11:37","date_gmt":"2025-06-02T03:11:37","guid":{"rendered":"https:\/\/euqini-mod.com\/?post_type=product&#038;p=976"},"modified":"2025-08-23T00:12:15","modified_gmt":"2025-08-22T22:12:15","slug":"annabelle-en-dentelles","status":"publish","type":"product","link":"https:\/\/euqini-mod.com\/index.php\/produit\/annabelle-en-dentelles\/","title":{"rendered":"ANNABELLE EN DENTELLES"},"content":{"rendered":"<p>Je m\u2019appelle ANNABELLE. Je suis confectionn\u00e9e dans une fourrure mohair Steiff Schulte couleur beige fonc\u00e9. J\u2019ai de jolis petits yeux en verre dor\u00e9s et un petit sourire moqueur. Je suis tr\u00e8s \u00e9l\u00e9gante avec ma robe en dentelle que j\u2019ai chin\u00e9 chez le brocanteur. Mon chapeau compl\u00e8te ma tenue et me prot\u00e8ge du soleil de nos beaux jour d\u2019\u00e9t\u00e9. Mes bras, jambes et t\u00eate articul\u00e9s, m\u2019offrent la possibilit\u00e9 de me mettre dans diff\u00e9rentes positions.<\/p>\n<p>Je mesure 33 cm<\/p>\n<p>&nbsp;<\/p>\n<p><strong><u>Mat\u00e9riaux<\/u><\/strong><strong>\u00a0:<\/strong><\/p>\n<ul class=\"wp-block-list\">\n<li>Mohair allemand Steiff schulte couleur beige fonc\u00e9<\/li>\n<li>Yeux en verre\u00a0:\u00a0 dor\u00e9<\/li>\n<li>Coussinets, en velours couleur corail<\/li>\n<li>V\u00eatement\u00a0: jolie robe en dentelle et chapeau assorti (achet\u00e9s)<\/li>\n<li>Articulations traditionnelles \u00e0 goupilles fendues dans les bras, les jambes et la t\u00eate<\/li>\n<li>Remplissage : laine de mouton<\/li>\n<li>Museau fil coton noir<\/li>\n<li>Accessoire\u00a0: chapeau<\/li>\n<\/ul>\n<ul class=\"wp-block-list\">\n<li><strong><u>Mis en garde<\/u><\/strong><strong> : <\/strong>\u00a0<strong>Contient des \u00e9l\u00e9ments amovibles susceptibles d\u2019\u00eatre ing\u00e9r\u00e9s. Ne convient pas \u00e0 un enfant de moins de 14 ans pour les cadeaux de naissance il sera mis en d\u00e9coration. Il convient pour les collectionneurs et amateurs de peluches d\u00e9coratives<\/strong><\/li>\n<\/ul>\n<div class=\"wp-block-image\">\n<figure class=\"alignleft size-full\"><a href=\"https:\/\/euqini-mod.com\/index.php\/ours-en-mohair\/\"><img loading=\"lazy\" decoding=\"async\" class=\"wp-image-639\" src=\"http:\/\/euqini-mod.com\/wp-content\/uploads\/2025\/04\/LOGO-RETOUR-OURS.jpg\" alt=\"\" width=\"158\" height=\"151\" \/><\/a><\/figure>\n<\/div>\n","protected":false},"excerpt":{"rendered":"<p>Je m\u2019appelle ANNABELLE. Je suis confectionn\u00e9e dans une fourrure mohair Steiff Schulte couleur [&hellip;]<\/p>\n","protected":false},"featured_media":1500,"comment_status":"open","ping_status":"closed","template":"","meta":[],"product_brand":[],"product_cat":[25],"product_tag":[34,29],"class_list":{"0":"post-976","1":"product","2":"type-product","3":"status-publish","4":"has-post-thumbnail","6":"product_cat-ours-en-mohair","7":"product_tag-annabelle","8":"product_tag-mohair","10":"first","11":"instock","12":"sold-individually","13":"purchasable","14":"product-type-simple"},"jetpack_sharing_enabled":true,"_links":{"self":[{"href":"https:\/\/euqini-mod.com\/index.php\/wp-json\/wp\/v2\/product\/976","targetHints":{"allow":["GET"]}}],"collection":[{"href":"https:\/\/euqini-mod.com\/index.php\/wp-json\/wp\/v2\/product"}],"about":[{"href":"https:\/\/euqini-mod.com\/index.php\/wp-json\/wp\/v2\/types\/product"}],"replies":[{"embeddable":true,"href":"https:\/\/euqini-mod.com\/index.php\/wp-json\/wp\/v2\/comments?post=976"}],"wp:featuredmedia":[{"embeddable":true,"href":"https:\/\/euqini-mod.com\/index.php\/wp-json\/wp\/v2\/media\/1500"}],"wp:attachment":[{"href":"https:\/\/euqini-mod.com\/index.php\/wp-json\/wp\/v2\/media?parent=976"}],"wp:term":[{"taxonomy":"product_brand","embeddable":true,"href":"https:\/\/euqini-mod.com\/index.php\/wp-json\/wp\/v2\/product_brand?post=976"},{"taxonomy":"product_cat","embeddable":true,"href":"https:\/\/euqini-mod.com\/index.php\/wp-json\/wp\/v2\/product_cat?post=976"},{"taxonomy":"product_tag","embeddable":true,"href":"https:\/\/euqini-mod.com\/index.php\/wp-json\/wp\/v2\/product_tag?post=976"}],"curies":[{"name":"wp","href":"https:\/\/api.w.org\/{rel}","templated":true}]}}