{"id":979,"date":"2025-06-02T05:17:27","date_gmt":"2025-06-02T03:17:27","guid":{"rendered":"https:\/\/euqini-mod.com\/?post_type=product&#038;p=979"},"modified":"2025-08-23T15:07:43","modified_gmt":"2025-08-23T13:07:43","slug":"victor-le-pecheur","status":"publish","type":"product","link":"https:\/\/euqini-mod.com\/index.php\/produit\/victor-le-pecheur\/","title":{"rendered":"VICTOR LE P\u00caCHEUR"},"content":{"rendered":"<p>Je m\u2019appelle VICTOR. Je suis confectionn\u00e9 dans une fourrure mohair douce Steiff Schulte couleur marron fonc\u00e9. J\u2019ai de jolis yeux en verre verts et une petite bouille rigolote. Je suis un p\u00eacheur heureux qui vient de p\u00eacher un petit poisson et pour ce faire je dois me tortiller dans tous les sens. Mes bras, jambes et t\u00eate articul\u00e9s, m\u2019offrent la possibilit\u00e9 de me mettre dans diff\u00e9rentes positions.<\/p>\n<p>Je mesure 19 cm<\/p>\n<p>&nbsp;<\/p>\n<p>Mat\u00e9riaux :<\/p>\n<p>Mohair allemand Steiff schulte couleur marron fonc\u00e9<\/p>\n<p>Yeux en verre : vert<\/p>\n<p>Coussinets en tissus \u00e9pais marron fonc\u00e9<\/p>\n<p>Articulations traditionnelles \u00e0 goupilles fendues dans les bras, les jambes et la t\u00eate<\/p>\n<p>Remplissage : laine de mouton<\/p>\n<p>Museau fil coton noir<\/p>\n<p>Accessoire : chapeau chapilie et col assorti, canne \u00e0 p\u00eache avec poisson et petite besace<\/p>\n<p><strong>Mis en garde : Contient des \u00e9l\u00e9ments amovibles susceptibles d\u2019\u00eatre ing\u00e9r\u00e9s. Ne convient pas \u00e0 un enfant de moins de 14 ans pour les cadeaux de naissance il sera mis en d\u00e9coration. Il convient pour les collectionneurs et amateurs de peluches d\u00e9coratives<\/strong><\/p>\n<div class=\"wp-block-image\">\n<figure class=\"alignleft size-full\"><a href=\"https:\/\/euqini-mod.com\/index.php\/ours-en-mohair\/\"><img loading=\"lazy\" decoding=\"async\" class=\"wp-image-639\" src=\"http:\/\/euqini-mod.com\/wp-content\/uploads\/2025\/04\/LOGO-RETOUR-OURS.jpg\" alt=\"\" width=\"158\" height=\"151\" \/><\/a><\/figure>\n<\/div>\n","protected":false},"excerpt":{"rendered":"<p>Je m\u2019appelle VICTOR. Je suis confectionn\u00e9 dans une fourrure mohair douce Steiff Schulte [&hellip;]<\/p>\n","protected":false},"featured_media":1638,"comment_status":"open","ping_status":"closed","template":"","meta":[],"product_brand":[],"product_cat":[25],"product_tag":[29,35],"class_list":{"0":"post-979","1":"product","2":"type-product","3":"status-publish","4":"has-post-thumbnail","6":"product_cat-ours-en-mohair","7":"product_tag-mohair","8":"product_tag-victor","10":"first","11":"instock","12":"sold-individually","13":"purchasable","14":"product-type-simple"},"jetpack_sharing_enabled":true,"_links":{"self":[{"href":"https:\/\/euqini-mod.com\/index.php\/wp-json\/wp\/v2\/product\/979","targetHints":{"allow":["GET"]}}],"collection":[{"href":"https:\/\/euqini-mod.com\/index.php\/wp-json\/wp\/v2\/product"}],"about":[{"href":"https:\/\/euqini-mod.com\/index.php\/wp-json\/wp\/v2\/types\/product"}],"replies":[{"embeddable":true,"href":"https:\/\/euqini-mod.com\/index.php\/wp-json\/wp\/v2\/comments?post=979"}],"wp:featuredmedia":[{"embeddable":true,"href":"https:\/\/euqini-mod.com\/index.php\/wp-json\/wp\/v2\/media\/1638"}],"wp:attachment":[{"href":"https:\/\/euqini-mod.com\/index.php\/wp-json\/wp\/v2\/media?parent=979"}],"wp:term":[{"taxonomy":"product_brand","embeddable":true,"href":"https:\/\/euqini-mod.com\/index.php\/wp-json\/wp\/v2\/product_brand?post=979"},{"taxonomy":"product_cat","embeddable":true,"href":"https:\/\/euqini-mod.com\/index.php\/wp-json\/wp\/v2\/product_cat?post=979"},{"taxonomy":"product_tag","embeddable":true,"href":"https:\/\/euqini-mod.com\/index.php\/wp-json\/wp\/v2\/product_tag?post=979"}],"curies":[{"name":"wp","href":"https:\/\/api.w.org\/{rel}","templated":true}]}}