{"id":982,"date":"2025-06-02T05:23:27","date_gmt":"2025-06-02T03:23:27","guid":{"rendered":"https:\/\/euqini-mod.com\/?post_type=product&#038;p=982"},"modified":"2025-12-09T04:48:29","modified_gmt":"2025-12-09T03:48:29","slug":"joseph-le-grand-chef","status":"publish","type":"product","link":"https:\/\/euqini-mod.com\/index.php\/produit\/joseph-le-grand-chef\/","title":{"rendered":"JOSEPH LE GRAND CHEF"},"content":{"rendered":"<p>Je m\u2019appelle JOSEPH\u00a0! Je suis confectionn\u00e9 dans une fourrure mohair Steiff Schulte marron fonc\u00e9. Apr\u00e8s une r\u00e9union tr\u00e8s importante je quitte mon bureau. J\u2019ai enfil\u00e9 mon beau costume pour me rendre \u00e0 un cocktail chic o\u00f9 je vais retrouver tous mes amis. Pour cela j\u2019ai mis casquette assortie \u00e0 mon pantalon. Je suis un nounours tr\u00e8s gentil et tr\u00e8s s\u00e9rieux. Mes yeux en verre marron, ronds et brillants, me donnent une expression douce et pleine d\u2019empathie. Mes bras, jambes et t\u00eate articul\u00e9s, m\u2019offrent la possibilit\u00e9 de me mettre dans diff\u00e9rentes positions.<\/p>\n<p>Je mesure \u00a0\u00a050 cm<\/p>\n<p>&nbsp;<\/p>\n<p><strong><u>Mat\u00e9riaux<\/u><\/strong><strong>\u00a0:<\/strong><\/p>\n<ul class=\"wp-block-list\">\n<li>Mohair allemand Steiff schulte couleur marron fonc\u00e9<\/li>\n<li>Yeux en verre\u00a0: \u00a0marron<\/li>\n<li>Coussinets en tissus lainage assorti \u00e0 mes v\u00eatements et oreilles en mohair<\/li>\n<li>V\u00eatement\u00a0: pantalon, veste et casquette en tissus lainage marron et chemise en coton blanc<\/li>\n<li>Articulations traditionnelles \u00e0 goupilles fendues dans les bras, les jambes et la t\u00eate<\/li>\n<li>Remplissage : laine de mouton<\/li>\n<li>Museau fil de coton noir<\/li>\n<\/ul>\n<ul class=\"wp-block-list\">\n<li><strong><u>Mis en garde<\/u><\/strong><strong> : <\/strong>\u00a0<strong>Contient des \u00e9l\u00e9ments amovibles susceptibles d\u2019\u00eatre ing\u00e9r\u00e9s. Ne convient pas \u00e0 un enfant de moins de 14 ans pour les cadeaux de naissance il sera mis en d\u00e9coration. Il convient pour les collectionneurs et amateurs de peluches d\u00e9coratives<\/strong><\/li>\n<\/ul>\n<p class=\"has-text-align-center has-colibri-color-5-color has-colibri-color-4-background-color has-text-color has-background has-link-color has-large-font-size wp-elements-c75fbf8cc5b0b4c372bbfb52bc0884d8\" style=\"text-align: center;\">EN VENTE CHEZ NOTRE PARTENAIRE<\/p>\n<p style=\"text-align: center;\"><img loading=\"lazy\" decoding=\"async\" class=\"size-medium wp-image-1821 aligncenter\" src=\"http:\/\/euqini-mod.com\/wp-content\/uploads\/2025\/12\/telechargement-300x156.jpg\" alt=\"\" width=\"300\" height=\"156\" srcset=\"https:\/\/euqini-mod.com\/wp-content\/uploads\/2025\/12\/telechargement-300x156.jpg 300w, https:\/\/euqini-mod.com\/wp-content\/uploads\/2025\/12\/telechargement.jpg 311w\" sizes=\"auto, (max-width: 300px) 100vw, 300px\" \/><\/p>\n<p style=\"text-align: center;\"><a href=\"https:\/\/lambertco.ca\/?srsltid=AfmBOopEqSCeKIBghW03QBDmZIfLXSrtNYtD6L8vl1PPdVlzE6VAQ5IS\">https:\/\/lambertco.ca\/?srsltid=AfmBOopEqSCeKIBghW03QBDmZIfLXSrtNYtD6L8vl1PPdVlzE6VAQ5IS<\/a><\/p>\n<p>&nbsp;<\/p>\n<div class=\"wp-block-cover is-repeated\">\n<div class=\"wp-block-cover__image-background wp-image-455 is-repeated\"><\/div>\n<\/div>\n<div class=\"wp-block-image\">\n<figure class=\"alignleft size-full\"><a href=\"https:\/\/euqini-mod.com\/index.php\/ours-en-mohair\/\"><img loading=\"lazy\" decoding=\"async\" class=\"wp-image-639\" src=\"http:\/\/euqini-mod.com\/wp-content\/uploads\/2025\/04\/LOGO-RETOUR-OURS.jpg\" alt=\"\" width=\"158\" height=\"151\" \/><\/a><\/figure>\n<\/div>\n","protected":false},"excerpt":{"rendered":"<p>Je m\u2019appelle JOSEPH\u00a0! Je suis confectionn\u00e9 dans une fourrure mohair Steiff Schulte marron [&hellip;]<\/p>\n","protected":false},"featured_media":1601,"comment_status":"open","ping_status":"closed","template":"","meta":[],"product_brand":[],"product_cat":[25],"product_tag":[36,29],"class_list":{"0":"post-982","1":"product","2":"type-product","3":"status-publish","4":"has-post-thumbnail","6":"product_cat-ours-en-mohair","7":"product_tag-joseph","8":"product_tag-mohair","10":"first","11":"instock","12":"sold-individually","13":"product-type-simple"},"jetpack_sharing_enabled":true,"_links":{"self":[{"href":"https:\/\/euqini-mod.com\/index.php\/wp-json\/wp\/v2\/product\/982","targetHints":{"allow":["GET"]}}],"collection":[{"href":"https:\/\/euqini-mod.com\/index.php\/wp-json\/wp\/v2\/product"}],"about":[{"href":"https:\/\/euqini-mod.com\/index.php\/wp-json\/wp\/v2\/types\/product"}],"replies":[{"embeddable":true,"href":"https:\/\/euqini-mod.com\/index.php\/wp-json\/wp\/v2\/comments?post=982"}],"wp:featuredmedia":[{"embeddable":true,"href":"https:\/\/euqini-mod.com\/index.php\/wp-json\/wp\/v2\/media\/1601"}],"wp:attachment":[{"href":"https:\/\/euqini-mod.com\/index.php\/wp-json\/wp\/v2\/media?parent=982"}],"wp:term":[{"taxonomy":"product_brand","embeddable":true,"href":"https:\/\/euqini-mod.com\/index.php\/wp-json\/wp\/v2\/product_brand?post=982"},{"taxonomy":"product_cat","embeddable":true,"href":"https:\/\/euqini-mod.com\/index.php\/wp-json\/wp\/v2\/product_cat?post=982"},{"taxonomy":"product_tag","embeddable":true,"href":"https:\/\/euqini-mod.com\/index.php\/wp-json\/wp\/v2\/product_tag?post=982"}],"curies":[{"name":"wp","href":"https:\/\/api.w.org\/{rel}","templated":true}]}}