{"id":985,"date":"2025-06-02T05:27:50","date_gmt":"2025-06-02T03:27:50","guid":{"rendered":"https:\/\/euqini-mod.com\/?post_type=product&#038;p=985"},"modified":"2025-06-04T15:40:17","modified_gmt":"2025-06-04T13:40:17","slug":"collection-auberge-de-lill","status":"publish","type":"product","link":"https:\/\/euqini-mod.com\/index.php\/produit\/collection-auberge-de-lill\/","title":{"rendered":"COLLECTION AUBERGE DE L\u2019ILL"},"content":{"rendered":"<div id=\"content\" class=\"content position-relative page-content colibri-page-content\">\n<div class=\"d-flex h-section h-section-global-spacing position-relative\">\n<div class=\"h-section-grid-container h-section-boxed-container\">\n<div class=\"h-row-container\">\n<div class=\"h-row\">\n<div class=\"h-col\">\n<div id=\"post-732\" class=\"post-732 page type-page status-publish hentry\">\n<div>\n<p>Je suis confectionn\u00e9 dans une fourrure mohair Steiff Schulte beige clair. Mes bras, jambes et t\u00eate sont articul\u00e9s et m\u2019offrent la possibilit\u00e9 de me mettre dans diff\u00e9rentes positions.<\/p>\n<p>Je mesure 33 cm<\/p>\n<p>&nbsp;<\/p>\n<p><strong><u>Mat\u00e9riaux<\/u><\/strong><strong>\u00a0:<\/strong><\/p>\n<ul class=\"wp-block-list\">\n<li>Mohair allemand Steiff schulte couleur beige clair<\/li>\n<li>Yeux en verre<\/li>\n<li>Coussinets, oreilles en mohair<\/li>\n<li>Articulations traditionnelles \u00e0 goupilles fendues dans les bras, les jambes et la t\u00eate<\/li>\n<li>Remplissage : laine de mouton<\/li>\n<li>Museau fil coton noir<\/li>\n<li>Accessoire\u00a0: pantalon , veste et toque de cuisine avec le logo brod\u00e9.<\/li>\n<\/ul>\n<ul class=\"wp-block-list\">\n<li><strong><u>Mis en garde<\/u><\/strong><strong> : <\/strong>\u00a0<strong>Contient des \u00e9l\u00e9ments amovibles susceptibles d\u2019\u00eatre ing\u00e9r\u00e9s. Ne convient pas \u00e0 un enfant de moins de 14 ans pour les cadeaux de naissance il sera mis en d\u00e9coration. Il convient pour les collectionneurs et amateurs de peluches d\u00e9coratives<\/strong><\/li>\n<\/ul>\n<p class=\"has-text-align-center has-colibri-color-5-color has-colibri-color-4-background-color has-text-color has-background has-link-color has-large-font-size wp-elements-c75fbf8cc5b0b4c372bbfb52bc0884d8\">EN VENTE CHEZ NOTRE PARTENAIRE<\/p>\n<div class=\"wp-block-cover aligncenter is-repeated\">\n<div class=\"wp-block-cover__image-background wp-image-470 is-repeated\"><\/div>\n<div class=\"wp-block-cover__inner-container is-layout-flow wp-block-cover-is-layout-flow\">\n<p class=\"has-text-align-center has-colibri-color-5-color has-text-color has-link-color has-large-font-size wp-elements-60b4cbc09df1171d099b383fd22886ad\"><a href=\"https:\/\/www.auberge-de-l-ill.com\/fr\/\"><strong>https:\/\/www.auberge-de-l-ill.com\/fr\/<\/strong><\/a><\/p>\n<p><img loading=\"lazy\" decoding=\"async\" class=\"size-medium wp-image-470 aligncenter\" src=\"http:\/\/euqini-mod.com\/wp-content\/uploads\/2025\/03\/auberge-de-l-ill-300x150.jpg\" alt=\"\" width=\"300\" height=\"150\" srcset=\"https:\/\/euqini-mod.com\/wp-content\/uploads\/2025\/03\/auberge-de-l-ill-300x150.jpg 300w, https:\/\/euqini-mod.com\/wp-content\/uploads\/2025\/03\/auberge-de-l-ill.jpg 318w\" sizes=\"auto, (max-width: 300px) 100vw, 300px\" \/><\/p>\n<\/div>\n<\/div>\n<div class=\"wp-block-image\">\n<figure class=\"alignleft size-full\"><a href=\"https:\/\/euqini-mod.com\/index.php\/ours-en-mohair\/\"><img loading=\"lazy\" decoding=\"async\" class=\"wp-image-639\" src=\"http:\/\/euqini-mod.com\/wp-content\/uploads\/2025\/04\/LOGO-RETOUR-OURS.jpg\" alt=\"\" width=\"158\" height=\"151\" \/><\/a><\/figure>\n<\/div>\n<\/div>\n<\/div>\n<\/div>\n<\/div>\n<\/div>\n<\/div>\n<\/div>\n<\/div>\n<div class=\"page-footer style-62 style-local-144-f1 position-relative\" data-enabled=\"false\" data-colibri-component=\"\" data-colibri-id=\"144-f1\">\n<div id=\"copyright\" class=\"h-section h-section-global-spacing d-flex align-items-lg-center align-items-md-center align-items-center style-63 style-local-144-f2 position-relative\" data-colibri-component=\"section\" data-colibri-id=\"144-f2\">\n<div class=\"h-section-grid-container h-section-boxed-container\">\n<div class=\"h-row-container gutters-row-lg-1 gutters-row-md-1 gutters-row-2 gutters-row-v-lg-1 gutters-row-v-md-1 gutters-row-v-2 style-64 style-local-144-f3 position-relative\" data-colibri-id=\"144-f3\">\n<div class=\"h-row justify-content-lg-center justify-content-md-center justify-content-center align-items-lg-stretch align-items-md-stretch align-items-stretch gutters-col-lg-1 gutters-col-md-1 gutters-col-2 gutters-col-v-lg-1 gutters-col-v-md-1 gutters-col-v-2\">\n<div class=\"h-column h-column-container d-flex h-col-lg-auto h-col-md-auto h-col-auto style-65-outer style-local-144-f4-outer\">\n<div class=\"d-flex h-flex-basis h-column__inner h-px-lg-1 h-px-md-1 h-px-2 v-inner-lg-1 v-inner-md-1 v-inner-2 style-65 style-local-144-f4 position-relative\" data-colibri-id=\"144-f4\">\n<div class=\"w-100 h-y-container h-column__content h-column__v-align flex-basis-100 align-self-lg-start align-self-md-start align-self-start\">\n<div class=\"style-66 style-local-144-f5 position-relative h-element\" data-colibri-id=\"144-f5\">\n<div class=\"h-global-transition-all\"><\/div>\n<\/div>\n<\/div>\n<\/div>\n<\/div>\n<\/div>\n<\/div>\n<\/div>\n<\/div>\n<\/div>\n","protected":false},"excerpt":{"rendered":"<p>Je suis confectionn\u00e9 dans une fourrure mohair Steiff Schulte beige clair. Mes bras, [&hellip;]<\/p>\n","protected":false},"featured_media":733,"comment_status":"open","ping_status":"closed","template":"","meta":[],"product_brand":[],"product_cat":[25],"product_tag":[],"class_list":{"0":"post-985","1":"product","2":"type-product","3":"status-publish","4":"has-post-thumbnail","6":"product_cat-ours-en-mohair","8":"first","9":"instock","10":"sold-individually","11":"product-type-simple"},"jetpack_sharing_enabled":true,"_links":{"self":[{"href":"https:\/\/euqini-mod.com\/index.php\/wp-json\/wp\/v2\/product\/985","targetHints":{"allow":["GET"]}}],"collection":[{"href":"https:\/\/euqini-mod.com\/index.php\/wp-json\/wp\/v2\/product"}],"about":[{"href":"https:\/\/euqini-mod.com\/index.php\/wp-json\/wp\/v2\/types\/product"}],"replies":[{"embeddable":true,"href":"https:\/\/euqini-mod.com\/index.php\/wp-json\/wp\/v2\/comments?post=985"}],"wp:featuredmedia":[{"embeddable":true,"href":"https:\/\/euqini-mod.com\/index.php\/wp-json\/wp\/v2\/media\/733"}],"wp:attachment":[{"href":"https:\/\/euqini-mod.com\/index.php\/wp-json\/wp\/v2\/media?parent=985"}],"wp:term":[{"taxonomy":"product_brand","embeddable":true,"href":"https:\/\/euqini-mod.com\/index.php\/wp-json\/wp\/v2\/product_brand?post=985"},{"taxonomy":"product_cat","embeddable":true,"href":"https:\/\/euqini-mod.com\/index.php\/wp-json\/wp\/v2\/product_cat?post=985"},{"taxonomy":"product_tag","embeddable":true,"href":"https:\/\/euqini-mod.com\/index.php\/wp-json\/wp\/v2\/product_tag?post=985"}],"curies":[{"name":"wp","href":"https:\/\/api.w.org\/{rel}","templated":true}]}}