{"id":988,"date":"2025-06-02T05:37:11","date_gmt":"2025-06-02T03:37:11","guid":{"rendered":"https:\/\/euqini-mod.com\/?post_type=product&#038;p=988"},"modified":"2025-06-04T15:40:16","modified_gmt":"2025-06-04T13:40:16","slug":"le-sac-de-la-couturiere","status":"publish","type":"product","link":"https:\/\/euqini-mod.com\/index.php\/produit\/le-sac-de-la-couturiere\/","title":{"rendered":"LE SAC DE LA COUTURI\u00c8RE"},"content":{"rendered":"<p>Fronc\u00e9, avec int\u00e9rieur doubl\u00e9 d\u2019un coton beige, avec de jolis motifs sur le th\u00e8me de la couture, vous pourrez y mettre vos travaux de couture ou de tricot.<\/p>\n<p>100 % COTON<\/p>\n<p>Dimension : Largeur 43 cm \/ Hauteur 28 cm \/Anse 48 cm<\/p>\n<p><a href=\"https:\/\/euqini-mod.com\/index.php\/nos-sacs\/\"><img loading=\"lazy\" decoding=\"async\" class=\"alignnone wp-image-993\" src=\"http:\/\/euqini-mod.com\/wp-content\/uploads\/2025\/06\/18aaf6_df2ca253fd1e4c8bb5a86c931253bd85mv2-1-300x300.jpg\" alt=\"\" width=\"177\" height=\"177\" srcset=\"https:\/\/euqini-mod.com\/wp-content\/uploads\/2025\/06\/18aaf6_df2ca253fd1e4c8bb5a86c931253bd85mv2-1-300x300.jpg 300w, https:\/\/euqini-mod.com\/wp-content\/uploads\/2025\/06\/18aaf6_df2ca253fd1e4c8bb5a86c931253bd85mv2-1-150x150.jpg 150w, https:\/\/euqini-mod.com\/wp-content\/uploads\/2025\/06\/18aaf6_df2ca253fd1e4c8bb5a86c931253bd85mv2-1-100x100.jpg 100w, https:\/\/euqini-mod.com\/wp-content\/uploads\/2025\/06\/18aaf6_df2ca253fd1e4c8bb5a86c931253bd85mv2-1.jpg 450w\" sizes=\"auto, (max-width: 177px) 100vw, 177px\" \/><\/a><\/p>\n<p>&nbsp;<\/p>\n","protected":false},"excerpt":{"rendered":"<p>Fronc\u00e9, avec int\u00e9rieur doubl\u00e9 d\u2019un coton beige, avec de jolis motifs sur le [&hellip;]<\/p>\n","protected":false},"featured_media":1194,"comment_status":"open","ping_status":"closed","template":"","meta":[],"product_brand":[],"product_cat":[37],"product_tag":[38,39],"class_list":{"0":"post-988","1":"product","2":"type-product","3":"status-publish","4":"has-post-thumbnail","6":"product_cat-sac-tissus","7":"product_tag-sac","8":"product_tag-tissus","10":"first","11":"outofstock","12":"sold-individually","13":"purchasable","14":"product-type-simple"},"jetpack_sharing_enabled":true,"_links":{"self":[{"href":"https:\/\/euqini-mod.com\/index.php\/wp-json\/wp\/v2\/product\/988","targetHints":{"allow":["GET"]}}],"collection":[{"href":"https:\/\/euqini-mod.com\/index.php\/wp-json\/wp\/v2\/product"}],"about":[{"href":"https:\/\/euqini-mod.com\/index.php\/wp-json\/wp\/v2\/types\/product"}],"replies":[{"embeddable":true,"href":"https:\/\/euqini-mod.com\/index.php\/wp-json\/wp\/v2\/comments?post=988"}],"wp:featuredmedia":[{"embeddable":true,"href":"https:\/\/euqini-mod.com\/index.php\/wp-json\/wp\/v2\/media\/1194"}],"wp:attachment":[{"href":"https:\/\/euqini-mod.com\/index.php\/wp-json\/wp\/v2\/media?parent=988"}],"wp:term":[{"taxonomy":"product_brand","embeddable":true,"href":"https:\/\/euqini-mod.com\/index.php\/wp-json\/wp\/v2\/product_brand?post=988"},{"taxonomy":"product_cat","embeddable":true,"href":"https:\/\/euqini-mod.com\/index.php\/wp-json\/wp\/v2\/product_cat?post=988"},{"taxonomy":"product_tag","embeddable":true,"href":"https:\/\/euqini-mod.com\/index.php\/wp-json\/wp\/v2\/product_tag?post=988"}],"curies":[{"name":"wp","href":"https:\/\/api.w.org\/{rel}","templated":true}]}}