{"id":999,"date":"2025-06-02T15:14:33","date_gmt":"2025-06-02T13:14:33","guid":{"rendered":"https:\/\/euqini-mod.com\/?post_type=product&#038;p=999"},"modified":"2025-06-04T15:40:16","modified_gmt":"2025-06-04T13:40:16","slug":"sac-fillette","status":"publish","type":"product","link":"https:\/\/euqini-mod.com\/index.php\/produit\/sac-fillette\/","title":{"rendered":"SAC FILLETTE"},"content":{"rendered":"<p>Petit sac aux couleurs pleines de fra\u00eecheur des petites fleurs mauves sur fond jaune pale. L\u2019int\u00e9rieur doublure coton mauve. Pour emporter le doudou, le gouter, les poup\u00e9es enfin bref le sac \u00e0 tr\u00e9sor des princesses.<\/p>\n<p>Dimension : Largeur 31 cm \/ Hauteur 24 cm \/ Anse 45 cm<\/p>\n","protected":false},"excerpt":{"rendered":"<p>Petit sac aux couleurs pleines de fra\u00eecheur des petites fleurs mauves sur fond [&hellip;]<\/p>\n","protected":false},"featured_media":1193,"comment_status":"open","ping_status":"closed","template":"","meta":[],"product_brand":[],"product_cat":[37],"product_tag":[42,38,39],"class_list":{"0":"post-999","1":"product","2":"type-product","3":"status-publish","4":"has-post-thumbnail","6":"product_cat-sac-tissus","7":"product_tag-filette","8":"product_tag-sac","9":"product_tag-tissus","11":"first","12":"outofstock","13":"sold-individually","14":"purchasable","15":"product-type-simple"},"jetpack_sharing_enabled":true,"_links":{"self":[{"href":"https:\/\/euqini-mod.com\/index.php\/wp-json\/wp\/v2\/product\/999","targetHints":{"allow":["GET"]}}],"collection":[{"href":"https:\/\/euqini-mod.com\/index.php\/wp-json\/wp\/v2\/product"}],"about":[{"href":"https:\/\/euqini-mod.com\/index.php\/wp-json\/wp\/v2\/types\/product"}],"replies":[{"embeddable":true,"href":"https:\/\/euqini-mod.com\/index.php\/wp-json\/wp\/v2\/comments?post=999"}],"wp:featuredmedia":[{"embeddable":true,"href":"https:\/\/euqini-mod.com\/index.php\/wp-json\/wp\/v2\/media\/1193"}],"wp:attachment":[{"href":"https:\/\/euqini-mod.com\/index.php\/wp-json\/wp\/v2\/media?parent=999"}],"wp:term":[{"taxonomy":"product_brand","embeddable":true,"href":"https:\/\/euqini-mod.com\/index.php\/wp-json\/wp\/v2\/product_brand?post=999"},{"taxonomy":"product_cat","embeddable":true,"href":"https:\/\/euqini-mod.com\/index.php\/wp-json\/wp\/v2\/product_cat?post=999"},{"taxonomy":"product_tag","embeddable":true,"href":"https:\/\/euqini-mod.com\/index.php\/wp-json\/wp\/v2\/product_tag?post=999"}],"curies":[{"name":"wp","href":"https:\/\/api.w.org\/{rel}","templated":true}]}}